{"id":2424,"date":"2026-03-06T09:06:05","date_gmt":"2026-03-06T09:06:05","guid":{"rendered":"https:\/\/www.codta.org\/?page_id=2424"},"modified":"2026-04-13T07:41:01","modified_gmt":"2026-04-13T07:41:01","slug":"informacion-economica-presupuestaria-y-estadistica","status":"publish","type":"page","link":"https:\/\/www.codta.org\/index.php\/colegio\/transparencia\/informacion-economica-presupuestaria-y-estadistica\/","title":{"rendered":"Informaci\u00f3n Econ\u00f3mica, Presupuestaria y Estad\u00edstica"},"content":{"rendered":"<p><div class=\"fusion-fullwidth fullwidth-box fusion-builder-row-1 fusion-flex-container has-pattern-background has-mask-background nonhundred-percent-fullwidth non-hundred-percent-height-scrolling\" style=\"--awb-border-radius-top-left:0px;--awb-border-radius-top-right:0px;--awb-border-radius-bottom-right:0px;--awb-border-radius-bottom-left:0px;--awb-padding-top:10px;--awb-padding-bottom:0px;--awb-margin-top:0px;--awb-margin-bottom:0px;--awb-background-color:var(--awb-color5);--awb-flex-wrap:wrap;\" ><div class=\"fusion-builder-row fusion-row fusion-flex-align-items-flex-start fusion-flex-content-wrap\" style=\"max-width:1216.8px;margin-left: calc(-4% \/ 2 );margin-right: calc(-4% \/ 2 );\"><div class=\"fusion-layout-column fusion_builder_column fusion-builder-column-0 fusion_builder_column_1_1 1_1 fusion-flex-column\" style=\"--awb-bg-size:cover;--awb-width-large:100%;--awb-margin-top-large:0px;--awb-spacing-right-large:1.92%;--awb-margin-bottom-large:20px;--awb-spacing-left-large:1.92%;--awb-width-medium:100%;--awb-order-medium:0;--awb-spacing-right-medium:1.92%;--awb-spacing-left-medium:1.92%;--awb-width-small:100%;--awb-order-small:0;--awb-spacing-right-small:1.92%;--awb-spacing-left-small:1.92%;\"><div class=\"fusion-column-wrapper fusion-column-has-shadow fusion-flex-justify-content-flex-start fusion-content-layout-column\"><div class=\"fusion-title title fusion-title-1 fusion-title-center fusion-title-text fusion-title-size-one\" style=\"--awb-text-color:var(--awb-color1);--awb-margin-top-small:0px;--awb-margin-right-small:0px;--awb-margin-bottom-small:20px;--awb-margin-left-small:0px;--awb-font-size:40px;\"><div class=\"title-sep-container title-sep-container-left\"><div class=\"title-sep sep- sep-solid\" style=\"border-color:var(--awb-color3);\"><\/div><\/div><span class=\"awb-title-spacer\"><\/span><h1 class=\"fusion-title-heading title-heading-center\" style=\"margin:0;text-transform:none;font-size:1em;\">Informaci\u00f3n Econ\u00f3mica, Presupuestaria y Estad\u00edstica<\/h1><span class=\"awb-title-spacer\"><\/span><div class=\"title-sep-container title-sep-container-right\"><div class=\"title-sep sep- sep-solid\" style=\"border-color:var(--awb-color3);\"><\/div><\/div><\/div><\/div><\/div><\/div><\/div><div id=\"informacion-economica\" class=\"fusion-container-anchor\"><div class=\"fusion-fullwidth fullwidth-box fusion-builder-row-2 fusion-flex-container has-pattern-background has-mask-background fusion-parallax-none nonhundred-percent-fullwidth non-hundred-percent-height-scrolling lazyload\" style=\"--awb-border-radius-top-left:0px;--awb-border-radius-top-right:0px;--awb-border-radius-bottom-right:0px;--awb-border-radius-bottom-left:0px;--awb-padding-top:31px;--awb-padding-bottom:30px;--awb-background-color:var(--awb-color5);--awb-background-image:linear-gradient(180deg, var(--awb-color1) 0%,var(--awb-color1) 100%);;--awb-background-size:cover;--awb-flex-wrap:wrap;\" data-bg=\"https:\/\/www.codta.org\/wp-content\/uploads\/2025\/12\/unnamed-5.jpg\" data-bg-gradient=\"linear-gradient(180deg, var(--awb-color1) 0%,var(--awb-color1) 100%)\" ><div class=\"fusion-builder-row fusion-row fusion-flex-align-items-flex-start fusion-flex-content-wrap\" style=\"max-width:1216.8px;margin-left: calc(-4% \/ 2 );margin-right: calc(-4% \/ 2 );\"><div class=\"fusion-layout-column fusion_builder_column fusion-builder-column-1 fusion_builder_column_1_1 1_1 fusion-flex-column\" style=\"--awb-bg-size:cover;--awb-width-large:100%;--awb-margin-top-large:0px;--awb-spacing-right-large:1.92%;--awb-margin-bottom-large:20px;--awb-spacing-left-large:1.92%;--awb-width-medium:100%;--awb-order-medium:0;--awb-spacing-right-medium:1.92%;--awb-spacing-left-medium:1.92%;--awb-width-small:100%;--awb-order-small:0;--awb-spacing-right-small:1.92%;--awb-spacing-left-small:1.92%;\"><div class=\"fusion-column-wrapper fusion-column-has-shadow fusion-flex-justify-content-flex-start fusion-content-layout-column\"><nav class=\"fusion-breadcrumbs fusion-breadcrumbs-1\" style=\"--awb-breadcrumb-sep:&#039;\/&#039;;\" aria-label=\"Breadcrumb\"><ol class=\"awb-breadcrumb-list\"><li class=\"fusion-breadcrumb-item awb-breadcrumb-sep awb-home\" ><a href=\"https:\/\/www.codta.org\" class=\"fusion-breadcrumb-link\"><span >Inicio<\/span><\/a><\/li><\/ol><\/nav><\/div><\/div><div class=\"fusion-layout-column fusion_builder_column fusion-builder-column-2 fusion_builder_column_1_1 1_1 fusion-flex-column\" style=\"--awb-bg-size:cover;--awb-transition:filter 300ms ease-in, transform 300ms ease-in, background-color 300ms ease-in, border-color 300ms ease-in;--awb-width-large:100%;--awb-margin-top-large:0px;--awb-spacing-right-large:1.92%;--awb-margin-bottom-large:20px;--awb-spacing-left-large:1.92%;--awb-width-medium:100%;--awb-order-medium:0;--awb-spacing-right-medium:1.92%;--awb-spacing-left-medium:1.92%;--awb-width-small:100%;--awb-order-small:0;--awb-spacing-right-small:1.92%;--awb-spacing-left-small:1.92%;\"><div class=\"fusion-column-wrapper fusion-column-has-shadow fusion-flex-justify-content-flex-start fusion-content-layout-column\"><div class=\"fusion-text fusion-text-1\" style=\"--awb-text-color:var(--awb-color1);\"><p class=\"CDt4Ke zfr3Q\" dir=\"ltr\" style=\"text-align: justify; \"><span style=\"color: var(--awb-color5);\">En cumplimiento de los Estatutos Generales del CODTA y de la Ley 25\/2009, de 22 de diciembre, de modificaci\u00f3n de diversas leyes para su adaptaci\u00f3n a la Ley sobre el libre acceso a las actividades de servicios y su ejercicio, se debe presentar <\/span><span style=\"color: var(--awb-color5);\">Memoria Anual<\/span><strong style=\"color: var(--awb-color5);\"> <\/strong><span style=\"color: var(--awb-color5);\">de este Colegio Profesional, que ha de referirse a las funciones que tiene atribuidas para la consecuci\u00f3n de los fines, asignados en el art\u00edculo 4 de sus Estatutos Generales:<\/span><\/p>\n<p class=\"CDt4Ke zfr3Q\" dir=\"ltr\" style=\"text-align: justify; \"><em><span style=\"color: var(--awb-color5);\">\u00abSon <\/span><\/em><em><span style=\"color: var(--awb-color5);\">fines esenciales<\/span><\/em><em><span style=\"color: var(--awb-color5);\"> del CODTA la ordenaci\u00f3n de la actividad profesional dentro del marco legal vigente y en el \u00e1mbito de sus competencias, la representaci\u00f3n y defensa de la profesi\u00f3n de Delineante y de los intereses profesionales de los colegiados en la Comunidad Aut\u00f3noma de Andaluc\u00eda, la protecci\u00f3n de los intereses de los usuarios de los servicios profesionales de sus colegiados, la ordenaci\u00f3n de la deontolog\u00eda profesional, el ejercicio de la potestad disciplinaria sobre los colegiados y el visado de sus trabajos\u00bb<\/span><\/em><span style=\"color: var(--awb-color5);\">.<\/span><\/p>\n<p class=\"CDt4Ke zfr3Q\" dir=\"ltr\" style=\"text-align: justify; \"><span style=\"color: var(--awb-color5);\">Sus <\/span><span style=\"color: var(--awb-color5);\">funciones<\/span><span style=\"color: var(--awb-color5);\"> se desarrollan a trav\u00e9s del art\u00edculo 5, como Colegio Profesional y como Consejo Auton\u00f3mico, siendo las de <\/span><span style=\"color: var(--awb-color5);\">representaci\u00f3n<\/span><span style=\"color: var(--awb-color5);\">, de <\/span><span style=\"color: var(--awb-color5);\">ordenaci\u00f3n<\/span><span style=\"color: var(--awb-color5);\">, de <\/span><span style=\"color: var(--awb-color5);\">organizaci\u00f3n<\/span><span style=\"color: var(--awb-color5);\">, de <\/span><span style=\"color: var(--awb-color5);\">defensa <\/span><span style=\"color: var(--awb-color5);\">y <\/span><em><span style=\"color: var(--awb-color5);\">\u00abcuantas otras funciones redunden en beneficio de la profesi\u00f3n en general y de la protecci\u00f3n de los intereses de los colegiados y de los clientes o usuarios de sus servicios profesionales, as\u00ed como cualesquiera le encomienden las disposiciones legales\u00bb<\/span><\/em><span style=\"color: var(--awb-color5);\">.<\/span><\/p>\n<p class=\"CDt4Ke zfr3Q\" dir=\"ltr\" style=\"text-align: justify; \"><span style=\"color: var(--awb-color5);\">Con el deber de <\/span><em><span style=\"color: var(--awb-color5);\">\u00abaprobar una Memoria anual sobre las actividades del CODTA que, sin perjuicio de otros aspectos, contemplar\u00e1 necesariamente los siguientes extremos: balance econ\u00f3mico y presupuestario de su gesti\u00f3n, incluyendo los gastos de personal; n\u00famero, sentido y objeto de los visados conferidos; relaci\u00f3n agregada y estad\u00edstica de las actuaciones desarrolladas en materia disciplinaria y de las quejas y reclamaciones recibidas y tramitadas. La referida memoria ser\u00e1 aprobada por la Junta de Gobierno del CODTA antes del 31 de enero del a\u00f1o siguiente al evaluado, y se har\u00e1 p\u00fablica a trav\u00e9s de la p\u00e1gina \u201cweb\u201d del Colegio durante el primer semestre del a\u00f1o siguiente al evaluado\u00bb<\/span><\/em><span style=\"color: var(--awb-color5);\">.<\/span><\/p>\n<\/div><\/div><\/div><div class=\"fusion-layout-column fusion_builder_column fusion-builder-column-3 fusion_builder_column_1_1 1_1 fusion-flex-column\" style=\"--awb-bg-size:cover;--awb-width-large:100%;--awb-margin-top-large:0px;--awb-spacing-right-large:1.92%;--awb-margin-bottom-large:20px;--awb-spacing-left-large:8.832%;--awb-width-medium:100%;--awb-order-medium:0;--awb-spacing-right-medium:1.92%;--awb-spacing-left-medium:1.92%;--awb-width-small:100%;--awb-order-small:0;--awb-spacing-right-small:1.92%;--awb-spacing-left-small:1.92%;\"><div class=\"fusion-column-wrapper fusion-column-has-shadow fusion-flex-justify-content-flex-start fusion-content-layout-column\"><div class=\"accordian fusion-accordian\" style=\"--awb-border-size:1px;--awb-icon-size:13px;--awb-content-font-size:var(--awb-typography3-font-size);--awb-icon-alignment:left;--awb-hover-color:hsla(var(--awb-color6-h),var(--awb-color6-s),calc( var(--awb-color6-l) + 58% ),var(--awb-color6-a));--awb-border-color:hsla(var(--awb-color6-h),var(--awb-color6-s),calc( var(--awb-color6-l) + 40% ),var(--awb-color6-a));--awb-background-color:var(--awb-color1);--awb-divider-color:var(--awb-color8);--awb-divider-hover-color:var(--awb-color3);--awb-icon-color:var(--awb-color1);--awb-title-color:var(--awb-color7);--awb-content-color:var(--awb-color8);--awb-icon-box-color:var(--awb-color7);--awb-toggle-hover-accent-color:var(--awb-color7);--awb-toggle-active-accent-color:var(--awb-color7);--awb-title-font-family:var(--awb-typography3-font-family);--awb-title-font-weight:var(--awb-typography3-font-weight);--awb-title-font-style:var(--awb-typography3-font-style);--awb-title-font-size:var(--awb-typography3-font-size);--awb-content-font-family:var(--awb-typography3-font-family);--awb-content-font-weight:var(--awb-typography3-font-weight);--awb-content-font-style:var(--awb-typography3-font-style);\"><div class=\"panel-group fusion-toggle-icon-boxed\" id=\"accordion-2424-1\"><div class=\"fusion-panel panel-default panel-f94a651d5de1db4c6 fusion-toggle-has-divider\" style=\"--awb-title-color:var(--awb-color8);--awb-content-color:var(--awb-color8);\"><div class=\"panel-heading\"><h4 class=\"panel-title toggle\" id=\"toggle_f94a651d5de1db4c6\"><a aria-expanded=\"false\" aria-controls=\"f94a651d5de1db4c6\" role=\"button\" data-toggle=\"collapse\" data-parent=\"#accordion-2424-1\" data-target=\"#f94a651d5de1db4c6\" href=\"#f94a651d5de1db4c6\"><span class=\"fusion-toggle-icon-wrapper\" aria-hidden=\"true\"><i class=\"fa-fusion-box active-icon awb-icon-minus\" aria-hidden=\"true\"><\/i><i class=\"fa-fusion-box inactive-icon fa-check fas\" aria-hidden=\"true\"><\/i><\/span><span class=\"fusion-toggle-heading\"> MEMORIA DE ACTIVIDADES<\/span><\/a><\/h4><\/div><div id=\"f94a651d5de1db4c6\" class=\"panel-collapse collapse \" aria-labelledby=\"toggle_f94a651d5de1db4c6\"><div class=\"panel-body toggle-content fusion-clearfix\">\n<p class=\"CDt4Ke zfr3Q\" dir=\"ltr\" style=\"text-align: justify; \"><span style=\"font-weight: normal;\"><span style=\"color: var(--awb-color5);\">Contendr\u00e1 desarrollada la siguiente informaci\u00f3n de sus <\/span><span style=\"color: var(--awb-color5);\">funciones <\/span><span style=\"color: var(--awb-color5);\">en el ejercicio:<\/span><\/span><\/p>\n<ul class=\"n8H08c UVNKR\">\n<li class=\"TYR86d zfr3Q\" dir=\"ltr\">\n<p class=\"CDt4Ke zfr3Q\" dir=\"ltr\" style=\"text-align: justify; color: var(--awb-color5);\"><span style=\"font-weight: normal;\">REPRESENTACI\u00d3N.<\/span><\/p>\n<\/li>\n<li class=\"TYR86d zfr3Q\" dir=\"ltr\">\n<p class=\"CDt4Ke zfr3Q\" dir=\"ltr\" style=\"text-align: justify; color: var(--awb-color5);\"><span style=\"font-weight: normal;\">ORDENACI\u00d3N.<\/span><\/p>\n<\/li>\n<li class=\"TYR86d zfr3Q\" dir=\"ltr\">\n<p class=\"CDt4Ke zfr3Q\" dir=\"ltr\" style=\"text-align: justify; color: var(--awb-color5);\"><span style=\"font-weight: normal;\">ORGANIZACI\u00d3N.<\/span><\/p>\n<\/li>\n<li class=\"TYR86d zfr3Q\" dir=\"ltr\">\n<p class=\"CDt4Ke zfr3Q\" dir=\"ltr\" style=\"text-align: justify; color: var(--awb-color5);\"><span style=\"font-weight: normal;\">COORDINACI\u00d3N.<\/span><\/p>\n<\/li>\n<li class=\"TYR86d zfr3Q\" dir=\"ltr\">\n<p class=\"CDt4Ke zfr3Q\" dir=\"ltr\" style=\"text-align: justify; color: var(--awb-color5);\"><span style=\"font-weight: normal;\">OTRAS FUNCIONES.<\/span><\/p>\n<\/li>\n<\/ul>\n<h3 style=\"text-align: justify; color: var(--awb-color5);\">Presupuesto<\/h3>\n<p class=\"CDt4Ke zfr3Q\" dir=\"ltr\" style=\"text-align: justify; color: var(--awb-color5);\"><span style=\"font-weight: normal;\">Contendr\u00e1 desarrollada la siguiente informaci\u00f3n del siguiente ejercicio:<\/span><\/p>\n<ul class=\"n8H08c UVNKR\">\n<li class=\"TYR86d zfr3Q\" dir=\"ltr\">\n<p class=\"CDt4Ke zfr3Q\" dir=\"ltr\" style=\"text-align: justify; color: var(--awb-color5);\"><span style=\"font-weight: normal;\">SALDO DISPONIBLE.<\/span><\/p>\n<\/li>\n<li class=\"TYR86d zfr3Q\" dir=\"ltr\">\n<p class=\"CDt4Ke zfr3Q\" dir=\"ltr\" style=\"text-align: justify; color: var(--awb-color5);\"><span style=\"font-weight: normal;\">FONDO DE RESERVA.<\/span><\/p>\n<\/li>\n<li class=\"TYR86d zfr3Q\" dir=\"ltr\">\n<p class=\"CDt4Ke zfr3Q\" dir=\"ltr\" style=\"text-align: justify; color: var(--awb-color5);\"><span style=\"font-weight: normal;\">PREVISI\u00d3N DE INGRESOS.<\/span><\/p>\n<\/li>\n<li class=\"TYR86d zfr3Q\" dir=\"ltr\">\n<p class=\"CDt4Ke zfr3Q\" dir=\"ltr\" style=\"text-align: justify; color: var(--awb-color5);\"><span style=\"font-weight: normal;\">PREVISI\u00d3N DE GASTOS.<\/span><\/p>\n<\/li>\n<\/ul>\n<\/div><\/div><\/div><\/div><\/div><\/div><\/div><div class=\"fusion-layout-column fusion_builder_column fusion-builder-column-4 fusion_builder_column_1_1 1_1 fusion-flex-column\" style=\"--awb-bg-size:cover;--awb-width-large:100%;--awb-margin-top-large:0px;--awb-spacing-right-large:1.92%;--awb-margin-bottom-large:20px;--awb-spacing-left-large:8.832%;--awb-width-medium:100%;--awb-order-medium:0;--awb-spacing-right-medium:1.92%;--awb-spacing-left-medium:1.92%;--awb-width-small:100%;--awb-order-small:0;--awb-spacing-right-small:1.92%;--awb-spacing-left-small:1.92%;\"><div class=\"fusion-column-wrapper fusion-column-has-shadow fusion-flex-justify-content-flex-start fusion-content-layout-column\"><div class=\"accordian fusion-accordian\" style=\"--awb-border-size:1px;--awb-icon-size:13px;--awb-content-font-size:var(--awb-typography3-font-size);--awb-icon-alignment:left;--awb-hover-color:hsla(var(--awb-color6-h),var(--awb-color6-s),calc( var(--awb-color6-l) + 58% ),var(--awb-color6-a));--awb-border-color:hsla(var(--awb-color6-h),var(--awb-color6-s),calc( var(--awb-color6-l) + 40% ),var(--awb-color6-a));--awb-background-color:var(--awb-color1);--awb-divider-color:var(--awb-color8);--awb-divider-hover-color:var(--awb-color3);--awb-icon-color:var(--awb-color1);--awb-title-color:var(--awb-color8);--awb-content-color:var(--awb-color1);--awb-icon-box-color:var(--awb-color7);--awb-toggle-hover-accent-color:#3b4251;--awb-toggle-active-accent-color:var(--awb-color7);--awb-title-font-family:var(--awb-typography3-font-family);--awb-title-font-weight:var(--awb-typography3-font-weight);--awb-title-font-style:var(--awb-typography3-font-style);--awb-title-font-size:var(--awb-typography3-font-size);--awb-content-font-family:var(--awb-typography3-font-family);--awb-content-font-weight:var(--awb-typography3-font-weight);--awb-content-font-style:var(--awb-typography3-font-style);\"><div class=\"panel-group fusion-toggle-icon-boxed\" id=\"accordion-2424-2\"><div class=\"fusion-panel panel-default panel-a5479479b41d3b63c fusion-toggle-has-divider\" style=\"--awb-content-color:var(--awb-color8);\"><div class=\"panel-heading\"><h4 class=\"panel-title toggle\" id=\"toggle_a5479479b41d3b63c\"><a aria-expanded=\"false\" aria-controls=\"a5479479b41d3b63c\" role=\"button\" data-toggle=\"collapse\" data-parent=\"#accordion-2424-2\" data-target=\"#a5479479b41d3b63c\" href=\"#a5479479b41d3b63c\"><span class=\"fusion-toggle-icon-wrapper\" aria-hidden=\"true\"><i class=\"fa-fusion-box active-icon awb-icon-minus\" aria-hidden=\"true\"><\/i><i class=\"fa-fusion-box inactive-icon fa-check fas\" aria-hidden=\"true\"><\/i><\/span><span class=\"fusion-toggle-heading\"> MEMORIA DE GESTI\u00d3N ECON\u00d3MICA<\/span><\/a><\/h4><\/div><div id=\"a5479479b41d3b63c\" class=\"panel-collapse collapse \" aria-labelledby=\"toggle_a5479479b41d3b63c\"><div class=\"panel-body toggle-content fusion-clearfix\">\n<p class=\"CDt4Ke zfr3Q\" dir=\"ltr\" style=\"text-align: justify; color: var(--awb-color5);\">Contendr\u00e1 desarrollada la siguiente informaci\u00f3n del ejercicio:<\/p>\n<ul class=\"n8H08c UVNKR\">\n<li class=\"TYR86d zfr3Q\" dir=\"ltr\">\n<p class=\"CDt4Ke zfr3Q\" dir=\"ltr\" style=\"text-align: justify; color: var(--awb-color5);\"><span style=\"font-weight: normal;\">BALANCE ECON\u00d3MICO.<\/span><\/p>\n<\/li>\n<li class=\"TYR86d zfr3Q\" dir=\"ltr\">\n<p class=\"CDt4Ke zfr3Q\" dir=\"ltr\" style=\"text-align: justify; color: var(--awb-color5);\"><span style=\"font-weight: normal;\">GASTOS DE PERSONAL.<\/span><\/p>\n<\/li>\n<li class=\"TYR86d zfr3Q\" dir=\"ltr\">\n<p class=\"CDt4Ke zfr3Q\" dir=\"ltr\" style=\"text-align: justify; color: var(--awb-color5);\"><span style=\"font-weight: normal;\">GASTOS DE CARGOS REPRESENTATIVOS.<\/span><\/p>\n<\/li>\n<li class=\"TYR86d zfr3Q\" dir=\"ltr\">\n<p class=\"CDt4Ke zfr3Q\" dir=\"ltr\" style=\"text-align: justify; color: var(--awb-color5);\"><span style=\"font-weight: normal;\">CUOTAS.<\/span><\/p>\n<\/li>\n<li class=\"TYR86d zfr3Q\" dir=\"ltr\">\n<p class=\"CDt4Ke zfr3Q\" dir=\"ltr\" style=\"text-align: justify; color: var(--awb-color5);\"><span style=\"font-weight: normal;\">PROCEDIMIENTOS SANCIONADORES.<\/span><\/p>\n<\/li>\n<li class=\"TYR86d zfr3Q\" dir=\"ltr\">\n<p class=\"CDt4Ke zfr3Q\" dir=\"ltr\" style=\"text-align: justify; color: var(--awb-color5);\"><span style=\"font-weight: normal;\">QUEJAS, RECLAMACIONES Y RECURSOS.<\/span><\/p>\n<\/li>\n<li class=\"TYR86d zfr3Q\" dir=\"ltr\">\n<p class=\"CDt4Ke zfr3Q\" dir=\"ltr\" style=\"text-align: justify; color: var(--awb-color5);\"><span style=\"font-weight: normal;\">INFORMACI\u00d3N ESTAD\u00cdSTICA DE COLEGIACI\u00d3N.<\/span><\/p>\n<\/li>\n<li class=\"TYR86d zfr3Q\" dir=\"ltr\">\n<p class=\"CDt4Ke zfr3Q\" dir=\"ltr\" style=\"text-align: justify; color: var(--awb-color5);\"><span style=\"font-weight: normal;\">INFORMACI\u00d3N ESTAD\u00cdSTICA DE VISADO COLEGIAL.<\/span><\/p>\n<\/li>\n<\/ul>\n<\/div><\/div><\/div><\/div><\/div><\/div><\/div><div class=\"fusion-layout-column fusion_builder_column fusion-builder-column-5 fusion_builder_column_1_2 1_2 fusion-flex-column\" style=\"--awb-overflow:hidden;--awb-bg-color:var(--awb-color2);--awb-bg-color-hover:var(--awb-color2);--awb-bg-size:cover;--awb-border-color:var(--awb-color8);--awb-border-top:5px;--awb-border-style:solid;--awb-border-radius:8px 8px 8px 8px;--awb-width-large:50%;--awb-margin-top-large:0px;--awb-spacing-right-large:0%;--awb-margin-bottom-large:20px;--awb-spacing-left-large:16.704%;--awb-width-medium:100%;--awb-order-medium:0;--awb-spacing-right-medium:1.92%;--awb-spacing-left-medium:1.92%;--awb-width-small:100%;--awb-order-small:0;--awb-spacing-right-small:1.92%;--awb-spacing-left-small:1.92%;\"><div class=\"fusion-column-wrapper fusion-column-has-shadow fusion-flex-justify-content-flex-start fusion-content-layout-column\"><div class=\"fusion-title title fusion-title-2 fusion-title-center fusion-title-text fusion-title-size-three\" style=\"--awb-margin-top-small:0px;--awb-margin-right-small:0px;--awb-margin-bottom-small:20px;--awb-margin-left-small:0px;\"><div class=\"title-sep-container title-sep-container-left\"><div class=\"title-sep sep- sep-solid\" style=\"border-color:var(--awb-color3);\"><\/div><\/div><span class=\"awb-title-spacer\"><\/span><h3 class=\"fusion-title-heading title-heading-center\" style=\"margin:0;text-transform:uppercase;\">Acceso a la informaci\u00f3n<\/h3><span class=\"awb-title-spacer\"><\/span><div class=\"title-sep-container title-sep-container-right\"><div class=\"title-sep sep- sep-solid\" style=\"border-color:var(--awb-color3);\"><\/div><\/div><\/div><iframe id=\"pageswitcher-content\" frameborder=\"0\" marginheight=\"0\" marginwidth=\"0\" src=\"https:\/\/docs.google.com\/spreadsheets\/u\/0\/d\/1pkjeWwzUrGfnxtOdDcwTIq5eKHfoOJWmMHvZJ8VvQqw\/htmlembed\/sheet?headers=false&gid=0\" style=\"display: block; width: 100%; height: 100%;\"><\/iframe><\/div><\/div><\/div><\/div><\/div><\/p>\n","protected":false},"excerpt":{"rendered":"","protected":false},"author":1,"featured_media":0,"parent":1620,"menu_order":0,"comment_status":"open","ping_status":"open","template":"100-width.php","meta":{"footnotes":""},"class_list":["post-2424","page","type-page","status-publish","hentry"],"_links":{"self":[{"href":"https:\/\/www.codta.org\/index.php\/wp-json\/wp\/v2\/pages\/2424","targetHints":{"allow":["GET"]}}],"collection":[{"href":"https:\/\/www.codta.org\/index.php\/wp-json\/wp\/v2\/pages"}],"about":[{"href":"https:\/\/www.codta.org\/index.php\/wp-json\/wp\/v2\/types\/page"}],"author":[{"embeddable":true,"href":"https:\/\/www.codta.org\/index.php\/wp-json\/wp\/v2\/users\/1"}],"replies":[{"embeddable":true,"href":"https:\/\/www.codta.org\/index.php\/wp-json\/wp\/v2\/comments?post=2424"}],"version-history":[{"count":9,"href":"https:\/\/www.codta.org\/index.php\/wp-json\/wp\/v2\/pages\/2424\/revisions"}],"predecessor-version":[{"id":2757,"href":"https:\/\/www.codta.org\/index.php\/wp-json\/wp\/v2\/pages\/2424\/revisions\/2757"}],"up":[{"embeddable":true,"href":"https:\/\/www.codta.org\/index.php\/wp-json\/wp\/v2\/pages\/1620"}],"wp:attachment":[{"href":"https:\/\/www.codta.org\/index.php\/wp-json\/wp\/v2\/media?parent=2424"}],"curies":[{"name":"wp","href":"https:\/\/api.w.org\/{rel}","templated":true}]}}