{"id":2403,"date":"2026-03-06T08:03:12","date_gmt":"2026-03-06T08:03:12","guid":{"rendered":"https:\/\/www.codta.org\/?page_id=2403"},"modified":"2026-04-12T19:24:40","modified_gmt":"2026-04-12T19:24:40","slug":"ventanilla-unica","status":"publish","type":"page","link":"https:\/\/www.codta.org\/index.php\/ventanilla-unica\/","title":{"rendered":"Ventanilla \u00danica"},"content":{"rendered":"<p><div class=\"fusion-fullwidth fullwidth-box fusion-builder-row-1 fusion-flex-container has-pattern-background has-mask-background nonhundred-percent-fullwidth non-hundred-percent-height-scrolling\" style=\"--awb-border-radius-top-left:0px;--awb-border-radius-top-right:0px;--awb-border-radius-bottom-right:0px;--awb-border-radius-bottom-left:0px;--awb-padding-top:10px;--awb-padding-bottom:0px;--awb-margin-top:0px;--awb-margin-bottom:0px;--awb-background-color:var(--awb-color5);--awb-flex-wrap:wrap;\" ><div class=\"fusion-builder-row fusion-row fusion-flex-align-items-flex-start fusion-flex-content-wrap\" style=\"max-width:1216.8px;margin-left: calc(-4% \/ 2 );margin-right: calc(-4% \/ 2 );\"><div class=\"fusion-layout-column fusion_builder_column fusion-builder-column-0 fusion_builder_column_1_1 1_1 fusion-flex-column\" style=\"--awb-bg-size:cover;--awb-width-large:100%;--awb-margin-top-large:0px;--awb-spacing-right-large:1.92%;--awb-margin-bottom-large:20px;--awb-spacing-left-large:1.92%;--awb-width-medium:100%;--awb-order-medium:0;--awb-spacing-right-medium:1.92%;--awb-spacing-left-medium:1.92%;--awb-width-small:100%;--awb-order-small:0;--awb-spacing-right-small:1.92%;--awb-spacing-left-small:1.92%;\"><div class=\"fusion-column-wrapper fusion-column-has-shadow fusion-flex-justify-content-flex-start fusion-content-layout-column\"><div class=\"fusion-title title fusion-title-1 fusion-title-center fusion-title-text fusion-title-size-one\" style=\"--awb-text-color:var(--awb-color1);--awb-margin-top-small:0px;--awb-margin-right-small:0px;--awb-margin-bottom-small:20px;--awb-margin-left-small:0px;--awb-font-size:40px;\"><div class=\"title-sep-container title-sep-container-left\"><div class=\"title-sep sep- sep-solid\" style=\"border-color:var(--awb-color3);\"><\/div><\/div><span class=\"awb-title-spacer\"><\/span><h1 class=\"fusion-title-heading title-heading-center\" style=\"margin:0;text-transform:uppercase;font-size:1em;\">Ventanilla \u00danica<\/h1><span class=\"awb-title-spacer\"><\/span><div class=\"title-sep-container title-sep-container-right\"><div class=\"title-sep sep- sep-solid\" style=\"border-color:var(--awb-color3);\"><\/div><\/div><\/div><\/div><\/div><\/div><\/div><div class=\"fusion-fullwidth fullwidth-box fusion-builder-row-2 fusion-flex-container nonhundred-percent-fullwidth non-hundred-percent-height-scrolling\" style=\"--awb-background-position:left top;--awb-border-sizes-top:0px;--awb-border-sizes-bottom:0px;--awb-border-sizes-left:0px;--awb-border-sizes-right:0px;--awb-border-radius-top-left:0px;--awb-border-radius-top-right:0px;--awb-border-radius-bottom-right:0px;--awb-border-radius-bottom-left:0px;--awb-padding-top:110px;--awb-padding-bottom:80px;--awb-padding-top-medium:72px;--awb-padding-bottom-medium:60px;--awb-padding-bottom-small:48px;--awb-flex-wrap:wrap;\" ><div class=\"fusion-builder-row fusion-row fusion-flex-align-items-flex-start fusion-flex-content-wrap\" style=\"max-width:1216.8px;margin-left: calc(-4% \/ 2 );margin-right: calc(-4% \/ 2 );\"><div class=\"fusion-layout-column fusion_builder_column fusion-builder-column-1 fusion_builder_column_1_1 1_1 fusion-flex-column\" style=\"--awb-bg-size:cover;--awb-width-large:100%;--awb-margin-top-large:0px;--awb-spacing-right-large:1.92%;--awb-margin-bottom-large:20px;--awb-spacing-left-large:1.92%;--awb-width-medium:100%;--awb-order-medium:0;--awb-spacing-right-medium:1.92%;--awb-spacing-left-medium:1.92%;--awb-width-small:100%;--awb-order-small:0;--awb-spacing-right-small:1.92%;--awb-spacing-left-small:1.92%;\"><div class=\"fusion-column-wrapper fusion-column-has-shadow fusion-flex-justify-content-flex-start fusion-content-layout-column\"><nav class=\"fusion-breadcrumbs fusion-breadcrumbs-1\" style=\"--awb-breadcrumb-sep:&#039;\/&#039;;\" aria-label=\"Breadcrumb\"><ol class=\"awb-breadcrumb-list\"><li class=\"fusion-breadcrumb-item awb-breadcrumb-sep awb-home\" ><a href=\"https:\/\/www.codta.org\" class=\"fusion-breadcrumb-link\"><span >Inicio<\/span><\/a><\/li><\/ol><\/nav><div class=\"fusion-text fusion-text-1\"><p style=\"text-align: justify; color: var(--awb-color5);\"><span style=\"color: var(--awb-color5);\">A trav\u00e9s de esta web, el CODTA pone en marcha <span>una <\/span><\/span><b style=\"\">Ventanilla Electr\u00f3nica \u00danica (VEU-CODTA)<\/b><span style=\"color: var(--awb-color5);\"><span>, do<\/span>nde los profesionales puedan realizar todos los tr\u00e1mites necesarios para la colegiaci\u00f3n, su ejercicio y su baja en el CODTA, a trav\u00e9s de un \u00fanico punto, por v\u00eda electr\u00f3nica y a distancia. De forma gratuita se podr\u00e1 obtener toda la informaci\u00f3n y formularios necesarios para el acceso a la profesi\u00f3n y su ejercicio, presentar toda la documentaci\u00f3n necesaria, as\u00ed como conocer el estado de tramitaci\u00f3n de los procedimientos, especialmente de los trabajos que se presenten para su visado.<\/span><\/p>\n<p style=\"text-align: justify; color: var(--awb-color5);\">Tambi\u00e9n a trav\u00e9s de esta ventanilla y para la mejor defensa de los derechos de los consumidores y usuarios, el CODTA permitir\u00e1 el acceso a los registros de colegiados, sociedades profesionales, adem\u00e1s de las v\u00edas de reclamaci\u00f3n y los recursos que podr\u00e1n interponerse en caso de conflicto entre el consumidor o usuario y un colegiado, adem\u00e1s de los datos de las asociaciones u organizaciones de consumidores y usuarios.<\/p>\n<p style=\"text-align: justify; color: var(--awb-color5);\"><b style=\"background-color: rgba(0, 0, 0, 0); color: var(--awb-color5);\">SERVICIOS PARA COLEGIADOS<\/b><\/p>\n<p style=\"text-align: justify; color: var(--awb-color5);\">Los profesionales podr\u00e1n realizar todos los tr\u00e1mites necesarios para la colegiaci\u00f3n y su ejercicio, as\u00ed como su baja en el Colegio por v\u00eda electr\u00f3nica y a distancia. Tan s\u00f3lo tiene que pinchar en el apartado correspondiente de esta misma web.<\/p>\n<p style=\"text-align: justify; color: var(--awb-color5);\"><b>Los profesionales podr\u00e1n de forma gratuita:<\/b><\/p>\n<p style=\"text-align: justify; color: var(--awb-color5);\"><b>a)<\/b> Obtener toda la informaci\u00f3n y formularios necesarios para el acceso a la actividad profesional y su ejercicio.<\/p>\n<p style=\"text-align: justify; color: var(--awb-color5);\"><b>b)<\/b> Presentar toda la documentaci\u00f3n y solicitudes necesarias, incluyendo la de la colegiaci\u00f3n.<\/p>\n<p style=\"text-align: justify; color: var(--awb-color5);\"><b>c)<\/b> Conocer el estado de la tramitaci\u00f3n de los procedimientos en los que tenga consideraci\u00f3n de interesado y recibir la correspondiente notificaci\u00f3n de los actos de tr\u00e1mite preceptivos y la resoluci\u00f3n de los mismos<\/p>\n<p style=\"text-align: justify; color: var(--awb-color5);\"><b>d)<\/b> Convocar a los colegiados a las Asambleas Generales Ordinarias y Extraordinarias y poner en su conocimiento la actividad p\u00fablica y privada del Colegio.<\/p>\n<p style=\"color: var(--awb-color5);\">\n<p style=\"text-align: justify; \"><b style=\"color: var(--awb-color5);\">Tr\u00e1mites para colegiados:<\/b><\/p>\n<p style=\"text-align: justify; \"><b style=\"color: var(--awb-color5);\">Nueva Colegiaci\u00f3n<\/b><\/p>\n<p style=\"text-align: justify; color: var(--awb-color5);\">\u2013 Domiciliaci\u00f3n bancaria<\/p>\n<p style=\"text-align: justify; color: var(--awb-color5);\"><span style=\"background-color: rgba(0, 0, 0, 0); color: var(--awb-color5);\">\u2013 Solicitud de colegiaci\u00f3n<\/span><\/p>\n<p style=\"text-align: justify; color: var(--awb-color5);\">\u2013 Aportaci\u00f3n de los documentos necesarios para su colegiaci\u00f3n.<span style=\"background-color: rgba(0, 0, 0, 0); color: var(--awb-color5);\"><\/span><\/p>\n<p style=\"text-align: justify; \"><b style=\"color: var(--awb-color5);\">SERVICIO PARA CONSUMIDORES<\/b><\/p>\n<p style=\"text-align: justify; color: var(--awb-color5);\">Para la mejor defensa de los derechos de los consumidores y usuarios, se ofrece la siguiente informaci\u00f3n por medio de los distintos FORMULARIOS que se facilitan en esta web.<\/p>\n<p style=\"text-align: justify; color: var(--awb-color5);\"><b>a)<\/b> Acceso al registro de colegiados, que est\u00e1 permanentemente actualizado y en el que constan los siguientes datos: nombre y apellidos, provincia, titulaci\u00f3n y situaci\u00f3n colegial.<\/p>\n<p style=\"text-align: justify; color: var(--awb-color5);\"><b>b)<\/b> Acceso al registro de sociedades profesionales<\/p>\n<p style=\"text-align: justify; color: var(--awb-color5);\"><b>c)<\/b> Conocer las v\u00edas de reclamaci\u00f3n y los recursos que podr\u00e1n interponerse en caso de conflicto entre el consumidor o usuario y un colegiado.<\/p>\n<p style=\"text-align: justify; color: var(--awb-color5);\"><b>d)<\/b> Conocer los datos de las asociaciones u organizaciones de consumidores y usuarios a las que podr\u00e1n dirigirse para obtener asistencia.<\/p>\n<p style=\"text-align: justify; color: var(--awb-color5);\"><b>e)<\/b> El contenido del c\u00f3digo deontol\u00f3gico que lo puede consultar en esta web<\/p>\n<p style=\"color: var(--awb-color5);\">\n<p style=\"text-align: justify; \"><b style=\"color: var(--awb-color5);\">Tr\u00e1mites para consumidores:<\/b><\/p>\n<p style=\"text-align: justify; color: var(--awb-color5);\"><b style=\"color: var(--awb-color5);\">1.<\/b> Para interponer una reclamaci\u00f3n contra un colegiado, debe comprobar primero que la persona contra la que va a interponer dicha queja, est\u00e1 debidamente colegiado. Puede comprobarlo a trav\u00e9s del directorio de colegiados que este Colegio pone a disposici\u00f3n de todos los interesados en el apartado dedicado a ello.<\/p>\n<p style=\"text-align: justify; color: var(--awb-color5);\"><b style=\"color: var(--awb-color5);\">2.<\/b> Una vez haya comprobado la colegiaci\u00f3n, deber\u00e1 cumplimentar el impreso\/formulario correspondiente con todos los datos que se solicitan. Una vez cumplimentado debe enviarlo bien mediante su registro en esta plataforma o enviarlo digitalizado para remitirlo a nuestro correo electr\u00f3nico: ventanillaunica@codta.org para hacer efectiva la tramitaci\u00f3n.<\/p>\n<p style=\"text-align: justify; color: var(--awb-color5);\"><b style=\"color: rgb(0, 67, 19);\">3.<\/b> Una vez se reciba en este Colegio Profesional y tras el oportuno registro de entrada, se le enviar\u00e1 una copia del mismo con el registro asignado a la direcci\u00f3n electr\u00f3nica consignada en el impreso y de esta forma poder conocer el estado de la tramitaci\u00f3n en cualquier momento sobre la instrucci\u00f3n del expediente.<\/p>\n<p style=\"text-align: justify; color: var(--awb-color5);\"><b style=\"color: var(--awb-color5);\">4.<\/b> Reclamaci\u00f3n ante el Consejo de un colegiado tras agotar la v\u00eda administrativa en el colegio correspondiente.<\/p>\n<p style=\"text-align: justify; \"><b style=\"color: var(--awb-color5);\">LEY OMNIBUS<\/b><\/p>\n<p style=\"text-align: justify; color: var(--awb-color5);\">La ley 25\/2009, de 22 de diciembre, de modificaci\u00f3n de diversas leyes para su adaptaci\u00f3n a la Ley sobre el libre acceso a las actividades de servicios y su ejercicio, en su exposici\u00f3n de motivos indica que la ley 17\/2009, de 23 de noviembre, sobre el libre acceso a las actividades de servicios y su ejercicio, ha incorporado, parcialmente, al Derecho espa\u00f1ol, la directiva 2006\/123\/CE del Parlamento Europeo y del Consejo, de 12 de diciembre de 2006, relativa a los servicios en el mercado interior, pero la Memoria justificativa del Proyecto de Ley ya indicaba que la Directiva de Servicios es una de las piezas fundamentales de la estrategia comunitaria de impulso econ\u00f3mico y de consolidaci\u00f3n del mercado interior que se han instrumentado en el contexto de la agenda de Lisboa, y que el Proyecto de Ley sobre el libre acceso a las actividades de servicios y su ejercicio consolida los principios regulatorios compatibles con las libertades b\u00e1sicas de establecimiento y de libre prestaci\u00f3n de servicios, y al mismo tiempo permite suprimir las barreras y reducir las trabas que restringen injustificadamente el acceso y ejercicio de actividades de servicios.<\/p>\n<p style=\"text-align: justify; color: var(--awb-color5);\">Sobre la modificaci\u00f3n de la ya lejana ley 2\/1974, de 13 de febrero, sobre Colegios Profesionales, esta memoria se\u00f1alaba que la propuesta consist\u00eda en una modificaci\u00f3n parcial de la vigente Ley sobre Colegios Profesionales, norma preconstitucional y que ya hab\u00eda sido reformada en varias ocasiones con distintas finalidades, y que nunca ha tenido desarrollo reglamentario, ni se prev\u00e9 el mismo despu\u00e9s de la reforma. Respecto al apartado doce de la reforma de la Ley de Colegios Profesionales, la memoria s\u00f3lo menciona que se introduce un nuevo art\u00edculo para establecer la obligaci\u00f3n de que los Colegios cuenten con un servicio de atenci\u00f3n a los usuarios y a los colegiados, con obligaci\u00f3n de resolver sus quejas o tramitarlas, seg\u00fan corresponda.<\/p>\n<p style=\"text-align: justify; color: var(--awb-color5);\">Se refuerza la normativa de defensa de los consumidores y usuarios en materia de reclamaciones y se adaptan diversas disposiciones sobre aspectos b\u00e1sicos de la regulaci\u00f3n en materia de servicios profesionales, principalmente en lo que concierne a los Colegios Profesionales.<\/p>\n<p style=\"text-align: justify; color: var(--awb-color5);\">A partir de aqu\u00ed este Colegio dispone del servicio de atenci\u00f3n a consumidores o usuarios y a los colegiados, donde se resolver\u00e1n y tramitar\u00e1n cuantas quejas y reclamaciones referidas a la actividad colegial o profesional de los colegiados, que se presenten por cualquier consumidor o usuario que contrate los servicios profesionales, as\u00ed como por asociaciones y organizaciones de consumidores y usuarios en su representaci\u00f3n o en defensa de sus intereses. El CODTA a trav\u00e9s de este servicio, resolver\u00e1 sobre la queja o reclamaci\u00f3n seg\u00fan proceda.<\/p>\n<\/div><\/div><\/div><\/div><\/div><\/p>\n","protected":false},"excerpt":{"rendered":"","protected":false},"author":1,"featured_media":0,"parent":0,"menu_order":0,"comment_status":"open","ping_status":"open","template":"100-width.php","meta":{"footnotes":""},"class_list":["post-2403","page","type-page","status-publish","hentry"],"_links":{"self":[{"href":"https:\/\/www.codta.org\/index.php\/wp-json\/wp\/v2\/pages\/2403","targetHints":{"allow":["GET"]}}],"collection":[{"href":"https:\/\/www.codta.org\/index.php\/wp-json\/wp\/v2\/pages"}],"about":[{"href":"https:\/\/www.codta.org\/index.php\/wp-json\/wp\/v2\/types\/page"}],"author":[{"embeddable":true,"href":"https:\/\/www.codta.org\/index.php\/wp-json\/wp\/v2\/users\/1"}],"replies":[{"embeddable":true,"href":"https:\/\/www.codta.org\/index.php\/wp-json\/wp\/v2\/comments?post=2403"}],"version-history":[{"count":7,"href":"https:\/\/www.codta.org\/index.php\/wp-json\/wp\/v2\/pages\/2403\/revisions"}],"predecessor-version":[{"id":2699,"href":"https:\/\/www.codta.org\/index.php\/wp-json\/wp\/v2\/pages\/2403\/revisions\/2699"}],"wp:attachment":[{"href":"https:\/\/www.codta.org\/index.php\/wp-json\/wp\/v2\/media?parent=2403"}],"curies":[{"name":"wp","href":"https:\/\/api.w.org\/{rel}","templated":true}]}}