{"id":2398,"date":"2026-03-06T08:01:27","date_gmt":"2026-03-06T08:01:27","guid":{"rendered":"https:\/\/www.codta.org\/?page_id=2398"},"modified":"2026-04-11T19:03:42","modified_gmt":"2026-04-11T19:03:42","slug":"enlaces-de-interes","status":"publish","type":"page","link":"https:\/\/www.codta.org\/index.php\/servicios\/enlaces-de-interes\/","title":{"rendered":"Enlaces de inter\u00e9s"},"content":{"rendered":"<p><div class=\"fusion-fullwidth fullwidth-box fusion-builder-row-1 fusion-flex-container has-pattern-background has-mask-background nonhundred-percent-fullwidth non-hundred-percent-height-scrolling\" style=\"--awb-border-radius-top-left:0px;--awb-border-radius-top-right:0px;--awb-border-radius-bottom-right:0px;--awb-border-radius-bottom-left:0px;--awb-padding-top:10px;--awb-padding-bottom:0px;--awb-margin-top:0px;--awb-margin-bottom:0px;--awb-background-color:var(--awb-color5);--awb-flex-wrap:wrap;\" ><div class=\"fusion-builder-row fusion-row fusion-flex-align-items-flex-start fusion-flex-content-wrap\" style=\"max-width:1216.8px;margin-left: calc(-4% \/ 2 );margin-right: calc(-4% \/ 2 );\"><div class=\"fusion-layout-column fusion_builder_column fusion-builder-column-0 fusion_builder_column_1_1 1_1 fusion-flex-column\" style=\"--awb-bg-size:cover;--awb-width-large:100%;--awb-margin-top-large:0px;--awb-spacing-right-large:1.92%;--awb-margin-bottom-large:20px;--awb-spacing-left-large:1.92%;--awb-width-medium:100%;--awb-order-medium:0;--awb-spacing-right-medium:1.92%;--awb-spacing-left-medium:1.92%;--awb-width-small:100%;--awb-order-small:0;--awb-spacing-right-small:1.92%;--awb-spacing-left-small:1.92%;\"><div class=\"fusion-column-wrapper fusion-column-has-shadow fusion-flex-justify-content-flex-start fusion-content-layout-column\"><div class=\"fusion-title title fusion-title-1 fusion-title-center fusion-title-text fusion-title-size-one\" style=\"--awb-text-color:var(--awb-color1);--awb-margin-top-small:0px;--awb-margin-right-small:0px;--awb-margin-bottom-small:20px;--awb-margin-left-small:0px;--awb-font-size:40px;\"><div class=\"title-sep-container title-sep-container-left\"><div class=\"title-sep sep- sep-solid\" style=\"border-color:var(--awb-color3);\"><\/div><\/div><span class=\"awb-title-spacer\"><\/span><h1 class=\"fusion-title-heading title-heading-center\" style=\"margin:0;text-transform:uppercase;font-size:1em;\">Enlaces de Inter\u00e9s<\/h1><span class=\"awb-title-spacer\"><\/span><div class=\"title-sep-container title-sep-container-right\"><div class=\"title-sep sep- sep-solid\" style=\"border-color:var(--awb-color3);\"><\/div><\/div><\/div><\/div><\/div><\/div><\/div><div class=\"fusion-fullwidth fullwidth-box fusion-builder-row-2 fusion-flex-container nonhundred-percent-fullwidth non-hundred-percent-height-scrolling\" style=\"--awb-background-position:left top;--awb-border-sizes-top:0px;--awb-border-sizes-bottom:0px;--awb-border-sizes-left:0px;--awb-border-sizes-right:0px;--awb-border-radius-top-left:0px;--awb-border-radius-top-right:0px;--awb-border-radius-bottom-right:0px;--awb-border-radius-bottom-left:0px;--awb-padding-top:110px;--awb-padding-bottom:80px;--awb-padding-top-medium:72px;--awb-padding-bottom-medium:60px;--awb-padding-bottom-small:48px;--awb-flex-wrap:wrap;\" ><div class=\"fusion-builder-row fusion-row fusion-flex-align-items-flex-start fusion-flex-content-wrap\" style=\"max-width:1216.8px;margin-left: calc(-4% \/ 2 );margin-right: calc(-4% \/ 2 );\"><div class=\"fusion-layout-column fusion_builder_column fusion-builder-column-1 fusion_builder_column_1_1 1_1 fusion-flex-column\" style=\"--awb-bg-size:cover;--awb-width-large:100%;--awb-margin-top-large:0px;--awb-spacing-right-large:1.92%;--awb-margin-bottom-large:20px;--awb-spacing-left-large:1.92%;--awb-width-medium:100%;--awb-order-medium:0;--awb-spacing-right-medium:1.92%;--awb-spacing-left-medium:1.92%;--awb-width-small:100%;--awb-order-small:0;--awb-spacing-right-small:1.92%;--awb-spacing-left-small:1.92%;\"><div class=\"fusion-column-wrapper fusion-column-has-shadow fusion-flex-justify-content-flex-start fusion-content-layout-column\"><nav class=\"fusion-breadcrumbs fusion-breadcrumbs-1\" style=\"--awb-breadcrumb-sep:&#039;\/&#039;;\" aria-label=\"Breadcrumb\"><ol class=\"awb-breadcrumb-list\"><li class=\"fusion-breadcrumb-item awb-breadcrumb-sep awb-home\" ><a href=\"https:\/\/www.codta.org\" class=\"fusion-breadcrumb-link\"><span >Inicio<\/span><\/a><\/li><\/ol><\/nav><div class=\"fusion-text fusion-text-1\"><p style=\"text-align: justify; color: var(--awb-color5);\">En esta secci\u00f3n puede encontrar enlaces que el CODTA considera de relevancia para la profesi\u00f3n, su ejercicio, conocimiento de normativa y Organismos P\u00fablicos y Asociaciones:<\/p>\n<ul>\n<li style=\"text-align: justify; \"><b style=\"color: var(--awb-color5);\">Enlaces a otros Colegios Profesionales<\/b><\/li>\n<li style=\"text-align: justify; \"><b style=\"color: var(--awb-color5);\">Enlaces a Organismo P\u00fablicos y Asociaciones.<\/b><\/li>\n<li style=\"text-align: justify; \"><b style=\"color: var(--awb-color5);\"><a href=\"https:\/\/www.boe.es\/diario_boe\/\" target=\"_blank\" rel=\"noopener noreferrer\">BOE<\/a><\/b><span style=\"color: var(--awb-color5);\"> (Bolet\u00edn Oficial del Estado).<\/span><\/li>\n<li style=\"text-align: justify; \"><b style=\"color: var(--awb-color5);\"><a href=\"https:\/\/www.juntadeandalucia.es\/eboja.html\" target=\"_blank\" rel=\"noopener noreferrer\">BOJA<\/a><\/b><span style=\"color: var(--awb-color5);\"> (Bolet\u00edn Oficial de la Junta de Andaluc\u00eda).<\/span><\/li>\n<li style=\"text-align: justify; \"><b style=\"color: var(--awb-color5);\">BOP &#8211; Boletines Oficiales de la Provincia de:<\/b><\/li>\n<\/ul>\n<p><b style=\"background-color: rgba(0, 0, 0, 0); text-align: justify; color: var(--awb-color5);\"><\/b><\/p>\n<p><b style=\"background-color: rgba(0, 0, 0, 0); text-align: justify; color: var(--awb-color5);\"><\/b><\/p>\n<p><b style=\"background-color: rgba(0, 0, 0, 0); text-align: justify; color: var(--awb-color5);\"><\/b><\/p>\n<p><b style=\"background-color: rgba(0, 0, 0, 0); text-align: justify; color: var(--awb-color5);\"><\/b><\/p>\n<p><b style=\"background-color: rgba(0, 0, 0, 0); text-align: justify; color: var(--awb-color5);\"><\/p>\n<p style=\"padding-left: 80px; display: inline !important;\">&#8211; <a href=\"https:\/\/app.dipalme.org\/bop\/publico.zul\" target=\"_blank\" rel=\"noopener noreferrer\">BOP Almer\u00eda<\/a><\/p>\n<p><\/b><\/p>\n<p><b style=\"background-color: rgba(0, 0, 0, 0); text-align: justify; color: var(--awb-color5);\"><\/b><\/p>\n<p><b style=\"background-color: rgba(0, 0, 0, 0); text-align: justify; color: var(--awb-color5);\"><\/b><\/p>\n<p><b style=\"background-color: rgba(0, 0, 0, 0); text-align: justify; color: var(--awb-color5);\"><\/b><\/p>\n<p><b style=\"background-color: rgba(0, 0, 0, 0); text-align: justify; color: var(--awb-color5);\"><\/b><\/p>\n<p><b style=\"background-color: rgba(0, 0, 0, 0); text-align: justify; color: var(--awb-color5);\"><\/b><\/p>\n<p><b style=\"background-color: rgba(0, 0, 0, 0); text-align: justify; color: var(--awb-color5);\"><\/b><\/p>\n<p><b style=\"background-color: rgba(0, 0, 0, 0); text-align: justify; color: var(--awb-color5);\"><\/b><\/p>\n<p><b style=\"background-color: rgba(0, 0, 0, 0); text-align: justify; color: var(--awb-color5);\"><\/p>\n<p style=\"padding-left: 80px; display: inline !important;\">&#8211; <a href=\"https:\/\/www.bopcadiz.es\/\" target=\"_blank\" rel=\"noopener noreferrer\">BOP C\u00e1diz<\/a><\/p>\n<p><\/b><\/p>\n<p><b style=\"background-color: rgba(0, 0, 0, 0); text-align: justify; color: var(--awb-color5);\"><\/b><\/p>\n<p><b style=\"background-color: rgba(0, 0, 0, 0); text-align: justify; color: var(--awb-color5);\"><\/b><\/p>\n<p><b style=\"background-color: rgba(0, 0, 0, 0); text-align: justify; color: var(--awb-color5);\"><\/b><\/p>\n<p><b style=\"background-color: rgba(0, 0, 0, 0); text-align: justify; color: var(--awb-color5);\"><\/b><\/p>\n<p><b style=\"background-color: rgba(0, 0, 0, 0); text-align: justify; color: var(--awb-color5);\"><\/b><\/p>\n<p><b style=\"background-color: rgba(0, 0, 0, 0); text-align: justify; color: var(--awb-color5);\"><\/b><\/p>\n<p><b style=\"background-color: rgba(0, 0, 0, 0); text-align: justify; color: var(--awb-color5);\"><\/b><\/p>\n<p><b style=\"background-color: rgba(0, 0, 0, 0); text-align: justify; color: var(--awb-color5);\"><\/p>\n<p style=\"padding-left: 80px; display: inline !important;\">&#8211; <a href=\"https:\/\/bop.dipucordoba.es\/\" target=\"_blank\" rel=\"noopener noreferrer\">BOP C\u00f3rdoba<\/a><\/p>\n<p><\/b><\/p>\n<p><b style=\"background-color: rgba(0, 0, 0, 0); text-align: justify; color: var(--awb-color5);\"><\/b><\/p>\n<p><b style=\"background-color: rgba(0, 0, 0, 0); text-align: justify; color: var(--awb-color5);\"><\/b><\/p>\n<p><b style=\"background-color: rgba(0, 0, 0, 0); text-align: justify; color: var(--awb-color5);\"><\/b><\/p>\n<p><b style=\"background-color: rgba(0, 0, 0, 0); text-align: justify; color: var(--awb-color5);\"><\/b><\/p>\n<p><b style=\"background-color: rgba(0, 0, 0, 0); text-align: justify; color: var(--awb-color5);\"><\/b><\/p>\n<p><b style=\"background-color: rgba(0, 0, 0, 0); text-align: justify; color: var(--awb-color5);\"><\/b><\/p>\n<p><b style=\"background-color: rgba(0, 0, 0, 0); text-align: justify; color: var(--awb-color5);\"><\/b><\/p>\n<p><b style=\"background-color: rgba(0, 0, 0, 0); text-align: justify; color: var(--awb-color5);\"><\/p>\n<p style=\"padding-left: 80px; display: inline !important;\">&#8211; <a href=\"https:\/\/bop.dipgra.es\/publica\/consulta-de-bops\/\" target=\"_blank\" rel=\"noopener noreferrer\">BOP Granada<\/a><\/p>\n<p><\/b><\/p>\n<p><b style=\"background-color: rgba(0, 0, 0, 0); text-align: justify; color: var(--awb-color5);\"><\/b><\/p>\n<p><b style=\"background-color: rgba(0, 0, 0, 0); text-align: justify; color: var(--awb-color5);\"><\/b><\/p>\n<p><b style=\"background-color: rgba(0, 0, 0, 0); text-align: justify; color: var(--awb-color5);\"><\/b><\/p>\n<p><b style=\"background-color: rgba(0, 0, 0, 0); text-align: justify; color: var(--awb-color5);\"><\/b><\/p>\n<p><b style=\"background-color: rgba(0, 0, 0, 0); text-align: justify; color: var(--awb-color5);\"><\/b><\/p>\n<p><b style=\"background-color: rgba(0, 0, 0, 0); text-align: justify; color: var(--awb-color5);\"><\/b><\/p>\n<p><b style=\"background-color: rgba(0, 0, 0, 0); text-align: justify; color: var(--awb-color5);\"><\/b><\/p>\n<p><b style=\"background-color: rgba(0, 0, 0, 0); text-align: justify; color: var(--awb-color5);\"><\/p>\n<p style=\"padding-left: 80px; display: inline !important;\">&#8211; <a href=\"https:\/\/sede.diphuelva.es\/opencms\/opencms\/system\/modules\/gsede\/elements\/contenedores\/BOP.html\" target=\"_blank\" rel=\"noopener noreferrer\">BOP Huelva<\/a><\/p>\n<p><\/b><\/p>\n<p><b style=\"background-color: rgba(0, 0, 0, 0); text-align: justify; color: var(--awb-color5);\"><\/b><\/p>\n<p><b style=\"background-color: rgba(0, 0, 0, 0); text-align: justify; color: var(--awb-color5);\"><\/b><\/p>\n<p><b style=\"background-color: rgba(0, 0, 0, 0); text-align: justify; color: var(--awb-color5);\"><\/b><\/p>\n<p><b style=\"background-color: rgba(0, 0, 0, 0); color: var(--awb-color5); text-align: justify;\"><\/b><\/p>\n<p><b style=\"background-color: rgba(0, 0, 0, 0); color: var(--awb-color5); text-align: justify;\"><\/b><\/p>\n<p><b style=\"background-color: rgba(0, 0, 0, 0); color: var(--awb-color5); text-align: justify;\"><\/b><\/p>\n<p><b style=\"background-color: rgba(0, 0, 0, 0); color: var(--awb-color5); text-align: justify;\"><\/b><\/p>\n<p><b style=\"background-color: rgba(0, 0, 0, 0); color: var(--awb-color5); text-align: justify;\"><\/p>\n<p style=\"padding-left: 80px; display: inline !important;\">&#8211; <a href=\"https:\/\/bop.dipujaen.es\/\" target=\"_blank\" rel=\"noopener noreferrer\">BOP Ja\u00e9n<\/a><\/p>\n<p><\/b><\/p>\n<p><b style=\"background-color: rgba(0, 0, 0, 0); color: var(--awb-color5); text-align: justify;\"><\/b><\/p>\n<p><b style=\"background-color: rgba(0, 0, 0, 0); color: var(--awb-color5); text-align: justify;\"><\/b><\/p>\n<p><b style=\"background-color: rgba(0, 0, 0, 0); color: var(--awb-color5); text-align: justify;\"><\/b><\/p>\n<p><b style=\"background-color: rgba(0, 0, 0, 0); color: var(--awb-color5); text-align: justify;\"><\/b><\/p>\n<p><b style=\"background-color: rgba(0, 0, 0, 0); color: var(--awb-color5); text-align: justify;\"><\/b><\/p>\n<p><b style=\"background-color: rgba(0, 0, 0, 0); color: var(--awb-color5); text-align: justify;\"><\/b><\/p>\n<p><b style=\"background-color: rgba(0, 0, 0, 0); color: var(--awb-color5); text-align: justify;\"><\/b><\/p>\n<p><b style=\"background-color: rgba(0, 0, 0, 0); color: var(--awb-color5); text-align: justify;\"><\/p>\n<p style=\"padding-left: 80px; display: inline !important;\">&#8211; <a href=\"https:\/\/www.bopmalaga.es\/\" target=\"_blank\" rel=\"noopener noreferrer\">BOP M\u00e1laga<\/a><\/p>\n<p><\/b><\/p>\n<p><b style=\"background-color: rgba(0, 0, 0, 0); color: var(--awb-color5); text-align: justify;\"><\/b><\/p>\n<p><b style=\"background-color: rgba(0, 0, 0, 0); color: var(--awb-color5); text-align: justify;\"><\/b><\/p>\n<p><b style=\"background-color: rgba(0, 0, 0, 0); color: var(--awb-color5); text-align: justify;\"><\/b><\/p>\n<p><b style=\"background-color: rgba(0, 0, 0, 0); color: var(--awb-color5); text-align: justify;\"><\/b><\/p>\n<p><b style=\"background-color: rgba(0, 0, 0, 0); color: var(--awb-color5); text-align: justify;\"><\/b><\/p>\n<p><b style=\"background-color: rgba(0, 0, 0, 0); color: var(--awb-color5); text-align: justify;\"><\/b><\/p>\n<p><b style=\"background-color: rgba(0, 0, 0, 0); color: var(--awb-color5); text-align: justify;\"><\/b><\/p>\n<p><b style=\"background-color: rgba(0, 0, 0, 0); color: var(--awb-color5); text-align: justify;\"><\/p>\n<p style=\"padding-left: 80px; display: inline !important;\">&#8211; <a href=\"https:\/\/bopsevilla.dipusevilla.es\/publica\/consulta-de-bops\/\" target=\"_blank\" rel=\"noopener noreferrer\">BOP Sevilla<\/a><\/p>\n<p><\/b><\/p>\n<p><b style=\"background-color: rgba(0, 0, 0, 0); color: var(--awb-color5); text-align: justify;\"><\/b><\/p>\n<p><b style=\"background-color: rgba(0, 0, 0, 0); color: var(--awb-color5); text-align: justify;\"><\/b><\/p>\n<p><b style=\"background-color: rgba(0, 0, 0, 0); color: var(--awb-color5); text-align: justify;\"><\/b><\/p>\n<p><b style=\"background-color: rgba(0, 0, 0, 0); color: var(--awb-color5); text-align: justify;\"><\/b><\/p>\n<ul>\n<li style=\"text-align: justify; \"><font color=\"#004313\"><b style=\"color: var(--awb-color5);\"><a href=\"https:\/\/www.boe.es\/buscar\/act.php?id=BOE-A-1999-21567\" target=\"_blank\" rel=\"noopener noreferrer\">LOE<\/a><\/b><span style=\"color: var(--awb-color5);\"> (Ley 38\/1999, de 5 de noviembre, de Ordenaci\u00f3n de la Edificaci\u00f3n)<\/span><\/font><\/li>\n<li style=\"text-align: justify; \"><font color=\"#004313\"><b style=\"color: var(--awb-color5);\">CTE<\/b><span style=\"color: var(--awb-color5);\"> (R.D. 314\/2006, de 17 de marzo, por el que se aprueba el C\u00f3digo T\u00e9cnico Edificaci\u00f3n).<\/span><\/font><\/li>\n<\/ul>\n<p><span style=\"text-align: justify; background-color: rgba(0, 0, 0, 0);\"><\/span><\/p>\n<p style=\"padding-left: 40px; color: var(--awb-color5); line-height: 15px;\" data-fusion-font=\"true\">&#8211; <a href=\"https:\/\/www.boe.es\/buscar\/doc.php?id=BOE-A-2006-5515\" target=\"_blank\" rel=\"noopener noreferrer\"><b>Normativa CTE<\/b><\/a><\/p>\n<p><span style=\"background-color: rgba(0, 0, 0, 0);\"><\/span><\/p>\n<p style=\"padding-left: 40px; color: var(--awb-color5); line-height: 15px;\" data-fusion-font=\"true\">&#8211; <a href=\"https:\/\/www.codigotecnico.org\/\" target=\"_blank\" rel=\"noopener noreferrer\"><b>Web CTE<\/b><\/a><\/p>\n<\/p>\n<ul>\n<li style=\"text-align: justify; \"><font color=\"#004313\"><b style=\"color: var(--awb-color5);\"><span style=\"color: var(--awb-color5);\">LISTA <\/span><\/b><\/font><span style=\"color: var(--awb-color5);\">(Ley 7\/2021, de 1 de diciembre, de Impulso para la Sostenibilidad del Territorio de Andaluc\u00eda).<\/span><\/li>\n<\/ul>\n<p><span style=\"background-color: rgba(0, 0, 0, 0);\"><\/span><\/p>\n<p style=\"padding-left: 40px; color: var(--awb-color5);\"><b style=\"color: var(--awb-color5);\">&#8211;&gt; <a href=\"https:\/\/www.boe.es\/buscar\/doc.php?id=BOE-A-2021-20916\" target=\"_blank\" rel=\"noopener noreferrer\">Normativa Legislaci\u00f3n LISTA<\/a><\/b><\/p>\n<p style=\"text-align: justify; padding-left: 40px;\"><span style=\"background-color: rgba(0, 0, 0, 0); color: var(--awb-color5);\"><b style=\"color: var(--awb-color5);\">&#8211;&gt; <a href=\"https:\/\/www.juntadeandalucia.es\/sites\/default\/files\/inline-files\/2022\/12\/Decreto%20550_2022_REGLAMENTO%20LISTA.pdf\" target=\"_blank\" rel=\"noopener noreferrer\">Reglamento LISTA<\/a><\/b><span style=\"color: var(--awb-color5);\"> (Decreto 550\/2022, de 29 de noviembre, por el que se aprueba el Reglamento General de la Ley 7\/2021, de 1 de diciembre, de impulso para la sostenibilidad del territorio de Andaluc\u00eda).<\/span><\/span><\/p>\n<p><span style=\"background-color: rgba(0, 0, 0, 0);\"><\/span><\/p>\n<p style=\"padding-left: 40px;\"><span style=\"color: var(--awb-color5);\"><b>&#8211;&gt; <\/b><\/span><span style=\"background-color: rgba(0, 0, 0, 0); color: var(--awb-color5);\"><b><a href=\"https:\/\/www.juntadeandalucia.es\/organismos\/fomentoarticulaciondelterritorioyvivienda\/areas\/ordenacion\/ley-sostenibilidad.html\" target=\"_blank\" rel=\"noopener noreferrer\">Todo sobre la Ordenaci\u00f3n del Territorio y Paisaje en Andaluc\u00eda-LISTA:<\/a><\/b> (tramitaci\u00f3n, videos, jornadas, etc.).<\/span><\/p>\n<\/p>\n<ul>\n<li style=\"text-align: justify; \"><font color=\"#004313\"><span style=\"color: var(--awb-color5);\"><a href=\"https:\/\/www.boe.es\/biblioteca_juridica\/codigos\/codigo.php?id=60&amp;modo=2&amp;nota=0&amp;tab=2\" target=\"_blank\" rel=\"noopener noreferrer\"><b>C\u00f3digo de Urbanismo de Andaluc\u00eda.<\/b><\/a><\/span><\/font><\/li>\n<li style=\"text-align: justify; \"><font color=\"#004313\"><b style=\"color: var(--awb-color5);\"><a href=\"https:\/\/www.boe.es\/diario_boe\/txt.php?id=BOE-A-1973-55\" target=\"_blank\" rel=\"noopener noreferrer\">NTE<\/a> <\/b><\/font>(Decreto 3565\/1972, de 23 de diciembre, por el que se establecen las normas tecnol\u00f3gicas de la edificaci\u00f3n, NTE.<\/li>\n<\/ul>\n<p><span style=\"text-align: justify; background-color: rgba(0, 0, 0, 0);\"><\/span><\/p>\n<p style=\"text-align: justify; padding-left: 40px;\"><span style=\"background-color: rgba(0, 0, 0, 0); color: var(--awb-color5);\">&#8211;&gt; Partes y sus Normas Tecnol\u00f3gicas: Se encuentra en la Zona Privada (para su acceso debe identificarse como colegiado\/a, mediante su usuario y clave).<\/span><\/p><\/p>\n<\/div><\/div><\/div><\/div><\/div><\/p>\n","protected":false},"excerpt":{"rendered":"","protected":false},"author":1,"featured_media":0,"parent":2389,"menu_order":0,"comment_status":"open","ping_status":"open","template":"100-width.php","meta":{"footnotes":""},"class_list":["post-2398","page","type-page","status-publish","hentry"],"_links":{"self":[{"href":"https:\/\/www.codta.org\/index.php\/wp-json\/wp\/v2\/pages\/2398","targetHints":{"allow":["GET"]}}],"collection":[{"href":"https:\/\/www.codta.org\/index.php\/wp-json\/wp\/v2\/pages"}],"about":[{"href":"https:\/\/www.codta.org\/index.php\/wp-json\/wp\/v2\/types\/page"}],"author":[{"embeddable":true,"href":"https:\/\/www.codta.org\/index.php\/wp-json\/wp\/v2\/users\/1"}],"replies":[{"embeddable":true,"href":"https:\/\/www.codta.org\/index.php\/wp-json\/wp\/v2\/comments?post=2398"}],"version-history":[{"count":9,"href":"https:\/\/www.codta.org\/index.php\/wp-json\/wp\/v2\/pages\/2398\/revisions"}],"predecessor-version":[{"id":2631,"href":"https:\/\/www.codta.org\/index.php\/wp-json\/wp\/v2\/pages\/2398\/revisions\/2631"}],"up":[{"embeddable":true,"href":"https:\/\/www.codta.org\/index.php\/wp-json\/wp\/v2\/pages\/2389"}],"wp:attachment":[{"href":"https:\/\/www.codta.org\/index.php\/wp-json\/wp\/v2\/media?parent=2398"}],"curies":[{"name":"wp","href":"https:\/\/api.w.org\/{rel}","templated":true}]}}