{"id":2372,"date":"2026-03-06T07:51:13","date_gmt":"2026-03-06T07:51:13","guid":{"rendered":"https:\/\/www.codta.org\/?page_id=2372"},"modified":"2026-04-11T00:10:47","modified_gmt":"2026-04-11T00:10:47","slug":"normativa-colegial","status":"publish","type":"page","link":"https:\/\/www.codta.org\/index.php\/colegio\/normativa-colegial\/","title":{"rendered":"Normativa Colegial"},"content":{"rendered":"<p><div class=\"fusion-fullwidth fullwidth-box fusion-builder-row-1 fusion-flex-container has-pattern-background has-mask-background nonhundred-percent-fullwidth non-hundred-percent-height-scrolling\" style=\"--awb-border-radius-top-left:0px;--awb-border-radius-top-right:0px;--awb-border-radius-bottom-right:0px;--awb-border-radius-bottom-left:0px;--awb-padding-top:10px;--awb-padding-bottom:0px;--awb-margin-top:0px;--awb-margin-bottom:0px;--awb-background-color:var(--awb-color5);--awb-flex-wrap:wrap;\" ><div class=\"fusion-builder-row fusion-row fusion-flex-align-items-flex-start fusion-flex-content-wrap\" style=\"max-width:1216.8px;margin-left: calc(-4% \/ 2 );margin-right: calc(-4% \/ 2 );\"><div class=\"fusion-layout-column fusion_builder_column fusion-builder-column-0 fusion_builder_column_1_1 1_1 fusion-flex-column\" style=\"--awb-bg-size:cover;--awb-width-large:100%;--awb-margin-top-large:0px;--awb-spacing-right-large:1.92%;--awb-margin-bottom-large:20px;--awb-spacing-left-large:1.92%;--awb-width-medium:100%;--awb-order-medium:0;--awb-spacing-right-medium:1.92%;--awb-spacing-left-medium:1.92%;--awb-width-small:100%;--awb-order-small:0;--awb-spacing-right-small:1.92%;--awb-spacing-left-small:1.92%;\"><div class=\"fusion-column-wrapper fusion-column-has-shadow fusion-flex-justify-content-flex-start fusion-content-layout-column\"><div class=\"fusion-title title fusion-title-1 fusion-title-center fusion-title-text fusion-title-size-one\" style=\"--awb-text-color:var(--awb-color1);--awb-margin-top-small:0px;--awb-margin-right-small:0px;--awb-margin-bottom-small:20px;--awb-margin-left-small:0px;--awb-font-size:40px;\"><div class=\"title-sep-container title-sep-container-left\"><div class=\"title-sep sep- sep-solid\" style=\"border-color:var(--awb-color3);\"><\/div><\/div><span class=\"awb-title-spacer\"><\/span><h1 class=\"fusion-title-heading title-heading-center\" style=\"margin:0;text-transform:uppercase;font-size:1em;\">Normativa Colegial<\/h1><span class=\"awb-title-spacer\"><\/span><div class=\"title-sep-container title-sep-container-right\"><div class=\"title-sep sep- sep-solid\" style=\"border-color:var(--awb-color3);\"><\/div><\/div><\/div><\/div><\/div><\/div><\/div><div class=\"fusion-fullwidth fullwidth-box fusion-builder-row-2 fusion-flex-container nonhundred-percent-fullwidth non-hundred-percent-height-scrolling\" style=\"--awb-background-position:left top;--awb-border-sizes-top:0px;--awb-border-sizes-bottom:0px;--awb-border-sizes-left:0px;--awb-border-sizes-right:0px;--awb-border-radius-top-left:0px;--awb-border-radius-top-right:0px;--awb-border-radius-bottom-right:0px;--awb-border-radius-bottom-left:0px;--awb-padding-top:110px;--awb-padding-bottom:80px;--awb-padding-top-medium:72px;--awb-padding-bottom-medium:60px;--awb-padding-bottom-small:48px;--awb-flex-wrap:wrap;\" ><div class=\"fusion-builder-row fusion-row fusion-flex-align-items-flex-start fusion-flex-content-wrap\" style=\"max-width:1216.8px;margin-left: calc(-4% \/ 2 );margin-right: calc(-4% \/ 2 );\"><div class=\"fusion-layout-column fusion_builder_column fusion-builder-column-1 fusion_builder_column_1_1 1_1 fusion-flex-column\" style=\"--awb-bg-size:cover;--awb-width-large:100%;--awb-margin-top-large:0px;--awb-spacing-right-large:1.92%;--awb-margin-bottom-large:20px;--awb-spacing-left-large:1.92%;--awb-width-medium:100%;--awb-order-medium:0;--awb-spacing-right-medium:1.92%;--awb-spacing-left-medium:1.92%;--awb-width-small:100%;--awb-order-small:0;--awb-spacing-right-small:1.92%;--awb-spacing-left-small:1.92%;\"><div class=\"fusion-column-wrapper fusion-column-has-shadow fusion-flex-justify-content-flex-start fusion-content-layout-column\"><nav class=\"fusion-breadcrumbs fusion-breadcrumbs-1\" style=\"--awb-breadcrumb-sep:&#039;\/&#039;;\" aria-label=\"Breadcrumb\"><ol class=\"awb-breadcrumb-list\"><li class=\"fusion-breadcrumb-item awb-breadcrumb-sep awb-home\" ><a href=\"https:\/\/www.codta.org\" class=\"fusion-breadcrumb-link\"><span >Inicio<\/span><\/a><\/li><\/ol><\/nav><div class=\"fusion-text fusion-text-1\"><p style=\"color: var(--awb-color5); text-align: justify;\"><span style=\"background-color: rgba(0, 0, 0, 0); color: var(--awb-color5);\"><span style=\"color: rgb(0, 67, 19);\">El CODTA se rige por la siguiente <\/span><b style=\"color: rgb(0, 67, 19);\">normativa colegial de aplicaci\u00f3n<\/b><span style=\"color: rgb(0, 67, 19);\">:<\/span><\/span><\/p>\n<p style=\"color: var(--awb-color5); text-align: justify;\"><span style=\"background-color: rgba(0, 0, 0, 0); color: var(--awb-color5);\"><b style=\"color: rgb(0, 67, 19);\">Estatutos del Consejo General:<\/b><span style=\"color: rgb(0, 67, 19);\"> Real Decreto 3306\/1978, de 15 de diciembre, por el que se aprueban los Estatutos de los Colegios Profesionales de Delineantes.<\/span><\/span><\/p>\n<p style=\"color: var(--awb-color5); text-align: justify;\"><span style=\"background-color: rgba(0, 0, 0, 0); color: var(--awb-color5);\"><b style=\"color: rgb(0, 67, 19);\">Estatutos del CODTA:<\/b><\/span><\/p>\n<p style=\"color: var(--awb-color5); text-align: justify;\"><span style=\"background-color: rgba(0, 0, 0, 0); color: var(--awb-color5);\"><\/span><\/p>\n<ul>\n<li><b style=\"color: rgb(0, 67, 19);\">Orden de 10 de abril de 2015<\/b><span style=\"color: rgb(0, 67, 19);\">, por el que <\/span><b style=\"color: rgb(0, 67, 19);\">se aprueban los estatutos del Colegio Profesional de Delineantes y Dise\u00f1adores T\u00e9cnicos de Andaluc\u00eda<\/b><span style=\"color: rgb(0, 67, 19);\"> y se dispone su inscripci\u00f3n en el Registro de Colegios Profesionales de Andaluc\u00eda.<\/span><\/li>\n<li><b style=\"color: rgb(0, 67, 19);\">Decreto 85\/2014, de 1 de abril<\/b><span style=\"color: rgb(0, 67, 19);\">, de <\/span><b style=\"color: rgb(0, 67, 19);\">creaci\u00f3n del Colegio Profesional de Delineantes y Dise\u00f1adores T\u00e9cnicos de Andaluc\u00eda<\/b><span style=\"color: rgb(0, 67, 19);\">, por fusi\u00f3n de los ocho colegios provinciales.<\/span><\/li>\n<\/ul>\n<p style=\"color: var(--awb-color5); text-align: justify;\"><span style=\"background-color: rgba(0, 0, 0, 0); color: var(--awb-color5);\"><b style=\"color: rgb(0, 67, 19);\">PIP-CODTA:<\/b><span style=\"color: rgb(0, 67, 19);\"> Par\u00e1metros para intervenci\u00f3n en trabajos profesionales.<\/span><\/span><\/p>\n<p style=\"color: var(--awb-color5); text-align: justify;\"><span style=\"background-color: rgba(0, 0, 0, 0); color: var(--awb-color5);\"><b><span style=\"color: rgb(0, 67, 19);\">Reglamento de colegiaci\u00f3n, cuotas y tasas colegiales.<\/span><\/b><\/span><\/p>\n<p style=\"color: var(--awb-color5); text-align: justify;\"><span style=\"background-color: rgba(0, 0, 0, 0); color: var(--awb-color5);\"><b style=\"color: rgb(0, 67, 19);\">Reglamento de visado colegial.<\/b><\/span><\/p>\n<\/div><\/div><\/div><\/div><\/div><\/p>\n","protected":false},"excerpt":{"rendered":"","protected":false},"author":1,"featured_media":0,"parent":2358,"menu_order":0,"comment_status":"open","ping_status":"open","template":"100-width.php","meta":{"footnotes":""},"class_list":["post-2372","page","type-page","status-publish","hentry"],"_links":{"self":[{"href":"https:\/\/www.codta.org\/index.php\/wp-json\/wp\/v2\/pages\/2372","targetHints":{"allow":["GET"]}}],"collection":[{"href":"https:\/\/www.codta.org\/index.php\/wp-json\/wp\/v2\/pages"}],"about":[{"href":"https:\/\/www.codta.org\/index.php\/wp-json\/wp\/v2\/types\/page"}],"author":[{"embeddable":true,"href":"https:\/\/www.codta.org\/index.php\/wp-json\/wp\/v2\/users\/1"}],"replies":[{"embeddable":true,"href":"https:\/\/www.codta.org\/index.php\/wp-json\/wp\/v2\/comments?post=2372"}],"version-history":[{"count":3,"href":"https:\/\/www.codta.org\/index.php\/wp-json\/wp\/v2\/pages\/2372\/revisions"}],"predecessor-version":[{"id":2536,"href":"https:\/\/www.codta.org\/index.php\/wp-json\/wp\/v2\/pages\/2372\/revisions\/2536"}],"up":[{"embeddable":true,"href":"https:\/\/www.codta.org\/index.php\/wp-json\/wp\/v2\/pages\/2358"}],"wp:attachment":[{"href":"https:\/\/www.codta.org\/index.php\/wp-json\/wp\/v2\/media?parent=2372"}],"curies":[{"name":"wp","href":"https:\/\/api.w.org\/{rel}","templated":true}]}}