{"id":2358,"date":"2026-03-06T07:42:01","date_gmt":"2026-03-06T07:42:01","guid":{"rendered":"https:\/\/www.codta.org\/?page_id=2358"},"modified":"2026-04-13T08:12:04","modified_gmt":"2026-04-13T08:12:04","slug":"colegio","status":"publish","type":"page","link":"https:\/\/www.codta.org\/index.php\/colegio\/","title":{"rendered":"Colegio"},"content":{"rendered":"<p><div class=\"fusion-fullwidth fullwidth-box fusion-builder-row-1 fusion-flex-container has-pattern-background has-mask-background nonhundred-percent-fullwidth non-hundred-percent-height-scrolling\" style=\"--awb-border-radius-top-left:0px;--awb-border-radius-top-right:0px;--awb-border-radius-bottom-right:0px;--awb-border-radius-bottom-left:0px;--awb-padding-top:10px;--awb-padding-bottom:0px;--awb-margin-top:0px;--awb-margin-bottom:0px;--awb-background-color:var(--awb-color5);--awb-flex-wrap:wrap;\" ><div class=\"fusion-builder-row fusion-row fusion-flex-align-items-flex-start fusion-flex-content-wrap\" style=\"max-width:1216.8px;margin-left: calc(-4% \/ 2 );margin-right: calc(-4% \/ 2 );\"><div class=\"fusion-layout-column fusion_builder_column fusion-builder-column-0 fusion_builder_column_1_1 1_1 fusion-flex-column\" style=\"--awb-bg-size:cover;--awb-width-large:100%;--awb-margin-top-large:0px;--awb-spacing-right-large:1.92%;--awb-margin-bottom-large:20px;--awb-spacing-left-large:1.92%;--awb-width-medium:100%;--awb-order-medium:0;--awb-spacing-right-medium:1.92%;--awb-spacing-left-medium:1.92%;--awb-width-small:100%;--awb-order-small:0;--awb-spacing-right-small:1.92%;--awb-spacing-left-small:1.92%;\"><div class=\"fusion-column-wrapper fusion-column-has-shadow fusion-flex-justify-content-flex-start fusion-content-layout-column\"><div class=\"fusion-title title fusion-title-1 fusion-title-center fusion-title-text fusion-title-size-one\" style=\"--awb-text-color:var(--awb-color1);--awb-margin-top-small:0px;--awb-margin-right-small:0px;--awb-margin-bottom-small:20px;--awb-margin-left-small:0px;--awb-font-size:40px;\"><div class=\"title-sep-container title-sep-container-left\"><div class=\"title-sep sep- sep-solid\" style=\"border-color:var(--awb-color3);\"><\/div><\/div><span class=\"awb-title-spacer\"><\/span><h1 class=\"fusion-title-heading title-heading-center\" style=\"margin:0;text-transform:uppercase;font-size:1em;\">Colegio<\/h1><span class=\"awb-title-spacer\"><\/span><div class=\"title-sep-container title-sep-container-right\"><div class=\"title-sep sep- sep-solid\" style=\"border-color:var(--awb-color3);\"><\/div><\/div><\/div><\/div><\/div><\/div><\/div><div class=\"fusion-fullwidth fullwidth-box fusion-builder-row-2 fusion-flex-container nonhundred-percent-fullwidth non-hundred-percent-height-scrolling\" style=\"--awb-background-position:left top;--awb-border-sizes-top:0px;--awb-border-sizes-bottom:0px;--awb-border-sizes-left:0px;--awb-border-sizes-right:0px;--awb-border-radius-top-left:0px;--awb-border-radius-top-right:0px;--awb-border-radius-bottom-right:0px;--awb-border-radius-bottom-left:0px;--awb-padding-top:110px;--awb-padding-bottom:80px;--awb-padding-top-medium:72px;--awb-padding-bottom-medium:60px;--awb-padding-bottom-small:48px;--awb-flex-wrap:wrap;\" ><div class=\"fusion-builder-row fusion-row fusion-flex-align-items-flex-start fusion-flex-content-wrap\" style=\"max-width:1216.8px;margin-left: calc(-4% \/ 2 );margin-right: calc(-4% \/ 2 );\"><div class=\"fusion-layout-column fusion_builder_column fusion-builder-column-1 fusion_builder_column_1_1 1_1 fusion-flex-column\" style=\"--awb-bg-size:cover;--awb-width-large:100%;--awb-margin-top-large:0px;--awb-spacing-right-large:1.92%;--awb-margin-bottom-large:20px;--awb-spacing-left-large:1.92%;--awb-width-medium:100%;--awb-order-medium:0;--awb-spacing-right-medium:1.92%;--awb-spacing-left-medium:1.92%;--awb-width-small:100%;--awb-order-small:0;--awb-spacing-right-small:1.92%;--awb-spacing-left-small:1.92%;\"><div class=\"fusion-column-wrapper fusion-column-has-shadow fusion-flex-justify-content-flex-start fusion-content-layout-column\"><nav class=\"fusion-breadcrumbs fusion-breadcrumbs-1\" style=\"--awb-breadcrumb-sep:&#039;\/&#039;;\" aria-label=\"Breadcrumb\"><ol class=\"awb-breadcrumb-list\"><li class=\"fusion-breadcrumb-item awb-breadcrumb-sep awb-home\" ><a href=\"https:\/\/www.codta.org\" class=\"fusion-breadcrumb-link\"><span >Inicio<\/span><\/a><\/li><\/ol><\/nav><div class=\"fusion-text fusion-text-1\"><p style=\"text-align: start;\"><span style=\"color: var(--awb-color5);\"><font dir=\"auto\" style=\"vertical-align: inherit;\"><font dir=\"auto\" style=\"vertical-align: inherit;\"><span style=\"color: var(--awb-color5);\">El <\/span><\/font><\/font><\/span><b style=\"color: var(--awb-color5);\"><font dir=\"auto\" style=\"vertical-align: inherit;\"><font dir=\"auto\" style=\"vertical-align: inherit;\"><span style=\"color: var(--awb-color5);\">Colegio Profesional de Delineantes y Dise\u00f1adores T\u00e9cnicos de Andaluc\u00eda (CODTA)<\/span><\/font><\/font><\/b><span style=\"color: var(--awb-color5);\"><font dir=\"auto\" style=\"vertical-align: inherit;\"><font dir=\"auto\" style=\"vertical-align: inherit;\"><span style=\"color: var(--awb-color5);\">, es<\/span><\/font><\/font><\/span><span style=\"background-color: rgba(0, 0, 0, 0); color: var(--awb-color5);\"><font dir=\"auto\" style=\"vertical-align: inherit;\"><font dir=\"auto\" style=\"vertical-align: inherit;\"><span style=\"color: var(--awb-color5);\"> una <\/span><\/font><\/font><\/span><b style=\"background-color: rgba(0, 0, 0, 0); color: var(--awb-color5);\"><font dir=\"auto\" style=\"vertical-align: inherit;\"><font dir=\"auto\" style=\"vertical-align: inherit;\"><span style=\"color: var(--awb-color5);\">Corporaci\u00f3n de Derecho P\u00fablico<\/span><\/font><\/font><\/b><span style=\"background-color: rgba(0, 0, 0, 0); color: var(--awb-color5);\"><font dir=\"auto\" style=\"vertical-align: inherit;\"><font dir=\"auto\" style=\"vertical-align: inherit;\"><span style=\"color: var(--awb-color5);\">, con <\/span><\/font><\/font><b><font dir=\"auto\" style=\"vertical-align: inherit;\"><font dir=\"auto\" style=\"vertical-align: inherit;\"><span style=\"color: var(--awb-color5);\">personalidad jur\u00eddica propia y plena capacidad<\/span><\/font><\/font><\/b><font dir=\"auto\" style=\"vertical-align: inherit;\"><font dir=\"auto\" style=\"vertical-align: inherit;\"><span style=\"color: var(--awb-color5);\"> para el cumplimiento de sus fines, estando <\/span><\/font><\/font><b><font dir=\"auto\" style=\"vertical-align: inherit;\"><font dir=\"auto\" style=\"vertical-align: inherit;\"><span style=\"color: var(--awb-color5);\">amparada por el ordenamiento jur\u00eddico y<\/span><\/font><\/font><\/b><\/span><b style=\"background-color: rgba(0, 0, 0, 0); color: var(--awb-color5);\"><font dir=\"auto\" style=\"vertical-align: inherit;\"><font dir=\"auto\" style=\"vertical-align: inherit;\"><span style=\"color: var(--awb-color5);\"> reconocida por el Estado y la Comunidad Aut\u00f3noma Andaluza<\/span><\/font><\/font><\/b><span style=\"background-color: rgba(0, 0, 0, 0); color: var(--awb-color5);\"><font dir=\"auto\" style=\"vertical-align: inherit;\"><font dir=\"auto\" style=\"vertical-align: inherit;\"><span style=\"color: var(--awb-color5);\">.<\/span><\/font><\/font><\/span><\/p>\n<p style=\"text-align: justify; \"><span style=\"color: var(--awb-color5);\">Ha sido <b>creado por fusi\u00f3n de todos los Colegios Provinciales de Andaluc\u00eda<\/b>: Almer\u00eda, C\u00e1diz, C\u00f3rdoba, Granada, Huelva, Ja\u00e9n, M\u00e1laga y Sevilla. Su creaci\u00f3n responde a la necesidad de establecer un marco organizativo y regulador que garantice la calidad y el reconocimiento de esta profesi\u00f3n en un contexto de evoluci\u00f3n y creciente demanda.<\/span><span style=\"color: var(--awb-color5);\"><font dir=\"auto\" style=\"vertical-align: inherit;\"><font dir=\"auto\" style=\"vertical-align: inherit;\"><span style=\"color: var(--awb-color5);\"><\/span><\/font><\/font><\/span><\/p>\n<p style=\"text-align: justify; \"><span style=\"background-color: rgba(0, 0, 0, 0); color: var(--awb-color5);\"><font dir=\"auto\" style=\"vertical-align: inherit;\"><font dir=\"auto\" style=\"vertical-align: inherit;\"><span style=\"color: var(--awb-color5);\">Se configura como un <\/span><b style=\"color: var(--awb-color5);\">Colegio Profesional \u00danico de \u00e1mbito auton\u00f3mico<\/b><span style=\"color: var(--awb-color5);\">, extendiendo, por tanto, su <\/span><\/font><\/font><\/span><b style=\"background-color: rgba(0, 0, 0, 0); color: var(--awb-color5);\"><font dir=\"auto\" style=\"vertical-align: inherit;\"><font dir=\"auto\" style=\"vertical-align: inherit;\"><span style=\"color: var(--awb-color5);\">\u00e1mbito territorial es de toda la Comunidad Aut\u00f3noma de Andaluc\u00eda<\/span><\/font><\/font><\/b><span style=\"background-color: rgba(0, 0, 0, 0); color: var(--awb-color5);\"><font dir=\"auto\" style=\"vertical-align: inherit;\"><font dir=\"auto\" style=\"vertical-align: inherit;\"><span style=\"color: var(--awb-color5);\">, y tiene definidas las <\/span><\/font><\/font><\/span><b style=\"background-color: rgba(0, 0, 0, 0); color: var(--awb-color5);\"><font dir=\"auto\" style=\"vertical-align: inherit;\"><font dir=\"auto\" style=\"vertical-align: inherit;\"><span style=\"color: var(--awb-color5);\">funciones de Colegio Profesional y de Consejo Auton\u00f3mico <\/span><\/font><\/font><\/b><span style=\"background-color: rgba(0, 0, 0, 0); color: var(--awb-color5);\"><font dir=\"auto\" style=\"vertical-align: inherit;\"><font dir=\"auto\" style=\"vertical-align: inherit;\"><span style=\"color: var(--awb-color5);\">.<\/span><\/font><\/font><\/span><\/p>\n<p style=\"text-align: justify; \"><span style=\"color: var(--awb-color5);\"><font dir=\"auto\" style=\"vertical-align: inherit;\"><font dir=\"auto\" style=\"vertical-align: inherit;\"><span style=\"color: var(--awb-color5);\">Son fines esenciales del CODTA la <\/span><\/font><\/font><\/span><b style=\"color: var(--awb-color5);\"><font dir=\"auto\" style=\"vertical-align: inherit;\"><font dir=\"auto\" style=\"vertical-align: inherit;\"><span style=\"color: var(--awb-color5);\">ordenaci\u00f3n de la actividad profesional <\/span><\/font><\/font><\/b><span style=\"color: var(--awb-color5);\"><font dir=\"auto\" style=\"vertical-align: inherit;\"><font dir=\"auto\" style=\"vertical-align: inherit;\"><span style=\"color: var(--awb-color5);\">dentro del marco legal vigente y en el \u00e1mbito de sus competencias, la <\/span><\/font><\/font><\/span><b style=\"color: var(--awb-color5);\"><font dir=\"auto\" style=\"vertical-align: inherit;\"><font dir=\"auto\" style=\"vertical-align: inherit;\"><span style=\"color: var(--awb-color5);\">representaci\u00f3n y defensa de la profesi\u00f3n de Delineante <\/span><\/font><\/font><\/b><span style=\"color: var(--awb-color5);\"><font dir=\"auto\" style=\"vertical-align: inherit;\"><font dir=\"auto\" style=\"vertical-align: inherit;\"><span style=\"color: var(--awb-color5);\">y de los intereses profesionales de los colegiados en la Comunidad Aut\u00f3noma de Andaluc\u00eda, la <\/span><\/font><\/font><\/span><b style=\"color: var(--awb-color5);\"><font dir=\"auto\" style=\"vertical-align: inherit;\"><font dir=\"auto\" style=\"vertical-align: inherit;\"><span style=\"color: var(--awb-color5);\">protecci\u00f3n de los intereses de los usuarios <\/span><\/font><\/font><\/b><span style=\"color: var(--awb-color5);\"><font dir=\"auto\" style=\"vertical-align: inherit;\"><font dir=\"auto\" style=\"vertical-align: inherit;\"><span style=\"color: var(--awb-color5);\">de los servicios profesionales de sus colegiados, la <\/span><\/font><\/font><\/span><b style=\"color: var(--awb-color5);\"><font dir=\"auto\" style=\"vertical-align: inherit;\"><font dir=\"auto\" style=\"vertical-align: inherit;\"><span style=\"color: var(--awb-color5);\">ordenaci\u00f3n de la deontolog\u00eda profesional<\/span><\/font><\/font><\/b><span style=\"color: var(--awb-color5);\"><font dir=\"auto\" style=\"vertical-align: inherit;\"><font dir=\"auto\" style=\"vertical-align: inherit;\"><span style=\"color: var(--awb-color5);\">, el ejercicio de la <\/span><\/font><\/font><\/span><b style=\"color: var(--awb-color5);\"><font dir=\"auto\" style=\"vertical-align: inherit;\"><font dir=\"auto\" style=\"vertical-align: inherit;\"><span style=\"color: var(--awb-color5);\">potestad disciplinaria <\/span><\/font><\/font><\/b><span style=\"color: var(--awb-color5);\"><font dir=\"auto\" style=\"vertical-align: inherit;\"><font dir=\"auto\" style=\"vertical-align: inherit;\"><span style=\"color: var(--awb-color5);\">sobre los colegiados y el <\/span><\/font><\/font><b><font dir=\"auto\" style=\"vertical-align: inherit;\"><font dir=\"auto\" style=\"vertical-align: inherit;\"><span style=\"color: var(--awb-color5);\">visado de sus trabajos<\/span><\/font><\/font><\/b><font dir=\"auto\" style=\"vertical-align: inherit;\"><font dir=\"auto\" style=\"vertical-align: inherit;\"><span style=\"color: var(--awb-color5);\">.<\/span><\/font><\/font><\/span><\/p>\n<p style=\"text-align: justify; \"><span style=\"color: var(--awb-color5);\"><b style=\"color: var(--awb-color5);\">Nuestro compromiso con la calidad, la formaci\u00f3n y la defensa de los derechos de los profesionales<\/b><span><span style=\"color: var(--awb-color5);\"> ha consolidado nuestro papel como un actor clave en el desarrollo del sector y en la defensa de la profesi\u00f3n, ejemplo de ello ha sido la comparecencia del Decano-Presidente del CODTA en la Comisi\u00f3n de Justicia, Administraci\u00f3n Local y Funci\u00f3n P\u00fablica el pasado 20\/12\/2022, y que en virtud de dicha intervenci\u00f3n se procedi\u00f3 con posterioridad a la<\/span><span style=\"color: var(--awb-color5);\"> <\/span><\/span><\/span><span style=\"text-align: start; background-color: rgba(0, 0, 0, 0); color: var(--awb-color5);\">correcta clasificaci\u00f3n de estos profesionales en el grupo B, en la <\/span><span style=\"background-color: rgba(0, 0, 0, 0); color: var(--awb-color5);\">Ley 5\/2023, de 7 de junio, de la Funci\u00f3n P\u00fablica de Andaluc\u00eda.<\/span><\/p>\n<p style=\"text-align: justify; \"><span style=\"color: var(--awb-color5); background-color: rgba(0, 0, 0, 0);\">A medida que la profesi\u00f3n contin\u00faa evolucionando, el CODTA seguir\u00e1 trabajando para asegurar que sus miembros se adapten a los desaf\u00edos del futuro, garantizando as\u00ed un est\u00e1ndar elevado en la pr\u00e1ctica de la delineaci\u00f3n y el dise\u00f1o t\u00e9cnico en Andaluc\u00eda.<\/span><\/p>\n<\/div><\/div><\/div><\/div><\/div><\/p>\n","protected":false},"excerpt":{"rendered":"","protected":false},"author":1,"featured_media":0,"parent":0,"menu_order":0,"comment_status":"open","ping_status":"open","template":"100-width.php","meta":{"footnotes":""},"class_list":["post-2358","page","type-page","status-publish","hentry"],"_links":{"self":[{"href":"https:\/\/www.codta.org\/index.php\/wp-json\/wp\/v2\/pages\/2358","targetHints":{"allow":["GET"]}}],"collection":[{"href":"https:\/\/www.codta.org\/index.php\/wp-json\/wp\/v2\/pages"}],"about":[{"href":"https:\/\/www.codta.org\/index.php\/wp-json\/wp\/v2\/types\/page"}],"author":[{"embeddable":true,"href":"https:\/\/www.codta.org\/index.php\/wp-json\/wp\/v2\/users\/1"}],"replies":[{"embeddable":true,"href":"https:\/\/www.codta.org\/index.php\/wp-json\/wp\/v2\/comments?post=2358"}],"version-history":[{"count":14,"href":"https:\/\/www.codta.org\/index.php\/wp-json\/wp\/v2\/pages\/2358\/revisions"}],"predecessor-version":[{"id":2767,"href":"https:\/\/www.codta.org\/index.php\/wp-json\/wp\/v2\/pages\/2358\/revisions\/2767"}],"wp:attachment":[{"href":"https:\/\/www.codta.org\/index.php\/wp-json\/wp\/v2\/media?parent=2358"}],"curies":[{"name":"wp","href":"https:\/\/api.w.org\/{rel}","templated":true}]}}