{"id":1778,"date":"2025-12-15T08:26:59","date_gmt":"2025-12-15T08:26:59","guid":{"rendered":"https:\/\/www.codta.org\/?page_id=1778"},"modified":"2026-04-12T12:56:02","modified_gmt":"2026-04-12T12:56:02","slug":"sociedades-profesionales","status":"publish","type":"page","link":"https:\/\/www.codta.org\/index.php\/servicios\/sociedades-profesionales\/","title":{"rendered":"Sociedades Profesionales"},"content":{"rendered":"<p><div class=\"fusion-fullwidth fullwidth-box fusion-builder-row-1 fusion-flex-container has-pattern-background has-mask-background nonhundred-percent-fullwidth non-hundred-percent-height-scrolling\" style=\"--awb-border-radius-top-left:0px;--awb-border-radius-top-right:0px;--awb-border-radius-bottom-right:0px;--awb-border-radius-bottom-left:0px;--awb-padding-top:10px;--awb-margin-top:0px;--awb-margin-bottom:0px;--awb-background-color:var(--awb-color5);--awb-flex-wrap:wrap;\" ><div class=\"fusion-builder-row fusion-row fusion-flex-align-items-flex-start fusion-flex-content-wrap\" style=\"max-width:1216.8px;margin-left: calc(-4% \/ 2 );margin-right: calc(-4% \/ 2 );\"><div class=\"fusion-layout-column fusion_builder_column fusion-builder-column-0 fusion_builder_column_1_1 1_1 fusion-flex-column\" style=\"--awb-bg-size:cover;--awb-width-large:100%;--awb-margin-top-large:0px;--awb-spacing-right-large:1.92%;--awb-margin-bottom-large:20px;--awb-spacing-left-large:1.92%;--awb-width-medium:100%;--awb-order-medium:0;--awb-spacing-right-medium:1.92%;--awb-spacing-left-medium:1.92%;--awb-width-small:100%;--awb-order-small:0;--awb-spacing-right-small:1.92%;--awb-spacing-left-small:1.92%;\"><div class=\"fusion-column-wrapper fusion-column-has-shadow fusion-flex-justify-content-flex-start fusion-content-layout-column\"><div class=\"fusion-title title fusion-title-1 fusion-title-center fusion-title-text fusion-title-size-one\" style=\"--awb-text-color:var(--awb-color1);--awb-margin-top-small:0px;--awb-margin-right-small:0px;--awb-margin-bottom-small:20px;--awb-margin-left-small:0px;--awb-font-size:40px;\"><div class=\"title-sep-container title-sep-container-left\"><div class=\"title-sep sep- sep-solid\" style=\"border-color:var(--awb-color3);\"><\/div><\/div><span class=\"awb-title-spacer\"><\/span><h1 class=\"fusion-title-heading title-heading-center\" style=\"margin:0;text-transform:none;font-size:1em;\">Sociedades Profesionales<\/h1><span class=\"awb-title-spacer\"><\/span><div class=\"title-sep-container title-sep-container-right\"><div class=\"title-sep sep- sep-solid\" style=\"border-color:var(--awb-color3);\"><\/div><\/div><\/div><\/div><\/div><\/div><\/div><div class=\"fusion-fullwidth fullwidth-box fusion-builder-row-2 fusion-flex-container nonhundred-percent-fullwidth non-hundred-percent-height-scrolling\" style=\"--awb-background-position:left top;--awb-border-sizes-top:0px;--awb-border-sizes-bottom:0px;--awb-border-sizes-left:0px;--awb-border-sizes-right:0px;--awb-border-radius-top-left:0px;--awb-border-radius-top-right:0px;--awb-border-radius-bottom-right:0px;--awb-border-radius-bottom-left:0px;--awb-padding-top:10px;--awb-padding-bottom:80px;--awb-padding-top-medium:72px;--awb-padding-bottom-medium:60px;--awb-padding-bottom-small:48px;--awb-flex-wrap:wrap;\" ><div class=\"fusion-builder-row fusion-row fusion-flex-align-items-flex-start fusion-flex-content-wrap\" style=\"max-width:1216.8px;margin-left: calc(-4% \/ 2 );margin-right: calc(-4% \/ 2 );\"><div class=\"fusion-layout-column fusion_builder_column fusion-builder-column-1 fusion_builder_column_1_1 1_1 fusion-flex-column\" style=\"--awb-bg-size:cover;--awb-width-large:100%;--awb-margin-top-large:0px;--awb-spacing-right-large:1.92%;--awb-margin-bottom-large:20px;--awb-spacing-left-large:1.92%;--awb-width-medium:100%;--awb-order-medium:0;--awb-spacing-right-medium:1.92%;--awb-spacing-left-medium:1.92%;--awb-width-small:100%;--awb-order-small:0;--awb-spacing-right-small:1.92%;--awb-spacing-left-small:1.92%;\"><div class=\"fusion-column-wrapper fusion-column-has-shadow fusion-flex-justify-content-flex-start fusion-content-layout-column\"><nav class=\"fusion-breadcrumbs fusion-breadcrumbs-1\" style=\"--awb-breadcrumb-sep:&#039;\/&#039;;\" aria-label=\"Breadcrumb\"><ol class=\"awb-breadcrumb-list\"><li class=\"fusion-breadcrumb-item awb-breadcrumb-sep awb-home\" ><a href=\"https:\/\/www.codta.org\" class=\"fusion-breadcrumb-link\"><span >Inicio<\/span><\/a><\/li><\/ol><\/nav><\/div><\/div><div class=\"fusion-layout-column fusion_builder_column fusion-builder-column-2 fusion_builder_column_1_1 1_1 fusion-flex-column\" style=\"--awb-bg-size:cover;--awb-width-large:100%;--awb-margin-top-large:0px;--awb-spacing-right-large:1.92%;--awb-margin-bottom-large:20px;--awb-spacing-left-large:1.92%;--awb-width-medium:100%;--awb-order-medium:0;--awb-spacing-right-medium:1.92%;--awb-spacing-left-medium:1.92%;--awb-width-small:100%;--awb-order-small:0;--awb-spacing-right-small:1.92%;--awb-spacing-left-small:1.92%;\"><div class=\"fusion-column-wrapper fusion-column-has-shadow fusion-flex-justify-content-flex-start fusion-content-layout-column\"><div class=\"fusion-text fusion-text-1\" style=\"--awb-text-color:var(--awb-color6);\"><p style=\"text-align: justify; color: var(--awb-color5);\">Cualquier miembro colegiado podr\u00e1 ejercer su profesi\u00f3n conjuntamente con otro u otros miembros colegiados, bajo cualesquiera formas l\u00edcitas reconocidas en Derecho. Tambi\u00e9n podr\u00e1, en su caso, ejercer conjuntamente su profesi\u00f3n con profesionales de otras disciplinas. El ejercicio profesional en forma societaria se regir\u00e1 por lo dispuesto en la normativa vigente, especialmente por la Ley 2\/2007, de 15 de marzo, de Sociedades Profesionales.<\/p>\n<p style=\"text-align: justify; \"><span style=\"color: var(--awb-color5);\">Las <\/span><b style=\"color: var(--awb-color5);\">sociedades profesionales se inscribir\u00e1n<\/b><span style=\"color: var(--awb-color5);\"> obligatoriamente en el <\/span><b style=\"color: var(--awb-color5);\">Registro de Sociedades Profesionales del CODTA<\/b><span style=\"color: var(--awb-color5);\">, que se regir\u00e1 por las previsiones contenidas en la Ley de Sociedades Profesionales y por los Estatutos del CODTA.<\/span><\/p>\n<p style=\"text-align: justify; color: var(--awb-color5);\">La inscripci\u00f3n de la sociedad profesional en el Registro de Sociedades Profesionales surte los efectos jur\u00eddicos siguientes: primero, la incorporaci\u00f3n de la Sociedad al CODTA; y segundo, la sujeci\u00f3n de la sociedad profesional a las competencias que la Ley 2\/1974, de 13 de febrero, de Colegios Profesionales y los Estatutos atribuyen al CODTA sobre los profesionales incorporados al mismo.<\/p>\n<p style=\"text-align: justify; color: var(--awb-color5);\">En las actividades profesionales que se sometan a visado colegial de acuerdo con lo dispuesto en los Estatutos del CODTA, en la Ley de Colegios Profesionales y en el Real Decreto 1000\/2010, de 5 de agosto, sobre visado colegial obligatorio, \u00e9ste podr\u00e1 expedirse tambi\u00e9n a favor de la sociedad profesional.<\/p>\n<p style=\"text-align: justify; color: var(--awb-color5);\">En el supuesto de sociedades profesionales constituidas con anterioridad a la vigencia de la Ley de Sociedades Profesionales, la obligaci\u00f3n de solicitar la inscripci\u00f3n en el Registro de Sociedades Profesionales recaer\u00e1 sobre todos los socios profesionales.<\/p>\n<p style=\"text-align: justify; color: var(--awb-color5);\">Asimismo, la sociedad profesional debidamente inscrita podr\u00e1 beneficiarse, en las mismas condiciones que sus miembros colegiados, de los servicios ofrecidos por el CODTA que se recogen en sus Estatutos.<\/p>\n<p style=\"text-align: justify; color: var(--awb-color5);\">La sociedad profesional debidamente inscrita en el Registro de Sociedades Profesionales ser\u00e1 titular de los derechos y obligaciones previstas por los Estatutos del CODTA para los colegiados, con excepci\u00f3n de los derechos previstos en los apartados h), j) y k) del art\u00edculo 12.<\/p>\n<\/div><\/div><\/div><div class=\"fusion-layout-column fusion_builder_column fusion-builder-column-3 fusion_builder_column_1_1 1_1 fusion-flex-column\" style=\"--awb-bg-size:cover;--awb-width-large:100%;--awb-margin-top-large:0px;--awb-spacing-right-large:1.92%;--awb-margin-bottom-large:20px;--awb-spacing-left-large:1.92%;--awb-width-medium:100%;--awb-order-medium:0;--awb-spacing-right-medium:1.92%;--awb-spacing-left-medium:1.92%;--awb-width-small:100%;--awb-order-small:0;--awb-spacing-right-small:1.92%;--awb-spacing-left-small:1.92%;\"><div class=\"fusion-column-wrapper fusion-column-has-shadow fusion-flex-justify-content-flex-start fusion-content-layout-column\"><div class=\"accordian fusion-accordian\" style=\"--awb-border-size:1px;--awb-icon-size:13px;--awb-content-font-size:var(--awb-typography3-font-size);--awb-icon-alignment:left;--awb-hover-color:hsla(var(--awb-color6-h),var(--awb-color6-s),calc( var(--awb-color6-l) + 58% ),var(--awb-color6-a));--awb-border-color:hsla(var(--awb-color6-h),var(--awb-color6-s),calc( var(--awb-color6-l) + 40% ),var(--awb-color6-a));--awb-background-color:var(--awb-color1);--awb-divider-color:var(--awb-color3);--awb-divider-hover-color:var(--awb-color3);--awb-icon-color:var(--awb-color1);--awb-title-color:var(--awb-color5);--awb-content-color:var(--awb-color6);--awb-icon-box-color:var(--awb-color7);--awb-toggle-hover-accent-color:var(--awb-color5);--awb-title-font-family:var(--awb-typography3-font-family);--awb-title-font-weight:var(--awb-typography3-font-weight);--awb-title-font-style:var(--awb-typography3-font-style);--awb-title-font-size:var(--awb-typography3-font-size);--awb-content-font-family:var(--awb-typography3-font-family);--awb-content-font-weight:var(--awb-typography3-font-weight);--awb-content-font-style:var(--awb-typography3-font-style);\"><div class=\"panel-group fusion-toggle-icon-boxed\" id=\"accordion-1778-1\"><div class=\"fusion-panel panel-default panel-018fdb1d93497e1db fusion-toggle-has-divider\"><div class=\"panel-heading\"><h4 class=\"panel-title toggle\" id=\"toggle_018fdb1d93497e1db\"><a aria-expanded=\"false\" aria-controls=\"018fdb1d93497e1db\" role=\"button\" data-toggle=\"collapse\" data-parent=\"#accordion-1778-1\" data-target=\"#018fdb1d93497e1db\" href=\"#018fdb1d93497e1db\"><span class=\"fusion-toggle-icon-wrapper\" aria-hidden=\"true\"><i class=\"fa-fusion-box active-icon awb-icon-minus\" aria-hidden=\"true\"><\/i><i class=\"fa-fusion-box inactive-icon fa-check fas\" aria-hidden=\"true\"><\/i><\/span><span class=\"fusion-toggle-heading\">Apartados h), j) y k) del art\u00edculo 12 de los Estatutos del CODTA<\/span><\/a><\/h4><\/div><div id=\"018fdb1d93497e1db\" class=\"panel-collapse collapse \" aria-labelledby=\"toggle_018fdb1d93497e1db\"><div class=\"panel-body toggle-content fusion-clearfix\">\n<p style=\"text-align: justify;\"><i style=\"background-color: rgba(0, 0, 0, 0);\"><span style=\"color: var(--awb-color5);\"><span style=\"color: var(--awb-color5);\">h)<\/span><span style=\"font-weight: normal; color: var(--awb-color5);\"> <\/span><\/span><\/i><i style=\"font-weight: normal; background-color: rgba(0, 0, 0, 0);\"><span style=\"color: var(--awb-color5);\">Comunicar a los \u00f3rganos de gobierno del CODTA los actos contrarios al ordenamiento jur\u00eddico de que tengan noticia, especialmente los de intrusismo profesional, aportando cuantos datos e informaci\u00f3n disponga sobre los mismos y compareciendo ante cuantos \u00f3rganos judiciales o administrativos sean requeridos para ratificar sus denuncias.<\/span><\/i><\/p>\n<p style=\"text-align: justify;\"><i style=\"\"><span style=\"color: var(--awb-color5);\"><span style=\"color: var(--awb-color5);\">j)<\/span><span style=\"font-weight: normal; color: var(--awb-color5);\"> <\/span><\/span><\/i><i style=\"font-weight: normal;\"><span style=\"color: var(--awb-color5);\">Colaborar con la Junta de Gobierno del CODTA y con los dem\u00e1s \u00f3rganos rectores de la profesi\u00f3n, as\u00ed como con organismos p\u00fablicos y entidades privadas en la emisi\u00f3n de informes, dict\u00e1menes y estudios sobre aspectos relacionados con su actividad profesional.<\/span><\/i><\/p>\n<p style=\"text-align: justify;\"><i style=\"background-color: rgba(0, 0, 0, 0);\"><i style=\"background-color: rgba(0, 0, 0, 0);\"><span style=\"color: var(--awb-color5);\"><span style=\"color: var(--awb-color5);\">k)<\/span><span style=\"font-weight: normal; color: var(--awb-color5);\"> <\/span><\/span><\/i><i style=\"font-weight: normal; background-color: rgba(0, 0, 0, 0);\"><span style=\"color: var(--awb-color5);\">Cuando as\u00ed lo exija la legislaci\u00f3n aplicable, presentar a visado colegial los proyectos y trabajos profesionales que diligencie con su firma en los t\u00e9rminos previstos en los p<\/span><\/i><span style=\"font-weight: normal; font-style: normal; background-color: rgba(0, 0, 0, 0); color: var(--awb-color5);\">resentes Estatutos.<\/span><\/i><\/p>\n<\/div><\/div><\/div><\/div><\/div><\/div><\/div><\/div><\/div><\/p>\n","protected":false},"excerpt":{"rendered":"","protected":false},"author":1,"featured_media":0,"parent":2389,"menu_order":0,"comment_status":"open","ping_status":"open","template":"100-width.php","meta":{"footnotes":""},"class_list":["post-1778","page","type-page","status-publish","hentry"],"_links":{"self":[{"href":"https:\/\/www.codta.org\/index.php\/wp-json\/wp\/v2\/pages\/1778","targetHints":{"allow":["GET"]}}],"collection":[{"href":"https:\/\/www.codta.org\/index.php\/wp-json\/wp\/v2\/pages"}],"about":[{"href":"https:\/\/www.codta.org\/index.php\/wp-json\/wp\/v2\/types\/page"}],"author":[{"embeddable":true,"href":"https:\/\/www.codta.org\/index.php\/wp-json\/wp\/v2\/users\/1"}],"replies":[{"embeddable":true,"href":"https:\/\/www.codta.org\/index.php\/wp-json\/wp\/v2\/comments?post=1778"}],"version-history":[{"count":14,"href":"https:\/\/www.codta.org\/index.php\/wp-json\/wp\/v2\/pages\/1778\/revisions"}],"predecessor-version":[{"id":2654,"href":"https:\/\/www.codta.org\/index.php\/wp-json\/wp\/v2\/pages\/1778\/revisions\/2654"}],"up":[{"embeddable":true,"href":"https:\/\/www.codta.org\/index.php\/wp-json\/wp\/v2\/pages\/2389"}],"wp:attachment":[{"href":"https:\/\/www.codta.org\/index.php\/wp-json\/wp\/v2\/media?parent=1778"}],"curies":[{"name":"wp","href":"https:\/\/api.w.org\/{rel}","templated":true}]}}