{"id":1773,"date":"2025-12-15T08:04:14","date_gmt":"2025-12-15T08:04:14","guid":{"rendered":"https:\/\/www.codta.org\/?page_id=1773"},"modified":"2026-04-12T20:31:59","modified_gmt":"2026-04-12T20:31:59","slug":"visado-colegial","status":"publish","type":"page","link":"https:\/\/www.codta.org\/index.php\/servicios\/visado-colegial\/","title":{"rendered":"Visado Colegial"},"content":{"rendered":"<p><div class=\"fusion-fullwidth fullwidth-box fusion-builder-row-1 fusion-flex-container has-pattern-background has-mask-background nonhundred-percent-fullwidth non-hundred-percent-height-scrolling\" style=\"--awb-border-radius-top-left:0px;--awb-border-radius-top-right:0px;--awb-border-radius-bottom-right:0px;--awb-border-radius-bottom-left:0px;--awb-padding-top:10px;--awb-margin-top:0px;--awb-margin-bottom:0px;--awb-background-color:var(--awb-color5);--awb-flex-wrap:wrap;\" ><div class=\"fusion-builder-row fusion-row fusion-flex-align-items-flex-start fusion-flex-content-wrap\" style=\"max-width:1216.8px;margin-left: calc(-4% \/ 2 );margin-right: calc(-4% \/ 2 );\"><div class=\"fusion-layout-column fusion_builder_column fusion-builder-column-0 fusion_builder_column_1_1 1_1 fusion-flex-column\" style=\"--awb-bg-size:cover;--awb-width-large:100%;--awb-margin-top-large:0px;--awb-spacing-right-large:1.92%;--awb-margin-bottom-large:20px;--awb-spacing-left-large:1.92%;--awb-width-medium:100%;--awb-order-medium:0;--awb-spacing-right-medium:1.92%;--awb-spacing-left-medium:1.92%;--awb-width-small:100%;--awb-order-small:0;--awb-spacing-right-small:1.92%;--awb-spacing-left-small:1.92%;\"><div class=\"fusion-column-wrapper fusion-column-has-shadow fusion-flex-justify-content-flex-start fusion-content-layout-column\"><div class=\"fusion-title title fusion-title-1 fusion-title-center fusion-title-text fusion-title-size-one\" style=\"--awb-text-color:var(--awb-color1);--awb-margin-top-small:0px;--awb-margin-right-small:0px;--awb-margin-bottom-small:20px;--awb-margin-left-small:0px;--awb-font-size:40px;\"><div class=\"title-sep-container title-sep-container-left\"><div class=\"title-sep sep- sep-solid\" style=\"border-color:var(--awb-color3);\"><\/div><\/div><span class=\"awb-title-spacer\"><\/span><h1 class=\"fusion-title-heading title-heading-center\" style=\"margin:0;text-transform:none;font-size:1em;\">Visado Colegial<\/h1><span class=\"awb-title-spacer\"><\/span><div class=\"title-sep-container title-sep-container-right\"><div class=\"title-sep sep- sep-solid\" style=\"border-color:var(--awb-color3);\"><\/div><\/div><\/div><\/div><\/div><\/div><\/div><div class=\"fusion-fullwidth fullwidth-box fusion-builder-row-2 fusion-flex-container nonhundred-percent-fullwidth non-hundred-percent-height-scrolling\" style=\"--awb-background-position:left top;--awb-border-sizes-top:0px;--awb-border-sizes-bottom:0px;--awb-border-sizes-left:0px;--awb-border-sizes-right:0px;--awb-border-radius-top-left:0px;--awb-border-radius-top-right:0px;--awb-border-radius-bottom-right:0px;--awb-border-radius-bottom-left:0px;--awb-padding-top:10px;--awb-padding-bottom:80px;--awb-padding-top-medium:72px;--awb-padding-bottom-medium:60px;--awb-padding-bottom-small:48px;--awb-flex-wrap:wrap;\" ><div class=\"fusion-builder-row fusion-row fusion-flex-align-items-flex-start fusion-flex-content-wrap\" style=\"max-width:1216.8px;margin-left: calc(-4% \/ 2 );margin-right: calc(-4% \/ 2 );\"><div class=\"fusion-layout-column fusion_builder_column fusion-builder-column-1 fusion_builder_column_1_1 1_1 fusion-flex-column\" style=\"--awb-bg-size:cover;--awb-width-large:100%;--awb-margin-top-large:0px;--awb-spacing-right-large:1.92%;--awb-margin-bottom-large:20px;--awb-spacing-left-large:1.92%;--awb-width-medium:100%;--awb-order-medium:0;--awb-spacing-right-medium:1.92%;--awb-spacing-left-medium:1.92%;--awb-width-small:100%;--awb-order-small:0;--awb-spacing-right-small:1.92%;--awb-spacing-left-small:1.92%;\"><div class=\"fusion-column-wrapper fusion-column-has-shadow fusion-flex-justify-content-flex-start fusion-content-layout-column\"><nav class=\"fusion-breadcrumbs fusion-breadcrumbs-1\" style=\"--awb-breadcrumb-sep:&#039;\/&#039;;\" aria-label=\"Breadcrumb\"><ol class=\"awb-breadcrumb-list\"><li class=\"fusion-breadcrumb-item awb-breadcrumb-sep awb-home\" ><a href=\"https:\/\/www.codta.org\" class=\"fusion-breadcrumb-link\"><span >Inicio<\/span><\/a><\/li><\/ol><\/nav><\/div><\/div><div class=\"fusion-layout-column fusion_builder_column fusion-builder-column-2 fusion_builder_column_1_1 1_1 fusion-flex-column\" style=\"--awb-bg-size:cover;--awb-width-large:100%;--awb-margin-top-large:0px;--awb-spacing-right-large:1.92%;--awb-margin-bottom-large:20px;--awb-spacing-left-large:1.92%;--awb-width-medium:100%;--awb-order-medium:0;--awb-spacing-right-medium:1.92%;--awb-spacing-left-medium:1.92%;--awb-width-small:100%;--awb-order-small:0;--awb-spacing-right-small:1.92%;--awb-spacing-left-small:1.92%;\"><div class=\"fusion-column-wrapper fusion-column-has-shadow fusion-flex-justify-content-flex-start fusion-content-layout-column\"><div class=\"fusion-text fusion-text-1\" style=\"--awb-text-color:var(--awb-color6);\"><p style=\"text-align: justify; \"><span style=\"color: var(--awb-color5);\">El <\/span><b style=\"color: var(--awb-color5);\">Visado Colegial garantiza<\/b><span style=\"color: var(--awb-color5);\"> la <\/span><b style=\"color: var(--awb-color5);\">identidad<\/b><span style=\"color: var(--awb-color5);\">, <\/span><b style=\"color: var(--awb-color5);\">titularidad <\/b><span style=\"color: var(--awb-color5);\">y <\/span><b style=\"color: var(--awb-color5);\">habilitaci\u00f3n profesional<\/b><span style=\"color: var(--awb-color5);\"> del t\u00e9cnico que suscribe el <\/span><b style=\"color: var(--awb-color5);\">Trabajo Profesional<\/b><span style=\"color: var(--awb-color5);\">, asimismo acredita la <\/span><b style=\"color: var(--awb-color5);\">autentificaci\u00f3n<\/b><span style=\"color: var(--awb-color5);\">, <\/span><b style=\"color: var(--awb-color5);\">registro<\/b><span style=\"color: var(--awb-color5);\">, <\/span><b style=\"color: var(--awb-color5);\">correcci\u00f3n formal <\/b><span style=\"color: var(--awb-color5);\">de presentaci\u00f3n de los documentos y que se ha contemplado la <\/span><b style=\"color: var(--awb-color5);\">normativa aplicable<\/b><span style=\"color: var(--awb-color5);\">, pero no sanciona el contenido del trabajo profesional ni su correcci\u00f3n t\u00e9cnica.<\/span><\/p>\n<p style=\"text-align: justify; \"><span style=\"color: var(--awb-color5);\">De acuerdo con lo previsto en el <\/span><font color=\"rgba(0, 0, 0, 0)\"><a href=\"http:\/\/www.boe.es\/boe\/dias\/2010\/08\/06\/pdfs\/BOE-A-2010-12618.pdf\" target=\"_blank\" rel=\"noopener noreferrer\">Real Decreto 1000\/2010, de 5 de agosto<\/a><\/font><span style=\"color: var(--awb-color5);\">, sobre visado colegial obligatorio, los Trabajos Profesionales que visar\u00e1 este Colegio Profesional tendr\u00e1n car\u00e1cter voluntario.<\/span><\/p>\n<p style=\"text-align: justify; \"><span style=\"color: var(--awb-color5);\">No obstante lo anterior, <\/span><b style=\"color: var(--awb-color5);\">se recomienda que los Trabajos Profesionales<\/b><span style=\"color: var(--awb-color5);\"> que redacten los miembros colegiados, y que tengan por objeto solicitar autorizaciones, licencias, declaraciones responsables, comunicaciones previas etc, ante Administraciones, <\/span><b style=\"color: var(--awb-color5);\">est\u00e9n visados<\/b><span style=\"color: var(--awb-color5);\"> por el CODTA para <\/span><b style=\"color: var(--awb-color5);\">garantizar<\/b><span style=\"color: var(--awb-color5);\">, la <\/span><b style=\"color: var(--awb-color5);\">competencia <\/b><span style=\"color: var(--awb-color5);\">y <\/span><b style=\"color: var(--awb-color5);\">habilitaci\u00f3n profesional <\/b><span style=\"color: var(--awb-color5);\">requerida, y en su caso, la defensa del Trabajo Profesional.<\/span><\/p>\n<p style=\"text-align: justify; \"><span style=\"color: var(--awb-color5);\">Las Administraciones, si bien no pueden exigir el Visado Colegial de los Trabajos Profesionales que no lo requieran, pueden solicitar <\/span><b style=\"color: var(--awb-color5);\">Certificado de Idoneidad Colegial<\/b><span style=\"color: var(--awb-color5);\"> a favor del miembro colegiado autor de dicho trabajo. En este caso, las normas a considerar ser\u00e1n las mismas que para el Visado Colegial.<\/span><\/p>\n<p style=\"text-align: justify; \"><span style=\"color: var(--awb-color5);\">Este Colegio Profesional, en uso de sus facultades, conferidas por la Ley 2\/1974, de 13 de febrero, sobre Colegios Profesionales y dem\u00e1s normas concordantes, para ordenaci\u00f3n, representaci\u00f3n y defensa de la profesi\u00f3n, aprobar\u00e1 su Normativa de Visado de Trabajos Profesionales conforme a las normas estatutarias, deontol\u00f3gicas y formales que son de aplicaci\u00f3n para la obtenci\u00f3n del <\/span><b style=\"color: var(--awb-color5);\">Visado Colegial<\/b><span style=\"color: var(--awb-color5);\"> o del <\/span><b style=\"color: var(--awb-color5);\">Certificado de Idoneidad Colegial<\/b><span style=\"color: var(--awb-color5);\">, seg\u00fan proceda.<\/span><\/p>\n<p style=\"text-align: justify; \"><span style=\"color: var(--awb-color5);\">Los Trabajos Profesionales deber\u00e1n <\/span><b style=\"color: var(--awb-color5);\">cumplir <\/b><span style=\"color: var(--awb-color5);\">la <\/span><b style=\"color: var(--awb-color5);\">Normativa de Visado<\/b><span style=\"color: var(--awb-color5);\"> vigente aprobada por el CODTA. Podr\u00e1 encontrarla en nuestro men\u00fa <\/span><b style=\"color: var(--awb-color5);\">COLEGIO<\/b><span style=\"color: var(--awb-color5);\">, en el apartado <\/span><b style=\"color: var(--awb-color5);\">Normativa Colegial<\/b><span style=\"color: var(--awb-color5);\">. Dichos Trabajos Profesionales seguir\u00e1n una estructura con objeto de tener una imagen corporativa. El CODTA a trav\u00e9s de la aplicaci\u00f3n <\/span><b style=\"color: var(--awb-color5);\"><a href=\"https:\/\/codta.e-gestion.es\/Ventanilla\/SolicitudAlta\/SolicitudAltaInicio.aspx\" target=\"_blank\" rel=\"noopener noreferrer\">e-Colegio<\/a><\/b><span style=\"color: var(--awb-color5);\"> facilitar\u00e1 a sus miembros un manual actualizado con las recomendaciones obligatorias para su redacci\u00f3n y tramitaci\u00f3n.<\/span><\/p>\n<p style=\"text-align: justify; \"><span style=\"color: var(--awb-color5);\">Los miembros colegiados que necesiten asesoramiento en la redacci\u00f3n de sus Trabajos Profesionales, podr\u00e1n solicitarlo a trav\u00e9s del formulario <\/span><b style=\"color: var(--awb-color5);\">CONSULTA COLEGIAL<\/b><span style=\"color: var(--awb-color5);\"> de nuestra aplicaci\u00f3n de <\/span><b style=\"color: var(--awb-color5);\"><a href=\"https:\/\/www.codta.org\/index.php\/ventanilla-unica\/e-tramites\/\" target=\"_blank\" rel=\"noopener noreferrer\">e-Tr\u00e1mites<\/a><\/b><span style=\"color: var(--awb-color5);\">, disponible en <\/span><b style=\"color: var(--awb-color5);\"><a href=\"https:\/\/codta.e-gestion.es\/Ventanilla\/InicioVU.aspx\" target=\"_blank\" rel=\"noopener noreferrer\">Ventanilla \u00danica<\/a><\/b><span style=\"color: var(--awb-color5);\">.<\/span><\/p>\n<p style=\"text-align: justify; \"><span style=\"color: var(--awb-color5);\">La solicitud para Tr\u00e1mite de Visado de Trabajos Profesionales, se har\u00e1 a trav\u00e9s de nuestra aplicaci\u00f3n <\/span><strong style=\"color: var(--awb-color5);\"><a href=\"https:\/\/codta.e-gestion.es\/Ventanilla\/SolicitudAlta\/SolicitudAltaInicio.aspx\" target=\"_blank\" rel=\"noopener noreferrer\">e-Colegio<\/a> <\/strong><span style=\"color: var(--awb-color5);\">disponible en<\/span><strong style=\"color: var(--awb-color5);\"> <a href=\"https:\/\/codta.e-gestion.es\/Ventanilla\/InicioVU.aspx\" target=\"_blank\" rel=\"noopener noreferrer\">Ventanilla \u00danica<\/a><\/strong><span style=\"color: var(--awb-color5);\">.<\/span><\/p>\n<\/div><\/div><\/div><\/div><\/div><\/p>\n","protected":false},"excerpt":{"rendered":"","protected":false},"author":1,"featured_media":0,"parent":2389,"menu_order":0,"comment_status":"open","ping_status":"open","template":"100-width.php","meta":{"footnotes":""},"class_list":["post-1773","page","type-page","status-publish","hentry"],"_links":{"self":[{"href":"https:\/\/www.codta.org\/index.php\/wp-json\/wp\/v2\/pages\/1773","targetHints":{"allow":["GET"]}}],"collection":[{"href":"https:\/\/www.codta.org\/index.php\/wp-json\/wp\/v2\/pages"}],"about":[{"href":"https:\/\/www.codta.org\/index.php\/wp-json\/wp\/v2\/types\/page"}],"author":[{"embeddable":true,"href":"https:\/\/www.codta.org\/index.php\/wp-json\/wp\/v2\/users\/1"}],"replies":[{"embeddable":true,"href":"https:\/\/www.codta.org\/index.php\/wp-json\/wp\/v2\/comments?post=1773"}],"version-history":[{"count":11,"href":"https:\/\/www.codta.org\/index.php\/wp-json\/wp\/v2\/pages\/1773\/revisions"}],"predecessor-version":[{"id":2709,"href":"https:\/\/www.codta.org\/index.php\/wp-json\/wp\/v2\/pages\/1773\/revisions\/2709"}],"up":[{"embeddable":true,"href":"https:\/\/www.codta.org\/index.php\/wp-json\/wp\/v2\/pages\/2389"}],"wp:attachment":[{"href":"https:\/\/www.codta.org\/index.php\/wp-json\/wp\/v2\/media?parent=1773"}],"curies":[{"name":"wp","href":"https:\/\/api.w.org\/{rel}","templated":true}]}}