{"id":1760,"date":"2025-12-12T11:39:02","date_gmt":"2025-12-12T11:39:02","guid":{"rendered":"https:\/\/www.codta.org\/?page_id=1760"},"modified":"2026-04-11T12:17:54","modified_gmt":"2026-04-11T12:17:54","slug":"habilitacion-profesional","status":"publish","type":"page","link":"https:\/\/www.codta.org\/index.php\/profesion-2\/habilitacion-profesional\/","title":{"rendered":"Habilitaci\u00f3n Profesional"},"content":{"rendered":"<p><div class=\"fusion-fullwidth fullwidth-box fusion-builder-row-1 fusion-flex-container has-pattern-background has-mask-background nonhundred-percent-fullwidth non-hundred-percent-height-scrolling\" style=\"--awb-border-radius-top-left:0px;--awb-border-radius-top-right:0px;--awb-border-radius-bottom-right:0px;--awb-border-radius-bottom-left:0px;--awb-padding-top:10px;--awb-margin-top:0px;--awb-margin-bottom:0px;--awb-background-color:var(--awb-color5);--awb-flex-wrap:wrap;\" ><div class=\"fusion-builder-row fusion-row fusion-flex-align-items-flex-start fusion-flex-content-wrap\" style=\"max-width:1216.8px;margin-left: calc(-4% \/ 2 );margin-right: calc(-4% \/ 2 );\"><div class=\"fusion-layout-column fusion_builder_column fusion-builder-column-0 fusion_builder_column_1_1 1_1 fusion-flex-column\" style=\"--awb-bg-size:cover;--awb-width-large:100%;--awb-margin-top-large:0px;--awb-spacing-right-large:1.92%;--awb-margin-bottom-large:20px;--awb-spacing-left-large:1.92%;--awb-width-medium:100%;--awb-order-medium:0;--awb-spacing-right-medium:1.92%;--awb-spacing-left-medium:1.92%;--awb-width-small:100%;--awb-order-small:0;--awb-spacing-right-small:1.92%;--awb-spacing-left-small:1.92%;\"><div class=\"fusion-column-wrapper fusion-column-has-shadow fusion-flex-justify-content-flex-start fusion-content-layout-column\"><div class=\"fusion-title title fusion-title-1 fusion-title-center fusion-title-text fusion-title-size-one\" style=\"--awb-text-color:var(--awb-color1);--awb-margin-top-small:0px;--awb-margin-right-small:0px;--awb-margin-bottom-small:20px;--awb-margin-left-small:0px;--awb-font-size:40px;\"><div class=\"title-sep-container title-sep-container-left\"><div class=\"title-sep sep- sep-solid\" style=\"border-color:var(--awb-color3);\"><\/div><\/div><span class=\"awb-title-spacer\"><\/span><h1 class=\"fusion-title-heading title-heading-center\" style=\"margin:0;text-transform:none;font-size:1em;\">Habilitaci\u00f3n Profesional<\/h1><span class=\"awb-title-spacer\"><\/span><div class=\"title-sep-container title-sep-container-right\"><div class=\"title-sep sep- sep-solid\" style=\"border-color:var(--awb-color3);\"><\/div><\/div><\/div><\/div><\/div><\/div><\/div><div class=\"fusion-fullwidth fullwidth-box fusion-builder-row-2 fusion-flex-container nonhundred-percent-fullwidth non-hundred-percent-height-scrolling\" style=\"--awb-background-position:left top;--awb-border-sizes-top:0px;--awb-border-sizes-bottom:0px;--awb-border-sizes-left:0px;--awb-border-sizes-right:0px;--awb-border-radius-top-left:0px;--awb-border-radius-top-right:0px;--awb-border-radius-bottom-right:0px;--awb-border-radius-bottom-left:0px;--awb-padding-top:10px;--awb-padding-bottom:80px;--awb-padding-top-medium:72px;--awb-padding-bottom-medium:60px;--awb-padding-bottom-small:48px;--awb-flex-wrap:wrap;\" ><div class=\"fusion-builder-row fusion-row fusion-flex-align-items-flex-start fusion-flex-content-wrap\" style=\"max-width:1216.8px;margin-left: calc(-4% \/ 2 );margin-right: calc(-4% \/ 2 );\"><div class=\"fusion-layout-column fusion_builder_column fusion-builder-column-1 fusion_builder_column_1_1 1_1 fusion-flex-column\" style=\"--awb-bg-size:cover;--awb-width-large:100%;--awb-margin-top-large:0px;--awb-spacing-right-large:1.92%;--awb-margin-bottom-large:20px;--awb-spacing-left-large:1.92%;--awb-width-medium:100%;--awb-order-medium:0;--awb-spacing-right-medium:1.92%;--awb-spacing-left-medium:1.92%;--awb-width-small:100%;--awb-order-small:0;--awb-spacing-right-small:1.92%;--awb-spacing-left-small:1.92%;\"><div class=\"fusion-column-wrapper fusion-column-has-shadow fusion-flex-justify-content-flex-start fusion-content-layout-column\"><nav class=\"fusion-breadcrumbs fusion-breadcrumbs-1\" style=\"--awb-breadcrumb-sep:&#039;\/&#039;;\" aria-label=\"Breadcrumb\"><ol class=\"awb-breadcrumb-list\"><li class=\"fusion-breadcrumb-item awb-breadcrumb-sep awb-home\" ><a href=\"https:\/\/www.codta.org\" class=\"fusion-breadcrumb-link\"><span >Inicio<\/span><\/a><\/li><\/ol><\/nav><\/div><\/div><div class=\"fusion-layout-column fusion_builder_column fusion-builder-column-2 fusion_builder_column_1_1 1_1 fusion-flex-column\" style=\"--awb-bg-size:cover;--awb-width-large:100%;--awb-margin-top-large:0px;--awb-spacing-right-large:1.92%;--awb-margin-bottom-large:20px;--awb-spacing-left-large:1.92%;--awb-width-medium:100%;--awb-order-medium:0;--awb-spacing-right-medium:1.92%;--awb-spacing-left-medium:1.92%;--awb-width-small:100%;--awb-order-small:0;--awb-spacing-right-small:1.92%;--awb-spacing-left-small:1.92%;\"><div class=\"fusion-column-wrapper fusion-column-has-shadow fusion-flex-justify-content-flex-start fusion-content-layout-column\"><div class=\"fusion-text fusion-text-1\" style=\"--awb-text-color:var(--awb-color6);\"><p style=\"text-align: justify; \"><span style=\"color: var(--awb-color5);\">Los miembros colegiados deber\u00e1n contar con <\/span><strong style=\"color: var(--awb-color5);\">HABILITACI\u00d3N PROFESIONAL<\/strong><span style=\"color: var(--awb-color5);\"> y con reconocimiento del CODTA de la <\/span><strong style=\"color: var(--awb-color5);\">Cualificaci\u00f3n Profesional<\/strong><span style=\"color: var(--awb-color5);\"> que le corresponda para intervenir en Trabajos de Intervenci\u00f3n Profesional objeto de visado, y para ello deber\u00e1n:<\/span><\/p>\n<ul>\n<li style=\"text-align: justify; \"><span style=\"color: var(--awb-color5);\">Pertenecer al CODTA en calidad de<\/span><strong style=\"color: var(--awb-color5);\"> MIEMBRO EJERCIENTE<\/strong><span style=\"color: var(--awb-color5);\">.<\/span><\/li>\n<li style=\"text-align: justify; \"><span style=\"color: var(--awb-color5);\">Encontrarse al corriente del <\/span><strong style=\"color: var(--awb-color5);\">pago de CUOTAS<\/strong><\/li>\n<li style=\"text-align: justify; \"><span style=\"color: var(--awb-color5);\">No estar incurrido en ning\u00fan expediente disciplinario.<\/span><\/li>\n<li style=\"text-align: justify; \"><span style=\"color: var(--awb-color5);\">Tener contratado un <\/span><strong style=\"color: var(--awb-color5);\">SEGURO <\/strong><span style=\"color: var(--awb-color5);\">que tenga cubiertos los <\/span><strong style=\"color: var(--awb-color5);\">Riesgos de Responsabilidad Civil Profesional<\/strong><span style=\"color: var(--awb-color5);\">, que tendr\u00e1 por objeto cubrir los gastos ocasionados por las reclamaciones que se puedan producir por los errores o faltas profesionales que realicen los miembros colegiados en el ejercicio de su profesi\u00f3n.<\/span><\/li>\n<li style=\"text-align: justify; \"><span style=\"color: var(--awb-color5);\">Disponer de <\/span><strong style=\"color: var(--awb-color5);\">Licencia Fiscal <\/strong><span style=\"color: var(--awb-color5);\">en el ep\u00edgrafe correspondiente al de su actividad profesional.<\/span><\/li>\n<li style=\"text-align: justify; \"><span style=\"color: var(--awb-color5);\">Disponer de <\/span><strong style=\"color: var(--awb-color5);\">Alta en R\u00e9gimen Especial de Aut\u00f3nomo<\/strong><span style=\"color: var(--awb-color5);\"><b>s<\/b> de la Seguridad Social, o seg\u00fan proceda.<\/span><\/li>\n<li style=\"text-align: justify; \"><span style=\"color: var(--awb-color5);\">Disponer de <\/span><strong style=\"color: var(--awb-color5);\">Hojas de Quejas y Reclamaciones <\/strong><span style=\"color: var(--awb-color5);\">reglamentarias a disposici\u00f3n de sus clientes y dar publicidad de su existencia.<\/span><\/li>\n<\/ul>\n<p style=\"text-align: justify; color: var(--awb-color5);\">La valoraci\u00f3n de las competencias profesionales de los miembros colegiados conforme a su titulaci\u00f3n y especialidad, corresponde al CODTA definirlas, en virtud de las facultades que tienen conferidas por Ley los colegios profesionales para la ordenaci\u00f3n, representaci\u00f3n y defensa de la profesi\u00f3n.<\/p>\n<\/div><\/div><\/div><\/div><\/div><\/p>\n","protected":false},"excerpt":{"rendered":"","protected":false},"author":1,"featured_media":0,"parent":2379,"menu_order":0,"comment_status":"open","ping_status":"open","template":"100-width.php","meta":{"footnotes":""},"class_list":["post-1760","page","type-page","status-publish","hentry"],"_links":{"self":[{"href":"https:\/\/www.codta.org\/index.php\/wp-json\/wp\/v2\/pages\/1760","targetHints":{"allow":["GET"]}}],"collection":[{"href":"https:\/\/www.codta.org\/index.php\/wp-json\/wp\/v2\/pages"}],"about":[{"href":"https:\/\/www.codta.org\/index.php\/wp-json\/wp\/v2\/types\/page"}],"author":[{"embeddable":true,"href":"https:\/\/www.codta.org\/index.php\/wp-json\/wp\/v2\/users\/1"}],"replies":[{"embeddable":true,"href":"https:\/\/www.codta.org\/index.php\/wp-json\/wp\/v2\/comments?post=1760"}],"version-history":[{"count":8,"href":"https:\/\/www.codta.org\/index.php\/wp-json\/wp\/v2\/pages\/1760\/revisions"}],"predecessor-version":[{"id":2566,"href":"https:\/\/www.codta.org\/index.php\/wp-json\/wp\/v2\/pages\/1760\/revisions\/2566"}],"up":[{"embeddable":true,"href":"https:\/\/www.codta.org\/index.php\/wp-json\/wp\/v2\/pages\/2379"}],"wp:attachment":[{"href":"https:\/\/www.codta.org\/index.php\/wp-json\/wp\/v2\/media?parent=1760"}],"curies":[{"name":"wp","href":"https:\/\/api.w.org\/{rel}","templated":true}]}}