{"id":1747,"date":"2025-12-12T11:23:24","date_gmt":"2025-12-12T11:23:24","guid":{"rendered":"https:\/\/www.codta.org\/?page_id=1747"},"modified":"2026-04-11T12:03:12","modified_gmt":"2026-04-11T12:03:12","slug":"actividades-profesionales","status":"publish","type":"page","link":"https:\/\/www.codta.org\/index.php\/profesion-2\/actividades-profesionales\/","title":{"rendered":"Actividades Profesionales"},"content":{"rendered":"<p><div class=\"fusion-fullwidth fullwidth-box fusion-builder-row-1 fusion-flex-container has-pattern-background has-mask-background nonhundred-percent-fullwidth non-hundred-percent-height-scrolling\" style=\"--awb-border-radius-top-left:0px;--awb-border-radius-top-right:0px;--awb-border-radius-bottom-right:0px;--awb-border-radius-bottom-left:0px;--awb-padding-top:10px;--awb-margin-top:0px;--awb-margin-bottom:0px;--awb-background-color:var(--awb-color5);--awb-flex-wrap:wrap;\" ><div class=\"fusion-builder-row fusion-row fusion-flex-align-items-flex-start fusion-flex-content-wrap\" style=\"max-width:1216.8px;margin-left: calc(-4% \/ 2 );margin-right: calc(-4% \/ 2 );\"><div class=\"fusion-layout-column fusion_builder_column fusion-builder-column-0 fusion_builder_column_1_1 1_1 fusion-flex-column\" style=\"--awb-bg-size:cover;--awb-width-large:100%;--awb-margin-top-large:0px;--awb-spacing-right-large:1.92%;--awb-margin-bottom-large:20px;--awb-spacing-left-large:1.92%;--awb-width-medium:100%;--awb-order-medium:0;--awb-spacing-right-medium:1.92%;--awb-spacing-left-medium:1.92%;--awb-width-small:100%;--awb-order-small:0;--awb-spacing-right-small:1.92%;--awb-spacing-left-small:1.92%;\"><div class=\"fusion-column-wrapper fusion-column-has-shadow fusion-flex-justify-content-flex-start fusion-content-layout-column\"><div class=\"fusion-title title fusion-title-1 fusion-title-center fusion-title-text fusion-title-size-one\" style=\"--awb-text-color:var(--awb-color1);--awb-margin-top-small:0px;--awb-margin-right-small:0px;--awb-margin-bottom-small:20px;--awb-margin-left-small:0px;--awb-font-size:40px;\"><div class=\"title-sep-container title-sep-container-left\"><div class=\"title-sep sep- sep-solid\" style=\"border-color:var(--awb-color3);\"><\/div><\/div><span class=\"awb-title-spacer\"><\/span><h1 class=\"fusion-title-heading title-heading-center\" style=\"margin:0;text-transform:none;font-size:1em;\">Actividades Profesionales<\/h1><span class=\"awb-title-spacer\"><\/span><div class=\"title-sep-container title-sep-container-right\"><div class=\"title-sep sep- sep-solid\" style=\"border-color:var(--awb-color3);\"><\/div><\/div><\/div><\/div><\/div><\/div><\/div><div class=\"fusion-fullwidth fullwidth-box fusion-builder-row-2 fusion-flex-container nonhundred-percent-fullwidth non-hundred-percent-height-scrolling\" style=\"--awb-background-position:left top;--awb-border-sizes-top:0px;--awb-border-sizes-bottom:0px;--awb-border-sizes-left:0px;--awb-border-sizes-right:0px;--awb-border-radius-top-left:0px;--awb-border-radius-top-right:0px;--awb-border-radius-bottom-right:0px;--awb-border-radius-bottom-left:0px;--awb-padding-top:10px;--awb-padding-bottom:80px;--awb-padding-top-medium:72px;--awb-padding-bottom-medium:60px;--awb-padding-bottom-small:48px;--awb-flex-wrap:wrap;\" ><div class=\"fusion-builder-row fusion-row fusion-flex-align-items-flex-start fusion-flex-content-wrap\" style=\"max-width:1216.8px;margin-left: calc(-4% \/ 2 );margin-right: calc(-4% \/ 2 );\"><div class=\"fusion-layout-column fusion_builder_column fusion-builder-column-1 fusion_builder_column_1_1 1_1 fusion-flex-column\" style=\"--awb-bg-size:cover;--awb-width-large:100%;--awb-margin-top-large:0px;--awb-spacing-right-large:1.92%;--awb-margin-bottom-large:20px;--awb-spacing-left-large:1.92%;--awb-width-medium:100%;--awb-order-medium:0;--awb-spacing-right-medium:1.92%;--awb-spacing-left-medium:1.92%;--awb-width-small:100%;--awb-order-small:0;--awb-spacing-right-small:1.92%;--awb-spacing-left-small:1.92%;\"><div class=\"fusion-column-wrapper fusion-column-has-shadow fusion-flex-justify-content-flex-start fusion-content-layout-column\"><nav class=\"fusion-breadcrumbs fusion-breadcrumbs-1\" style=\"--awb-breadcrumb-sep:&#039;\/&#039;;\" aria-label=\"Breadcrumb\"><ol class=\"awb-breadcrumb-list\"><li class=\"fusion-breadcrumb-item awb-breadcrumb-sep awb-home\" ><a href=\"https:\/\/www.codta.org\" class=\"fusion-breadcrumb-link\"><span >Inicio<\/span><\/a><\/li><\/ol><\/nav><\/div><\/div><div class=\"fusion-layout-column fusion_builder_column fusion-builder-column-2 fusion_builder_column_1_1 1_1 fusion-flex-column\" style=\"--awb-bg-size:cover;--awb-width-large:100%;--awb-margin-top-large:0px;--awb-spacing-right-large:1.92%;--awb-margin-bottom-large:20px;--awb-spacing-left-large:1.92%;--awb-width-medium:100%;--awb-order-medium:0;--awb-spacing-right-medium:1.92%;--awb-spacing-left-medium:1.92%;--awb-width-small:100%;--awb-order-small:0;--awb-spacing-right-small:1.92%;--awb-spacing-left-small:1.92%;\"><div class=\"fusion-column-wrapper fusion-column-has-shadow fusion-flex-justify-content-flex-start fusion-content-layout-column\"><div class=\"fusion-text fusion-text-1\" style=\"--awb-text-color:var(--awb-color6);\"><p style=\"text-align: justify; \"><span style=\"color: var(--awb-color5);\">Se consideran <\/span><b style=\"color: var(--awb-color5);\">actividades profesionales<\/b><span style=\"color: var(--awb-color5);\"> propias de los Delineantes Proyectistas aquellas que desempe\u00f1an, redactando y firmando <\/span><b style=\"color: var(--awb-color5);\">Trabajos de Intervenci\u00f3n Profesional (TIP) <\/b><span style=\"color: var(--awb-color5);\">con autonom\u00eda y responsabilidad jur\u00eddica plena, en el ejercicio de su profesi\u00f3n.<\/span><\/p>\n<p style=\"text-align: justify; \"><span style=\"color: var(--awb-color5);\">Se consideran propias de la profesi\u00f3n y toman como referente las <\/span><b style=\"color: var(--awb-color5);\">competencias profesionales<\/b><span style=\"color: var(--awb-color5);\"> establecidas en los <\/span><b style=\"color: var(--awb-color5);\">t\u00edtulos que facultan para el ejercicio<\/b><span style=\"color: var(--awb-color5);\"> de su profesi\u00f3n, quedando as\u00ed vinculado \u00e9ste, conforme a las respectivas <\/span><b style=\"color: var(--awb-color5);\">\u00e1reas de especialidad profesional, <\/b><span style=\"color: var(--awb-color5);\">asociadas a los <\/span><a href=\"https:\/\/drive.google.com\/file\/d\/1lahUVQUNedJGKj-GtTEGHvlLK4KLrmF8\/view?usp=drive_link\" target=\"_blank\" rel=\"noopener noreferrer\">Par\u00e1metros de Intervenci\u00f3n Profesional del CODTA (PIP-CODTA)<\/a><span style=\"color: var(--awb-color5);\"> y la <\/span><a href=\"https:\/\/drive.google.com\/file\/d\/0BxdfxoearWqqZDhuWnc4MzJ5ZEk\/view?usp=drive_link&amp;resourcekey=0-psp3SI_icD6xApJZ5TWdyg\" target=\"_blank\" rel=\"noopener noreferrer\">Actualizaci\u00f3n 2014 Par\u00e1metros de Intervenci\u00f3n Profesional del Consejo General de Colegios de Delineantes (APIP)<\/a><span style=\"color: var(--awb-color5);\">, y que se clasifican en:<\/span><\/p>\n<\/div><\/div><\/div><div class=\"fusion-layout-column fusion_builder_column fusion-builder-column-3 fusion_builder_column_1_2 1_2 fusion-flex-column\" style=\"--awb-bg-size:cover;--awb-width-large:50%;--awb-margin-top-large:0px;--awb-spacing-right-large:3.84%;--awb-margin-bottom-large:20px;--awb-spacing-left-large:3.84%;--awb-width-medium:100%;--awb-order-medium:0;--awb-spacing-right-medium:1.92%;--awb-spacing-left-medium:1.92%;--awb-width-small:100%;--awb-order-small:0;--awb-spacing-right-small:1.92%;--awb-spacing-left-small:1.92%;\"><div class=\"fusion-column-wrapper fusion-column-has-shadow fusion-flex-justify-content-flex-start fusion-content-layout-column\"><div class=\"fusion-text fusion-text-2\" style=\"--awb-text-color:var(--awb-color6);\"><p><b style=\"background-color: rgba(0, 0, 0, 0); color: var(--awb-color5);\">Construcci\u00f3n<\/b><\/p>\n<ul>\n<li style=\"text-align: justify; \"><b style=\"color: var(--awb-color5);\"><span style=\"color: var(--awb-color5);\">PE<\/span> <\/b><span style=\"color: var(--awb-color5);\">\u2013 PROYECTOS DE EDIFICACI\u00d3N<\/span><\/li>\n<li style=\"text-align: justify; \"><b style=\"color: var(--awb-color5);\">PO <\/b><span style=\"color: var(--awb-color5);\">\u2013 PROYECTOS OBRA CIVIL.<\/span><\/li>\n<\/ul>\n<\/div><\/div><\/div><div class=\"fusion-layout-column fusion_builder_column fusion-builder-column-4 fusion_builder_column_1_2 1_2 fusion-flex-column\" style=\"--awb-bg-size:cover;--awb-width-large:50%;--awb-margin-top-large:0px;--awb-spacing-right-large:3.84%;--awb-margin-bottom-large:20px;--awb-spacing-left-large:3.84%;--awb-width-medium:100%;--awb-order-medium:0;--awb-spacing-right-medium:1.92%;--awb-spacing-left-medium:1.92%;--awb-width-small:100%;--awb-order-small:0;--awb-spacing-right-small:1.92%;--awb-spacing-left-small:1.92%;\"><div class=\"fusion-column-wrapper fusion-column-has-shadow fusion-flex-justify-content-flex-start fusion-content-layout-column\"><div class=\"fusion-text fusion-text-3\" style=\"--awb-text-color:var(--awb-color6);\"><p style=\"text-align: justify; \"><b style=\"background-color: rgba(0, 0, 0, 0); color: var(--awb-color5);\">Industrial<\/b><\/p>\n<ul>\n<li style=\"text-align: justify; \"><b style=\"color: var(--awb-color5);\">DF <\/b><span style=\"color: var(--awb-color5);\">\u2013 DISE\u00d1O FABRICACI\u00d3N MEC\u00c1NICA.<\/span><\/li>\n<li style=\"text-align: justify; \"><b style=\"color: var(--awb-color5);\">IT <\/b><span style=\"color: var(--awb-color5);\">\u2013 PROYECTOS DE INSTALACIONES DE FLU\u00cdDOS, T\u00c9RMICOS Y DE MANUTENCI\u00d3N.<\/span><\/li>\n<li style=\"text-align: justify; \"><b style=\"color: var(--awb-color5);\">CM <\/b><span style=\"color: var(--awb-color5);\">\u2013 CONSTRUCCIONES MET\u00c1LICAS.<\/span><\/li>\n<\/ul>\n<\/div><\/div><\/div><\/div><\/div><\/p>\n","protected":false},"excerpt":{"rendered":"","protected":false},"author":1,"featured_media":0,"parent":2379,"menu_order":0,"comment_status":"open","ping_status":"open","template":"100-width.php","meta":{"footnotes":""},"class_list":["post-1747","page","type-page","status-publish","hentry"],"_links":{"self":[{"href":"https:\/\/www.codta.org\/index.php\/wp-json\/wp\/v2\/pages\/1747","targetHints":{"allow":["GET"]}}],"collection":[{"href":"https:\/\/www.codta.org\/index.php\/wp-json\/wp\/v2\/pages"}],"about":[{"href":"https:\/\/www.codta.org\/index.php\/wp-json\/wp\/v2\/types\/page"}],"author":[{"embeddable":true,"href":"https:\/\/www.codta.org\/index.php\/wp-json\/wp\/v2\/users\/1"}],"replies":[{"embeddable":true,"href":"https:\/\/www.codta.org\/index.php\/wp-json\/wp\/v2\/comments?post=1747"}],"version-history":[{"count":9,"href":"https:\/\/www.codta.org\/index.php\/wp-json\/wp\/v2\/pages\/1747\/revisions"}],"predecessor-version":[{"id":2560,"href":"https:\/\/www.codta.org\/index.php\/wp-json\/wp\/v2\/pages\/1747\/revisions\/2560"}],"up":[{"embeddable":true,"href":"https:\/\/www.codta.org\/index.php\/wp-json\/wp\/v2\/pages\/2379"}],"wp:attachment":[{"href":"https:\/\/www.codta.org\/index.php\/wp-json\/wp\/v2\/media?parent=1747"}],"curies":[{"name":"wp","href":"https:\/\/api.w.org\/{rel}","templated":true}]}}