{"id":1589,"date":"2025-12-10T11:32:53","date_gmt":"2025-12-10T11:32:53","guid":{"rendered":"https:\/\/www.codta.org\/?page_id=1589"},"modified":"2026-04-13T06:11:14","modified_gmt":"2026-04-13T06:11:14","slug":"pip-codta-parametros-intervencion","status":"publish","type":"page","link":"https:\/\/www.codta.org\/index.php\/colegio\/normativa-colegial\/pip-codta-parametros-intervencion\/","title":{"rendered":"PIP-CODTA Par\u00e1metros Intervenci\u00f3n"},"content":{"rendered":"<p><div class=\"fusion-fullwidth fullwidth-box fusion-builder-row-1 fusion-flex-container has-pattern-background has-mask-background nonhundred-percent-fullwidth non-hundred-percent-height-scrolling\" style=\"--awb-border-radius-top-left:0px;--awb-border-radius-top-right:0px;--awb-border-radius-bottom-right:0px;--awb-border-radius-bottom-left:0px;--awb-padding-top:10px;--awb-padding-bottom:0px;--awb-margin-top:0px;--awb-margin-bottom:0px;--awb-background-color:var(--awb-color5);--awb-flex-wrap:wrap;\" ><div class=\"fusion-builder-row fusion-row fusion-flex-align-items-flex-start fusion-flex-content-wrap\" style=\"max-width:1216.8px;margin-left: calc(-4% \/ 2 );margin-right: calc(-4% \/ 2 );\"><div class=\"fusion-layout-column fusion_builder_column fusion-builder-column-0 fusion_builder_column_1_1 1_1 fusion-flex-column\" style=\"--awb-bg-size:cover;--awb-width-large:100%;--awb-margin-top-large:0px;--awb-spacing-right-large:1.92%;--awb-margin-bottom-large:20px;--awb-spacing-left-large:1.92%;--awb-width-medium:100%;--awb-order-medium:0;--awb-spacing-right-medium:1.92%;--awb-spacing-left-medium:1.92%;--awb-width-small:100%;--awb-order-small:0;--awb-spacing-right-small:1.92%;--awb-spacing-left-small:1.92%;\"><div class=\"fusion-column-wrapper fusion-column-has-shadow fusion-flex-justify-content-flex-start fusion-content-layout-column\"><div class=\"fusion-title title fusion-title-1 fusion-title-center fusion-title-text fusion-title-size-one\" style=\"--awb-text-color:var(--awb-color1);--awb-margin-top-small:0px;--awb-margin-right-small:0px;--awb-margin-bottom-small:20px;--awb-margin-left-small:0px;--awb-font-size:40px;\"><div class=\"title-sep-container title-sep-container-left\"><div class=\"title-sep sep- sep-solid\" style=\"border-color:var(--awb-color3);\"><\/div><\/div><span class=\"awb-title-spacer\"><\/span><h1 class=\"fusion-title-heading title-heading-center\" style=\"margin:0;text-transform:none;font-size:1em;\">PIP-CODTA: Par\u00e1metros de Intervenci\u00f3n Profesional<\/h1><span class=\"awb-title-spacer\"><\/span><div class=\"title-sep-container title-sep-container-right\"><div class=\"title-sep sep- sep-solid\" style=\"border-color:var(--awb-color3);\"><\/div><\/div><\/div><\/div><\/div><\/div><\/div><div class=\"fusion-fullwidth fullwidth-box fusion-builder-row-2 fusion-flex-container nonhundred-percent-fullwidth non-hundred-percent-height-scrolling\" style=\"--awb-background-position:left top;--awb-border-sizes-top:0px;--awb-border-sizes-bottom:0px;--awb-border-sizes-left:0px;--awb-border-sizes-right:0px;--awb-border-radius-top-left:0px;--awb-border-radius-top-right:0px;--awb-border-radius-bottom-right:0px;--awb-border-radius-bottom-left:0px;--awb-padding-top:10px;--awb-padding-bottom:0px;--awb-padding-top-medium:72px;--awb-padding-bottom-medium:60px;--awb-padding-bottom-small:48px;--awb-flex-wrap:wrap;\" ><div class=\"fusion-builder-row fusion-row fusion-flex-align-items-flex-start fusion-flex-content-wrap\" style=\"max-width:1216.8px;margin-left: calc(-4% \/ 2 );margin-right: calc(-4% \/ 2 );\"><div class=\"fusion-layout-column fusion_builder_column fusion-builder-column-1 fusion_builder_column_1_1 1_1 fusion-flex-column\" style=\"--awb-bg-size:cover;--awb-width-large:100%;--awb-margin-top-large:0px;--awb-spacing-right-large:1.92%;--awb-margin-bottom-large:20px;--awb-spacing-left-large:1.92%;--awb-width-medium:100%;--awb-order-medium:0;--awb-spacing-right-medium:1.92%;--awb-spacing-left-medium:1.92%;--awb-width-small:100%;--awb-order-small:0;--awb-spacing-right-small:1.92%;--awb-spacing-left-small:1.92%;\"><div class=\"fusion-column-wrapper fusion-column-has-shadow fusion-flex-justify-content-flex-start fusion-content-layout-column\"><nav class=\"fusion-breadcrumbs fusion-breadcrumbs-1\" style=\"--awb-breadcrumb-sep:&#039;\/&#039;;\" aria-label=\"Breadcrumb\"><ol class=\"awb-breadcrumb-list\"><li class=\"fusion-breadcrumb-item awb-breadcrumb-sep awb-home\" ><a href=\"https:\/\/www.codta.org\" class=\"fusion-breadcrumb-link\"><span >Inicio<\/span><\/a><\/li><\/ol><\/nav><\/div><\/div><div class=\"fusion-layout-column fusion_builder_column fusion-builder-column-2 fusion_builder_column_1_1 1_1 fusion-flex-column\" style=\"--awb-bg-size:cover;--awb-width-large:100%;--awb-margin-top-large:0px;--awb-spacing-right-large:1.92%;--awb-margin-bottom-large:20px;--awb-spacing-left-large:1.92%;--awb-width-medium:100%;--awb-order-medium:0;--awb-spacing-right-medium:1.92%;--awb-spacing-left-medium:1.92%;--awb-width-small:100%;--awb-order-small:0;--awb-spacing-right-small:1.92%;--awb-spacing-left-small:1.92%;\"><div class=\"fusion-column-wrapper fusion-column-has-shadow fusion-flex-justify-content-flex-start fusion-content-layout-column\"><div class=\"fusion-title title fusion-title-2 fusion-title-text fusion-title-size-one\" style=\"--awb-text-color:var(--awb-color5);--awb-margin-top-small:0px;--awb-margin-right-small:0px;--awb-margin-bottom-small:20px;--awb-margin-left-small:0px;--awb-font-size:23px;\"><div class=\"title-sep-container title-sep-container-left fusion-no-large-visibility fusion-no-medium-visibility fusion-no-small-visibility\"><div class=\"title-sep sep- sep-solid\" style=\"border-color:var(--awb-color3);\"><\/div><\/div><span class=\"awb-title-spacer fusion-no-large-visibility fusion-no-medium-visibility fusion-no-small-visibility\"><\/span><h1 class=\"fusion-title-heading title-heading-left\" style=\"margin:0;text-transform:uppercase;font-size:1em;line-height:20px;\">PIP-CODTA. Par\u00e1metros para Intervenci\u00f3n en Trabajos Profesionales del codta<\/p>\n<\/p><\/h1><span class=\"awb-title-spacer\"><\/span><div class=\"title-sep-container title-sep-container-right\"><div class=\"title-sep sep- sep-solid\" style=\"border-color:var(--awb-color3);\"><\/div><\/div><\/div><div class=\"fusion-text fusion-text-1\"><p style=\"text-align: justify; color: var(--awb-color5);\">La Asamblea General del CODTA, en su sesi\u00f3n ordinaria celebrada el 23 de marzo de 2019, en su punto 10 del orden del d\u00eda, y vista propuesta de Junta de Gobierno, entre otros <b>acuerda<\/b>:<\/p>\n<p style=\"text-align: justify; color: var(--awb-color5);\"><b>Tercero.-<\/b> Aprobar los PIP-CODTA, Par\u00e1metros de Intervenci\u00f3n en Trabajos Profesionales del CODTA, y sus modificaciones.<\/p>\n<p style=\"text-align: justify; color: var(--awb-color5);\"><b>Cuarto.-<\/b> Ordenar su publicaci\u00f3n en el Portal de Transparencia del CODTA de la web corporativa para que todas las personas interesadas puedan conocer, con mayor transparencia, la gesti\u00f3n colegial, administrativa y jur\u00eddica corporativa del CODTA, en materia de normativa colegial.<\/p>\n<p style=\"text-align: justify; color: var(--awb-color5);\">Entra en vigor a los 20 d\u00edas de su aprobaci\u00f3n.<\/p>\n<p style=\"text-align: justify; color: var(--awb-color5);\">Granada, 26 de marzo de 2019.<\/p>\n<p style=\"text-align: justify; color: var(--awb-color5);\">Se han elaborado con la finalidad por una parte, de informar a las diferentes Administraciones, Organismos P\u00fablicos y a la ciudadan\u00eda en general, de las actividades profesionales de los Delineantes Proyectistas en el ejercicio liberal de su profesi\u00f3n y por otra parte, asesorar a nuestros miembros colegiados sobre la interpretaci\u00f3n y aplicaci\u00f3n de sus cualificaciones profesionales en el \u00e1mbito de la Comunidad Aut\u00f3noma de Andaluc\u00eda, donde recogemos de forma sistem\u00e1tica la normativa de aplicaci\u00f3n, criterios jur\u00eddicos y actuaciones profesionales.<\/p>\n<p style=\"text-align: justify; color: var(--awb-color5);\">Los PIP-CODTA, Par\u00e1metros para Intervenci\u00f3n en Trabajos Profesionales del CODTA, vienen a delimitar el conjunto de competencias profesionales de los Delineantes a modo indicativo, sin pretensi\u00f3n de exclusividad y sin constre\u00f1ir ni invadir, por tanto, las funciones de otros profesionales, con la sola pretensi\u00f3n de afirmar la concurrencia competencial para el ejercicio de ciertas tareas en la actividad profesional, limit\u00e1ndose a \u201c<i>ordenar la actividad profesional de sus colegiados<\/i>\u201d supliendo parte del vac\u00edo legal que existe por ausencia de normas regulatorias de la profesi\u00f3n, que concreten las atribuciones y facultades de los Delineantes Proyectistas.<\/p>\n<p style=\"text-align: justify; color: var(--awb-color5);\">El ANEXO. Par\u00e1metros para Intervenci\u00f3n en Trabajos Profesionales del CODTA, detalla las descripciones, tipolog\u00edas y ejemplos de aquellos Trabajos Profesionales que, por su titulaci\u00f3n y especialidad t\u00e9cnica, realizan los Delineantes en el \u00e1rea de especialidad profesional de construcci\u00f3n.<\/p>\n<p style=\"text-align: justify;\"><font color=\"rgba(0, 0, 0, 0)\"><a href=\"https:\/\/drive.google.com\/file\/d\/1lahUVQUNedJGKj-GtTEGHvlLK4KLrmF8\/view?usp=sharing\" target=\"_blank\" rel=\"noopener noreferrer\">Descargar -&gt; PIP-CODTA Par\u00e1metros para Intervenci\u00f3n en Trabajos Profesionales del CODTA<\/a><\/font><\/p>\n<\/div><\/div><\/div><\/div><\/div><div class=\"fusion-fullwidth fullwidth-box fusion-builder-row-3 fusion-flex-container has-pattern-background has-mask-background nonhundred-percent-fullwidth non-hundred-percent-height-scrolling\" style=\"--awb-border-radius-top-left:0px;--awb-border-radius-top-right:0px;--awb-border-radius-bottom-right:0px;--awb-border-radius-bottom-left:0px;--awb-padding-top:38px;--awb-padding-bottom:18px;--awb-margin-top:0px;--awb-background-color:#ffffff;--awb-flex-wrap:wrap;\" ><div class=\"fusion-builder-row fusion-row fusion-flex-align-items-flex-start fusion-flex-content-wrap\" style=\"max-width:1216.8px;margin-left: calc(-4% \/ 2 );margin-right: calc(-4% \/ 2 );\"><div class=\"fusion-layout-column fusion_builder_column fusion-builder-column-3 fusion_builder_column_1_1 1_1 fusion-flex-column\" style=\"--awb-bg-size:cover;--awb-width-large:100%;--awb-margin-top-large:0px;--awb-spacing-right-large:1.92%;--awb-margin-bottom-large:20px;--awb-spacing-left-large:1.92%;--awb-width-medium:100%;--awb-order-medium:0;--awb-spacing-right-medium:1.92%;--awb-spacing-left-medium:1.92%;--awb-width-small:100%;--awb-order-small:0;--awb-spacing-right-small:1.92%;--awb-spacing-left-small:1.92%;\"><div class=\"fusion-column-wrapper fusion-column-has-shadow fusion-flex-justify-content-flex-start fusion-content-layout-column\"><div class=\"fusion-title title fusion-title-3 fusion-title-text fusion-title-size-one\" style=\"--awb-text-color:var(--awb-color5);--awb-margin-top-small:0px;--awb-margin-right-small:0px;--awb-margin-bottom-small:20px;--awb-margin-left-small:0px;--awb-font-size:20px;\"><div class=\"title-sep-container title-sep-container-left fusion-no-large-visibility fusion-no-medium-visibility fusion-no-small-visibility\"><div class=\"title-sep sep- sep-solid\" style=\"border-color:var(--awb-color3);\"><\/div><\/div><span class=\"awb-title-spacer fusion-no-large-visibility fusion-no-medium-visibility fusion-no-small-visibility\"><\/span><h1 class=\"fusion-title-heading title-heading-left\" style=\"margin:0;text-transform:uppercase;font-size:1em;line-height:45px;\"><span style=\"font-size: 1em; background-color: rgba(0, 0, 0, 0);\">PIP Par\u00e1metros de Intervenci\u00f3n Profesional<\/span><br \/><\/h1><span class=\"awb-title-spacer\"><\/span><div class=\"title-sep-container title-sep-container-right\"><div class=\"title-sep sep- sep-solid\" style=\"border-color:var(--awb-color3);\"><\/div><\/div><\/div><div class=\"fusion-text fusion-text-2\" style=\"--awb-text-color:var(--awb-color5);--awb-margin-top:20px;\"><p style=\"text-align: justify;\">El Consejo General de los Colegios Profesionales de Delineantes, en el a\u00f1o 2008, aprob\u00f3 por unanimidad la publicaci\u00f3n de los PIP, Par\u00e1metros de Intervenci\u00f3n Profesional, con objeto de dar a conocer las caracter\u00edsticas de la profesi\u00f3n en su \u00e1mbito profesional y acad\u00e9mico y de divulgar las actividades que se consideraban propias, tomando como referente las competencias profesionales establecidas en los t\u00edtulos de la Formaci\u00f3n Profesional que vinculan con la profesi\u00f3n, conforme sus respectivas especialidades.<\/p>\n<p style=\"text-align: justify;\">La puesta en pr\u00e1ctica de los PIP, Par\u00e1metros de Intervenci\u00f3n Profesional, por parte de los Colegios de Delineantes a la hora de defender las competencias profesionales frente a las Administraciones, no siempre dieron los resultados deseados a pesar de su riguroso y detallado contenido. Es evidente que los efectos de los Par\u00e1metros de Intervenci\u00f3n Profesional, hubieran sido m\u00e1s eficaces, si las competencias profesionales de los delineantes estuviesen contempladas en una Norma Ministerial que reconociera las facultades y atribuciones profesionales, como sucede con el resto de las profesiones colegiadas y\/o reguladas (de forma expl\u00edcita).<\/p>\n<p style=\"text-align: justify;\">Ahora bien, la falta del reconocimiento expreso de las atribuciones de nuestros titulados por parte del Ministerio o Ministerios correspondientes, no significa, de modo alguno que \u00e9stas no existan, y por consiguiente, que no sea efectiva su aplicaci\u00f3n. Cosa distinta ser\u00eda, si, las atribuciones profesionales tuviesen car\u00e1cter de exclusividad, ya que en estos casos es imprescindible que su reconocimiento se realice mediante Norma con rango de Ley.<\/p>\n<p style=\"text-align: justify; \"><span style=\"\">As\u00ed Las SSTS, de 18 de noviembre de 1988 y 9 de marzo de 1989, manifiestan con car\u00e1cter general lo que sigue: &lt;&lt;<\/span><span style=\"color: var(--awb-color5);\"><i><span>en cada materia deben distinguirse aquellos supuestos en los que la propia naturaleza de las obras o instalaciones exige la intervenci\u00f3n exclusiva de un determinado t\u00e9cnico, de aqu\u00e9llos otros en que la competencia no est\u00e1 atribuida espec\u00edficamente a ninguna especialidad, siendo a este respecto constante la doctrina de esta Sala que ha rechazado el monopolio competencial a favor de una determinada profesi\u00f3n t\u00e9cnica predeterminada, manteniendo la necesidad abierta a la entrada de todo t\u00edtulo que ampare un nivel de conocimientos t\u00e9cnicos<\/span><\/i><\/span><span style=\"\">&gt;&gt;.<\/span><\/p>\n<p style=\"text-align: justify;\">JES\u00daS AR\u00daS FILLOLA<\/p>\n<p style=\"text-align: justify;\">Presidente del Consejo General de los Colegios Profesionales de Delineantes<\/p>\n<p><font color=\"rgba(0, 0, 0, 0)\"><a href=\"https:\/\/drive.google.com\/file\/d\/1zK68Szf6uOQqGUFIBcLSI-j4wnqAivWS\/view?usp=sharing\" target=\"_blank\" rel=\"noopener noreferrer\">Descargar -&gt; PIP Par\u00e1metros de Intervenci\u00f3n Profesional<\/a><\/font><\/p>\n<p><span style=\"color: var(--awb-custom_color_1);\"><a href=\"https:\/\/drive.google.com\/file\/d\/0BxdfxoearWqqZDhuWnc4MzJ5ZEk\/view?usp=sharing&amp;resourcekey=0-psp3SI_icD6xApJZ5TWdyg\" target=\"_blank\" rel=\"noopener noreferrer\">Descargar -&gt; APIP Par\u00e1metros de Intervenci\u00f3n Profesional. Actualizaci\u00f3n 2014.<\/a><\/span><\/p>\n<\/div><\/div><\/div><\/div><\/div><div class=\"fusion-fullwidth fullwidth-box fusion-builder-row-4 fusion-flex-container has-pattern-background has-mask-background nonhundred-percent-fullwidth non-hundred-percent-height-scrolling\" style=\"--awb-border-radius-top-left:0px;--awb-border-radius-top-right:0px;--awb-border-radius-bottom-right:0px;--awb-border-radius-bottom-left:0px;--awb-padding-top:19px;--awb-flex-wrap:wrap;\" ><div class=\"fusion-builder-row fusion-row fusion-flex-align-items-flex-start fusion-flex-content-wrap\" style=\"max-width:1216.8px;margin-left: calc(-4% \/ 2 );margin-right: calc(-4% \/ 2 );\"><div class=\"fusion-layout-column fusion_builder_column fusion-builder-column-4 fusion_builder_column_1_1 1_1 fusion-flex-column\" style=\"--awb-bg-size:cover;--awb-width-large:100%;--awb-margin-top-large:0px;--awb-spacing-right-large:1.92%;--awb-margin-bottom-large:20px;--awb-spacing-left-large:1.92%;--awb-width-medium:100%;--awb-order-medium:0;--awb-spacing-right-medium:1.92%;--awb-spacing-left-medium:1.92%;--awb-width-small:100%;--awb-order-small:0;--awb-spacing-right-small:1.92%;--awb-spacing-left-small:1.92%;\"><div class=\"fusion-column-wrapper fusion-column-has-shadow fusion-flex-justify-content-flex-start fusion-content-layout-column\"><div class=\"accordian fusion-accordian\" style=\"--awb-border-size:1px;--awb-icon-size:13px;--awb-content-font-size:var(--awb-typography3-font-size);--awb-icon-alignment:left;--awb-hover-color:hsla(var(--awb-color6-h),var(--awb-color6-s),calc( var(--awb-color6-l) + 58% ),var(--awb-color6-a));--awb-border-color:hsla(var(--awb-color6-h),var(--awb-color6-s),calc( var(--awb-color6-l) + 40% ),var(--awb-color6-a));--awb-background-color:var(--awb-color1);--awb-divider-color:var(--awb-color3);--awb-divider-hover-color:var(--awb-color3);--awb-icon-color:var(--awb-color1);--awb-title-color:var(--awb-color5);--awb-content-color:var(--awb-color6);--awb-icon-box-color:var(--awb-color7);--awb-toggle-hover-accent-color:var(--awb-color5);--awb-title-font-family:var(--awb-typography3-font-family);--awb-title-font-weight:var(--awb-typography3-font-weight);--awb-title-font-style:var(--awb-typography3-font-style);--awb-title-font-size:var(--awb-typography3-font-size);--awb-content-font-family:var(--awb-typography3-font-family);--awb-content-font-weight:var(--awb-typography3-font-weight);--awb-content-font-style:var(--awb-typography3-font-style);\"><div class=\"panel-group fusion-toggle-icon-boxed\" id=\"accordion-1589-1\"><div class=\"fusion-panel panel-default panel-8806ad834e62a3ba9 fusion-toggle-has-divider\"><div class=\"panel-heading\"><h4 class=\"panel-title toggle\" id=\"toggle_8806ad834e62a3ba9\"><a aria-expanded=\"false\" aria-controls=\"8806ad834e62a3ba9\" role=\"button\" data-toggle=\"collapse\" data-parent=\"#accordion-1589-1\" data-target=\"#8806ad834e62a3ba9\" href=\"#8806ad834e62a3ba9\"><span class=\"fusion-toggle-icon-wrapper\" aria-hidden=\"true\"><i class=\"fa-fusion-box active-icon awb-icon-minus\" aria-hidden=\"true\"><\/i><i class=\"fa-fusion-box inactive-icon fa-check fas\" aria-hidden=\"true\"><\/i><\/span><span class=\"fusion-toggle-heading\">Actividades Profesionales<\/span><\/a><\/h4><\/div><div id=\"8806ad834e62a3ba9\" class=\"panel-collapse collapse \" aria-labelledby=\"toggle_8806ad834e62a3ba9\"><div class=\"panel-body toggle-content fusion-clearfix\">\n<p style=\"text-align: justify; \"><span style=\"font-weight: normal;\"><span style=\"color: var(--awb-color5);\">Los PIP-CODTA, Par\u00e1metros para Intervenci\u00f3n en Trabajos Profesionales del CODTA, ordenan la actividad profesional que los Delineantes Proyectistas desempe\u00f1an, redactando y firmando Trabajos Profesionales con autonom\u00eda y responsabilidad jur\u00eddica plena, en el ejercicio de su profesi\u00f3n.<\/span><\/span><\/p>\n<p style=\"text-align: justify; \"><span style=\"color: var(--awb-color5);\">\u00c1rea de Construcci\u00f3n:<\/span><\/p>\n<ul>\n<li><span style=\"background-color: rgba(0, 0, 0, 0); font-weight: normal; color: var(--awb-color5);\">PE \u2013 PROYECTOS DE EDIFICACI\u00d3N<\/span><\/li>\n<li><span style=\"background-color: rgba(0, 0, 0, 0); font-weight: normal; color: var(--awb-color5);\">PO \u2013 PROYECTOS OBRA CIVIL.<\/span><\/li>\n<\/ul>\n<p style=\"text-align: justify; \"><span style=\"background-color: rgba(0, 0, 0, 0); color: var(--awb-color5);\">\u00c1rea de Industrial:<\/span><\/p>\n<ul>\n<li style=\"text-align: justify; \"><span style=\"font-weight: normal; color: var(--awb-color5);\">DF \u2013 DISE\u00d1O FABRICACI\u00d3N MEC\u00c1NICA.<\/span><\/li>\n<\/ul>\n<ul>\n<li style=\"text-align: justify; \"><span style=\"font-weight: normal; color: var(--awb-color5);\">IT \u2013 PROYECTOS DE INSTALACIONES DE FLU\u00cdDOS, T\u00c9RMICOS Y DE MANUTENCI\u00d3N.<\/span><\/li>\n<\/ul>\n<ul>\n<li style=\"text-align: justify; \"><span style=\"font-weight: normal; color: var(--awb-color5);\">CM \u2013 CONSTRUCCIONES MET\u00c1LICAS.<\/span><\/li>\n<\/ul>\n<p style=\"text-align: justify; \">\n<\/div><\/div><\/div><\/div><\/div><\/div><\/div><\/div><\/div><\/p>\n","protected":false},"excerpt":{"rendered":"","protected":false},"author":1,"featured_media":0,"parent":2372,"menu_order":0,"comment_status":"open","ping_status":"open","template":"100-width.php","meta":{"footnotes":""},"class_list":["post-1589","page","type-page","status-publish","hentry"],"_links":{"self":[{"href":"https:\/\/www.codta.org\/index.php\/wp-json\/wp\/v2\/pages\/1589","targetHints":{"allow":["GET"]}}],"collection":[{"href":"https:\/\/www.codta.org\/index.php\/wp-json\/wp\/v2\/pages"}],"about":[{"href":"https:\/\/www.codta.org\/index.php\/wp-json\/wp\/v2\/types\/page"}],"author":[{"embeddable":true,"href":"https:\/\/www.codta.org\/index.php\/wp-json\/wp\/v2\/users\/1"}],"replies":[{"embeddable":true,"href":"https:\/\/www.codta.org\/index.php\/wp-json\/wp\/v2\/comments?post=1589"}],"version-history":[{"count":24,"href":"https:\/\/www.codta.org\/index.php\/wp-json\/wp\/v2\/pages\/1589\/revisions"}],"predecessor-version":[{"id":2727,"href":"https:\/\/www.codta.org\/index.php\/wp-json\/wp\/v2\/pages\/1589\/revisions\/2727"}],"up":[{"embeddable":true,"href":"https:\/\/www.codta.org\/index.php\/wp-json\/wp\/v2\/pages\/2372"}],"wp:attachment":[{"href":"https:\/\/www.codta.org\/index.php\/wp-json\/wp\/v2\/media?parent=1589"}],"curies":[{"name":"wp","href":"https:\/\/api.w.org\/{rel}","templated":true}]}}