{"id":1536,"date":"2025-12-05T12:46:55","date_gmt":"2025-12-05T12:46:55","guid":{"rendered":"https:\/\/www.codta.org\/?page_id=1536"},"modified":"2026-04-10T23:51:43","modified_gmt":"2026-04-10T23:51:43","slug":"comision-de-recursos","status":"publish","type":"page","link":"https:\/\/www.codta.org\/index.php\/colegio\/organos-colegiados\/comision-de-recursos\/","title":{"rendered":"Comisi\u00f3n de Recursos"},"content":{"rendered":"<p><div class=\"fusion-fullwidth fullwidth-box fusion-builder-row-1 fusion-flex-container has-pattern-background has-mask-background nonhundred-percent-fullwidth non-hundred-percent-height-scrolling\" style=\"--awb-border-radius-top-left:0px;--awb-border-radius-top-right:0px;--awb-border-radius-bottom-right:0px;--awb-border-radius-bottom-left:0px;--awb-padding-top:10px;--awb-background-color:var(--awb-color5);--awb-flex-wrap:wrap;\" ><div class=\"fusion-builder-row fusion-row fusion-flex-align-items-flex-start fusion-flex-content-wrap\" style=\"max-width:1216.8px;margin-left: calc(-4% \/ 2 );margin-right: calc(-4% \/ 2 );\"><div class=\"fusion-layout-column fusion_builder_column fusion-builder-column-0 fusion_builder_column_1_1 1_1 fusion-flex-column\" style=\"--awb-bg-size:cover;--awb-width-large:100%;--awb-margin-top-large:0px;--awb-spacing-right-large:1.92%;--awb-margin-bottom-large:20px;--awb-spacing-left-large:1.92%;--awb-width-medium:100%;--awb-order-medium:0;--awb-spacing-right-medium:1.92%;--awb-spacing-left-medium:1.92%;--awb-width-small:100%;--awb-order-small:0;--awb-spacing-right-small:1.92%;--awb-spacing-left-small:1.92%;\"><div class=\"fusion-column-wrapper fusion-column-has-shadow fusion-flex-justify-content-flex-start fusion-content-layout-column\"><div class=\"fusion-title title fusion-title-1 fusion-title-center fusion-title-text fusion-title-size-one\" style=\"--awb-text-color:var(--awb-color1);--awb-margin-top-small:0px;--awb-margin-right-small:0px;--awb-margin-bottom-small:20px;--awb-margin-left-small:0px;--awb-font-size:40px;\"><div class=\"title-sep-container title-sep-container-left\"><div class=\"title-sep sep- sep-solid\" style=\"border-color:var(--awb-color3);\"><\/div><\/div><span class=\"awb-title-spacer\"><\/span><h1 class=\"fusion-title-heading title-heading-center\" style=\"margin:0;text-transform:none;font-size:1em;\">Comisi\u00f3n de Recursos<\/h1><span class=\"awb-title-spacer\"><\/span><div class=\"title-sep-container title-sep-container-right\"><div class=\"title-sep sep- sep-solid\" style=\"border-color:var(--awb-color3);\"><\/div><\/div><\/div><\/div><\/div><\/div><\/div><div class=\"fusion-fullwidth fullwidth-box fusion-builder-row-2 fusion-flex-container nonhundred-percent-fullwidth non-hundred-percent-height-scrolling\" style=\"--awb-background-position:left top;--awb-border-sizes-top:0px;--awb-border-sizes-bottom:0px;--awb-border-sizes-left:0px;--awb-border-sizes-right:0px;--awb-border-radius-top-left:0px;--awb-border-radius-top-right:0px;--awb-border-radius-bottom-right:0px;--awb-border-radius-bottom-left:0px;--awb-padding-top:40px;--awb-padding-bottom:40px;--awb-padding-top-medium:72px;--awb-padding-bottom-medium:62px;--awb-margin-bottom:0px;--awb-background-color:var(--awb-color2);--awb-flex-wrap:wrap;\" ><div class=\"fusion-builder-row fusion-row fusion-flex-align-items-flex-start fusion-flex-content-wrap\" style=\"max-width:calc( 1170px + 0px );margin-left: calc(-0px \/ 2 );margin-right: calc(-0px \/ 2 );\"><div class=\"fusion-layout-column fusion_builder_column fusion-builder-column-1 fusion_builder_column_1_1 1_1 fusion-flex-column\" style=\"--awb-bg-size:cover;--awb-width-large:100%;--awb-margin-top-large:0px;--awb-spacing-right-large:0px;--awb-margin-bottom-large:20px;--awb-spacing-left-large:0px;--awb-width-medium:100%;--awb-order-medium:0;--awb-spacing-right-medium:0px;--awb-spacing-left-medium:0px;--awb-width-small:100%;--awb-order-small:0;--awb-spacing-right-small:0px;--awb-spacing-left-small:0px;\"><div class=\"fusion-column-wrapper fusion-column-has-shadow fusion-flex-justify-content-flex-start fusion-content-layout-column\"><nav class=\"fusion-breadcrumbs fusion-breadcrumbs-1\" style=\"--awb-breadcrumb-sep:&#039;\/&#039;;\" aria-label=\"Breadcrumb\"><ol class=\"awb-breadcrumb-list\"><li class=\"fusion-breadcrumb-item awb-breadcrumb-sep awb-home\" ><a href=\"https:\/\/www.codta.org\" class=\"fusion-breadcrumb-link\"><span >Inicio<\/span><\/a><\/li><\/ol><\/nav><\/div><\/div><div class=\"fusion-layout-column fusion_builder_column fusion-builder-column-2 fusion_builder_column_1_1 1_1 fusion-flex-column\" style=\"--awb-bg-size:cover;--awb-width-large:100%;--awb-margin-top-large:0px;--awb-spacing-right-large:0px;--awb-margin-bottom-large:20px;--awb-spacing-left-large:0px;--awb-width-medium:100%;--awb-order-medium:0;--awb-spacing-right-medium:0px;--awb-spacing-left-medium:0px;--awb-width-small:100%;--awb-order-small:0;--awb-spacing-right-small:0px;--awb-spacing-left-small:0px;\"><div class=\"fusion-column-wrapper fusion-column-has-shadow fusion-flex-justify-content-flex-start fusion-content-layout-column\"><div class=\"fusion-text fusion-text-1\"><p style=\"text-align: justify; color: rgb(0, 67, 19);\"><span style=\"color: rgb(0, 67, 19);\">La <\/span><b style=\"color: rgb(0, 67, 19);\">COMISI\u00d3N DE RECURSOS<\/b><span style=\"color: rgb(0, 67, 19);\"> es un \u00f3rgano colegiado que no tiene la consideraci\u00f3n de \u00f3rgano de gobierno del Colegio, y que tiene encomendada la resoluci\u00f3n de los recursos que se interpongan contra los actos de los \u00f3rganos del CODTA y el ejercicio de la potestad disciplinaria sobre los miembros de la Junta de Gobierno.<\/span><\/p>\n<p style=\"text-align: justify; color: rgb(0, 67, 19);\">La Comisi\u00f3n de Recursos no estar\u00e1 sometida a instrucciones jer\u00e1rquicas de la Junta de Gobierno del CODTA, ni de la Asamblea General del mismo, actuando conforme a los principios, garant\u00edas, plazos y procedimiento previstos en la Ley 30\/1992, de 26 de noviembre, de R\u00e9gimen Jur\u00eddico de las Administraciones P\u00fablicas y del Procedimiento Administrativo Com\u00fan.<\/p>\n<\/div><div class=\"accordian fusion-accordian\" style=\"--awb-border-size:1px;--awb-icon-size:13px;--awb-content-font-size:var(--awb-typography3-font-size);--awb-icon-alignment:left;--awb-hover-color:hsla(var(--awb-color6-h),var(--awb-color6-s),calc( var(--awb-color6-l) + 58% ),var(--awb-color6-a));--awb-border-color:hsla(var(--awb-color6-h),var(--awb-color6-s),calc( var(--awb-color6-l) + 40% ),var(--awb-color6-a));--awb-background-color:var(--awb-color1);--awb-divider-color:var(--awb-color3);--awb-divider-hover-color:var(--awb-color3);--awb-icon-color:var(--awb-color1);--awb-title-color:var(--awb-color5);--awb-content-color:var(--awb-color6);--awb-icon-box-color:var(--awb-color7);--awb-toggle-hover-accent-color:var(--awb-color5);--awb-title-font-family:var(--awb-typography3-font-family);--awb-title-font-weight:var(--awb-typography3-font-weight);--awb-title-font-style:var(--awb-typography3-font-style);--awb-title-font-size:var(--awb-typography3-font-size);--awb-content-font-family:var(--awb-typography3-font-family);--awb-content-font-weight:var(--awb-typography3-font-weight);--awb-content-font-style:var(--awb-typography3-font-style);\"><div class=\"panel-group fusion-toggle-icon-boxed\" id=\"accordion-1536-1\"><div class=\"fusion-panel panel-default panel-eaf9974528e1f4387 fusion-toggle-has-divider\"><div class=\"panel-heading\"><h4 class=\"panel-title toggle\" id=\"toggle_eaf9974528e1f4387\"><a aria-expanded=\"false\" aria-controls=\"eaf9974528e1f4387\" role=\"button\" data-toggle=\"collapse\" data-parent=\"#accordion-1536-1\" data-target=\"#eaf9974528e1f4387\" href=\"#eaf9974528e1f4387\"><span class=\"fusion-toggle-icon-wrapper\" aria-hidden=\"true\"><i class=\"fa-fusion-box active-icon fa-address-card fas\" aria-hidden=\"true\"><\/i><i class=\"fa-fusion-box inactive-icon fa-check fas\" aria-hidden=\"true\"><\/i><\/span><span class=\"fusion-toggle-heading\">Competencias<\/span><\/a><\/h4><\/div><div id=\"eaf9974528e1f4387\" class=\"panel-collapse collapse \" aria-labelledby=\"toggle_eaf9974528e1f4387\"><div class=\"panel-body toggle-content fusion-clearfix\">\n<p style=\"text-align: justify; color: rgb(0, 67, 19);\"><span style=\"font-weight: normal; color: rgb(0, 67, 19);\">Corresponde a la Comisi\u00f3n de Recursos el conocimiento y la resoluci\u00f3n de los recursos de alzada interpuestos contra los actos y acuerdos de los \u00f3rganos de gobierno del CODTA, en la forma y plazos regulados por la Ley 30\/1992, de 26 de noviembre, de R\u00e9gimen Jur\u00eddico de las Administraciones P\u00fablicas y del Procedimiento Administrativo Com\u00fan.<\/span><\/p>\n<p style=\"text-align: justify; color: rgb(0, 67, 19);\"><span style=\"font-weight: normal; color: rgb(0, 67, 19);\">Cada recurso del que tenga conocimiento la Comisi\u00f3n de Recursos ser\u00e1 resuelto por la misma tras la preceptiva votaci\u00f3n, por mayor\u00eda simple de los votos emitidos por los tres miembros de la Comisi\u00f3n de Recursos.<\/span><\/p>\n<p style=\"text-align: justify; color: rgb(0, 67, 19);\"><span style=\"font-weight: normal; color: rgb(0, 67, 19);\">Igualmente corresponde a la Comisi\u00f3n de Recursos el ejercicio de la potestad disciplinaria sobre los miembros de la Junta de Gobierno del CODTA, en los t\u00e9rminos establecidos en los presentes Estatutos.<\/span><\/p>\n<\/div><\/div><\/div><\/div><\/div><\/div><\/div><\/div><\/div><div class=\"fusion-fullwidth fullwidth-box fusion-builder-row-3 fusion-flex-container has-pattern-background has-mask-background nonhundred-percent-fullwidth non-hundred-percent-height-scrolling\" style=\"--awb-border-radius-top-left:0px;--awb-border-radius-top-right:0px;--awb-border-radius-bottom-right:0px;--awb-border-radius-bottom-left:0px;--awb-flex-wrap:wrap;\" ><div class=\"fusion-builder-row fusion-row fusion-flex-align-items-flex-start fusion-flex-content-wrap\" style=\"max-width:1216.8px;margin-left: calc(-4% \/ 2 );margin-right: calc(-4% \/ 2 );\"><div class=\"fusion-layout-column fusion_builder_column fusion-builder-column-3 fusion_builder_column_1_3 1_3 fusion-flex-column fusion-flex-align-self-stretch\" style=\"--awb-padding-top:45px;--awb-padding-right:45px;--awb-padding-bottom:45px;--awb-padding-left:45px;--awb-bg-color:var(--awb-color1);--awb-bg-color-hover:var(--awb-color1);--awb-bg-size:cover;--awb-border-color:var(--awb-color3);--awb-border-top:1px;--awb-border-right:1px;--awb-border-bottom:1px;--awb-border-left:1px;--awb-border-style:solid;--awb-width-large:33.333333333333%;--awb-margin-top-large:0px;--awb-spacing-right-large:0px;--awb-margin-bottom-large:40px;--awb-spacing-left-large:5.76%;--awb-width-medium:33.333333333333%;--awb-spacing-right-medium:0px;--awb-spacing-left-medium:5.76%;--awb-width-small:100%;--awb-spacing-right-small:1.92%;--awb-spacing-left-small:1.92%;\"><div class=\"fusion-column-wrapper fusion-flex-justify-content-flex-start fusion-content-layout-column\"><div class=\"fusion-image-element \" style=\"text-align:center;--awb-caption-title-font-family:var(--h2_typography-font-family);--awb-caption-title-font-weight:var(--h2_typography-font-weight);--awb-caption-title-font-style:var(--h2_typography-font-style);--awb-caption-title-size:var(--h2_typography-font-size);--awb-caption-title-transform:var(--h2_typography-text-transform);--awb-caption-title-line-height:var(--h2_typography-line-height);--awb-caption-title-letter-spacing:var(--h2_typography-letter-spacing);\"><span class=\" fusion-imageframe imageframe-none imageframe-1 hover-type-zoomin\" style=\"border-radius:100px;\"><a href=\"https:\/\/www.codta.org\/wp-content\/uploads\/2025\/12\/01-Foto-Presidente_German-Fernandez-Marin2.jpg\" class=\"fusion-lightbox\" data-rel=\"iLightbox[ce31ff77a84c9ecbdec]\" data-title=\"01-Foto-Presidente_German-Fernandez-Marin2\" title=\"01-Foto-Presidente_German-Fernandez-Marin2\"><img decoding=\"async\" width=\"250\" height=\"185\" alt=\"International\" src=\"https:\/\/www.codta.org\/wp-content\/uploads\/2025\/12\/01-Foto-Presidente_German-Fernandez-Marin2.jpg\" data-orig-src=\"https:\/\/www.codta.org\/wp-content\/uploads\/2025\/12\/01-Foto-Presidente_German-Fernandez-Marin2.jpg\" class=\"lazyload img-responsive wp-image-1542\" srcset=\"data:image\/svg+xml,%3Csvg%20xmlns%3D%27http%3A%2F%2Fwww.w3.org%2F2000%2Fsvg%27%20width%3D%27250%27%20height%3D%27185%27%20viewBox%3D%270%200%20250%20185%27%3E%3Crect%20width%3D%27250%27%20height%3D%27185%27%20fill-opacity%3D%220%22%2F%3E%3C%2Fsvg%3E\" data-srcset=\"https:\/\/www.codta.org\/wp-content\/uploads\/2025\/12\/01-Foto-Presidente_German-Fernandez-Marin2-200x148.jpg 200w, https:\/\/www.codta.org\/wp-content\/uploads\/2025\/12\/01-Foto-Presidente_German-Fernandez-Marin2.jpg 250w\" data-sizes=\"auto\" data-orig-sizes=\"(max-width: 1024px) 100vw, (max-width: 850px) 100vw, 250px\" \/><\/a><\/span><\/div><div class=\"fusion-separator fusion-full-width-sep\" style=\"align-self: center;margin-left: auto;margin-right: auto;margin-top:10px;width:100%;\"><\/div><div class=\"fusion-title title fusion-title-2 fusion-title-center fusion-title-text fusion-title-size-three\" style=\"--awb-margin-top:20px;--awb-margin-bottom:20px;--awb-margin-top-small:20px;--awb-margin-right-small:0px;--awb-margin-bottom-small:20px;--awb-margin-left-small:0px;\"><div class=\"title-sep-container title-sep-container-left\"><div class=\"title-sep sep- sep-solid\" style=\"border-color:var(--awb-color3);\"><\/div><\/div><span class=\"awb-title-spacer\"><\/span><h3 class=\"fusion-title-heading title-heading-center\" style=\"margin:0;text-transform:uppercase;\">Germ\u00e1n Fern\u00e1ndez Mar\u00edn<\/h3><span class=\"awb-title-spacer\"><\/span><div class=\"title-sep-container title-sep-container-right\"><div class=\"title-sep sep- sep-solid\" style=\"border-color:var(--awb-color3);\"><\/div><\/div><\/div><div class=\"fusion-text fusion-text-2\"><p style=\"text-align: center;\">Presidente<br \/>\nVigencia del Cargo: 18\/07\/2026<br \/>\nColegiado N\u00ba: 1632 (Granada)<\/p>\n<\/div><\/div><\/div><div class=\"fusion-layout-column fusion_builder_column fusion-builder-column-4 fusion_builder_column_1_3 1_3 fusion-flex-column fusion-flex-align-self-stretch\" style=\"--awb-padding-top:45px;--awb-padding-right:45px;--awb-padding-bottom:45px;--awb-padding-left:45px;--awb-bg-color:var(--awb-color1);--awb-bg-color-hover:var(--awb-color1);--awb-bg-size:cover;--awb-border-color:var(--awb-color3);--awb-border-top:1px;--awb-border-right:1px;--awb-border-bottom:1px;--awb-border-left:1px;--awb-border-style:solid;--awb-width-large:33.333333333333%;--awb-margin-top-large:0px;--awb-spacing-right-large:0px;--awb-margin-bottom-large:40px;--awb-spacing-left-large:5.76%;--awb-width-medium:33.333333333333%;--awb-spacing-right-medium:0px;--awb-spacing-left-medium:5.76%;--awb-width-small:100%;--awb-spacing-right-small:1.92%;--awb-spacing-left-small:1.92%;\"><div class=\"fusion-column-wrapper fusion-flex-justify-content-flex-start fusion-content-layout-column\"><div class=\"fusion-image-element \" style=\"text-align:center;--awb-max-width:82%;--awb-caption-title-font-family:var(--h2_typography-font-family);--awb-caption-title-font-weight:var(--h2_typography-font-weight);--awb-caption-title-font-style:var(--h2_typography-font-style);--awb-caption-title-size:var(--h2_typography-font-size);--awb-caption-title-transform:var(--h2_typography-text-transform);--awb-caption-title-line-height:var(--h2_typography-line-height);--awb-caption-title-letter-spacing:var(--h2_typography-letter-spacing);\"><span class=\" fusion-imageframe imageframe-none imageframe-2 hover-type-zoomin\" style=\"border-radius:100px;\"><a href=\"https:\/\/www.codta.org\/wp-content\/uploads\/2025\/12\/02-Foto-Vicepresidente_Jose-Antonio-Bauzada-512x384-1-300x225.jpg\" class=\"fusion-lightbox\" data-rel=\"iLightbox[6eeef9d9cbf7ebd0acb]\" data-title=\"02-Foto-Vicepresidente_Jose-Antonio-Bauzada-512&#215;384\" title=\"02-Foto-Vicepresidente_Jose-Antonio-Bauzada-512&#215;384\"><img decoding=\"async\" width=\"300\" height=\"225\" alt=\"International\" src=\"https:\/\/www.codta.org\/wp-content\/uploads\/2025\/12\/02-Foto-Vicepresidente_Jose-Antonio-Bauzada-512x384-1.jpg\" data-orig-src=\"https:\/\/www.codta.org\/wp-content\/uploads\/2025\/12\/02-Foto-Vicepresidente_Jose-Antonio-Bauzada-512x384-1-300x225.jpg\" class=\"lazyload img-responsive wp-image-1544\" srcset=\"data:image\/svg+xml,%3Csvg%20xmlns%3D%27http%3A%2F%2Fwww.w3.org%2F2000%2Fsvg%27%20width%3D%27512%27%20height%3D%27384%27%20viewBox%3D%270%200%20512%20384%27%3E%3Crect%20width%3D%27512%27%20height%3D%27384%27%20fill-opacity%3D%220%22%2F%3E%3C%2Fsvg%3E\" data-srcset=\"https:\/\/www.codta.org\/wp-content\/uploads\/2025\/12\/02-Foto-Vicepresidente_Jose-Antonio-Bauzada-512x384-1-200x150.jpg 200w, https:\/\/www.codta.org\/wp-content\/uploads\/2025\/12\/02-Foto-Vicepresidente_Jose-Antonio-Bauzada-512x384-1-400x300.jpg 400w, https:\/\/www.codta.org\/wp-content\/uploads\/2025\/12\/02-Foto-Vicepresidente_Jose-Antonio-Bauzada-512x384-1.jpg 512w\" data-sizes=\"auto\" data-orig-sizes=\"(max-width: 1024px) 100vw, (max-width: 850px) 100vw, 400px\" \/><\/a><\/span><\/div><div class=\"fusion-separator fusion-full-width-sep\" style=\"align-self: center;margin-left: auto;margin-right: auto;margin-top:10px;width:100%;\"><\/div><div class=\"fusion-title title fusion-title-3 fusion-title-center fusion-title-text fusion-title-size-three\" style=\"--awb-margin-top:20px;--awb-margin-bottom:20px;--awb-margin-top-small:20px;--awb-margin-right-small:0px;--awb-margin-bottom-small:20px;--awb-margin-left-small:0px;\"><div class=\"title-sep-container title-sep-container-left\"><div class=\"title-sep sep- sep-solid\" style=\"border-color:var(--awb-color3);\"><\/div><\/div><span class=\"awb-title-spacer\"><\/span><h3 class=\"fusion-title-heading title-heading-center\" style=\"margin:0;text-transform:uppercase;\">Jos\u00e9 Antonio Bauzada L\u00f3pez<\/h3><span class=\"awb-title-spacer\"><\/span><div class=\"title-sep-container title-sep-container-right\"><div class=\"title-sep sep- sep-solid\" style=\"border-color:var(--awb-color3);\"><\/div><\/div><\/div><div class=\"fusion-text fusion-text-3\"><p style=\"text-align: center;\">Vicepresidente<br \/>\nVigencia del Cargo: 18\/07\/2026<br \/>\nColegiado N\u00ba: 1548 (Sevilla)<\/p>\n<\/div><\/div><\/div><div class=\"fusion-layout-column fusion_builder_column fusion-builder-column-5 fusion_builder_column_1_3 1_3 fusion-flex-column fusion-flex-align-self-stretch\" style=\"--awb-padding-top:45px;--awb-padding-right:45px;--awb-padding-bottom:45px;--awb-padding-left:45px;--awb-bg-color:var(--awb-color1);--awb-bg-color-hover:var(--awb-color1);--awb-bg-size:cover;--awb-border-color:var(--awb-color3);--awb-border-top:1px;--awb-border-right:1px;--awb-border-bottom:1px;--awb-border-left:1px;--awb-border-style:solid;--awb-width-large:33.333333333333%;--awb-margin-top-large:0px;--awb-spacing-right-large:0px;--awb-margin-bottom-large:40px;--awb-spacing-left-large:5.76%;--awb-width-medium:33.333333333333%;--awb-spacing-right-medium:0px;--awb-spacing-left-medium:5.76%;--awb-width-small:100%;--awb-spacing-right-small:1.92%;--awb-spacing-left-small:1.92%;\"><div class=\"fusion-column-wrapper fusion-flex-justify-content-flex-start fusion-content-layout-column\"><div class=\"fusion-image-element \" style=\"text-align:center;--awb-max-width:82%;--awb-caption-title-font-family:var(--h2_typography-font-family);--awb-caption-title-font-weight:var(--h2_typography-font-weight);--awb-caption-title-font-style:var(--h2_typography-font-style);--awb-caption-title-size:var(--h2_typography-font-size);--awb-caption-title-transform:var(--h2_typography-text-transform);--awb-caption-title-line-height:var(--h2_typography-line-height);--awb-caption-title-letter-spacing:var(--h2_typography-letter-spacing);\"><span class=\" fusion-imageframe imageframe-none imageframe-3 hover-type-zoomin\" style=\"border-radius:100px;\"><a href=\"https:\/\/www.codta.org\/wp-content\/uploads\/2025\/12\/03-Foto-Secretario_Salvador-Vazquez-Galvez2-512x380-1-300x223.jpeg\" class=\"fusion-lightbox\" data-rel=\"iLightbox[649a4d0485f2d0328eb]\" data-title=\"03-Foto-Secretario_Salvador-Vazquez-Galvez2-512&#215;380\" title=\"03-Foto-Secretario_Salvador-Vazquez-Galvez2-512&#215;380\"><img decoding=\"async\" width=\"300\" height=\"223\" alt=\"International\" src=\"https:\/\/www.codta.org\/wp-content\/uploads\/2025\/12\/03-Foto-Secretario_Salvador-Vazquez-Galvez2-512x380-1.jpeg\" data-orig-src=\"https:\/\/www.codta.org\/wp-content\/uploads\/2025\/12\/03-Foto-Secretario_Salvador-Vazquez-Galvez2-512x380-1-300x223.jpeg\" class=\"lazyload img-responsive wp-image-1546\" srcset=\"data:image\/svg+xml,%3Csvg%20xmlns%3D%27http%3A%2F%2Fwww.w3.org%2F2000%2Fsvg%27%20width%3D%27512%27%20height%3D%27380%27%20viewBox%3D%270%200%20512%20380%27%3E%3Crect%20width%3D%27512%27%20height%3D%27380%27%20fill-opacity%3D%220%22%2F%3E%3C%2Fsvg%3E\" data-srcset=\"https:\/\/www.codta.org\/wp-content\/uploads\/2025\/12\/03-Foto-Secretario_Salvador-Vazquez-Galvez2-512x380-1-200x148.jpeg 200w, https:\/\/www.codta.org\/wp-content\/uploads\/2025\/12\/03-Foto-Secretario_Salvador-Vazquez-Galvez2-512x380-1-400x297.jpeg 400w, https:\/\/www.codta.org\/wp-content\/uploads\/2025\/12\/03-Foto-Secretario_Salvador-Vazquez-Galvez2-512x380-1.jpeg 512w\" data-sizes=\"auto\" data-orig-sizes=\"(max-width: 1024px) 100vw, (max-width: 850px) 100vw, 400px\" \/><\/a><\/span><\/div><div class=\"fusion-separator fusion-full-width-sep\" style=\"align-self: center;margin-left: auto;margin-right: auto;margin-top:10px;width:100%;\"><\/div><div class=\"fusion-title title fusion-title-4 fusion-title-center fusion-title-text fusion-title-size-three\" style=\"--awb-margin-top:20px;--awb-margin-bottom:20px;--awb-margin-top-small:20px;--awb-margin-right-small:0px;--awb-margin-bottom-small:20px;--awb-margin-left-small:0px;\"><div class=\"title-sep-container title-sep-container-left\"><div class=\"title-sep sep- sep-solid\" style=\"border-color:var(--awb-color3);\"><\/div><\/div><span class=\"awb-title-spacer\"><\/span><h3 class=\"fusion-title-heading title-heading-center\" style=\"margin:0;text-transform:uppercase;\">Salvador V\u00e1zquez G\u00e1lvez<\/h3><span class=\"awb-title-spacer\"><\/span><div class=\"title-sep-container title-sep-container-right\"><div class=\"title-sep sep- sep-solid\" style=\"border-color:var(--awb-color3);\"><\/div><\/div><\/div><div class=\"fusion-text fusion-text-4\"><p style=\"text-align: center;\">Secretario<br \/>\nVigencia del Cargo: 18\/07\/2026<br \/>\nColegiado N\u00ba: 1932 (M\u00e1laga)<\/p>\n<\/div><\/div><\/div><\/div><\/div><\/p>\n","protected":false},"excerpt":{"rendered":"","protected":false},"author":1,"featured_media":0,"parent":2362,"menu_order":0,"comment_status":"open","ping_status":"open","template":"100-width.php","meta":{"footnotes":""},"class_list":["post-1536","page","type-page","status-publish","hentry"],"_links":{"self":[{"href":"https:\/\/www.codta.org\/index.php\/wp-json\/wp\/v2\/pages\/1536","targetHints":{"allow":["GET"]}}],"collection":[{"href":"https:\/\/www.codta.org\/index.php\/wp-json\/wp\/v2\/pages"}],"about":[{"href":"https:\/\/www.codta.org\/index.php\/wp-json\/wp\/v2\/types\/page"}],"author":[{"embeddable":true,"href":"https:\/\/www.codta.org\/index.php\/wp-json\/wp\/v2\/users\/1"}],"replies":[{"embeddable":true,"href":"https:\/\/www.codta.org\/index.php\/wp-json\/wp\/v2\/comments?post=1536"}],"version-history":[{"count":21,"href":"https:\/\/www.codta.org\/index.php\/wp-json\/wp\/v2\/pages\/1536\/revisions"}],"predecessor-version":[{"id":2534,"href":"https:\/\/www.codta.org\/index.php\/wp-json\/wp\/v2\/pages\/1536\/revisions\/2534"}],"up":[{"embeddable":true,"href":"https:\/\/www.codta.org\/index.php\/wp-json\/wp\/v2\/pages\/2362"}],"wp:attachment":[{"href":"https:\/\/www.codta.org\/index.php\/wp-json\/wp\/v2\/media?parent=1536"}],"curies":[{"name":"wp","href":"https:\/\/api.w.org\/{rel}","templated":true}]}}