{"id":1518,"date":"2025-12-05T12:16:05","date_gmt":"2025-12-05T12:16:05","guid":{"rendered":"https:\/\/www.codta.org\/?page_id=1518"},"modified":"2026-04-10T23:30:02","modified_gmt":"2026-04-10T23:30:02","slug":"asamblea-general","status":"publish","type":"page","link":"https:\/\/www.codta.org\/index.php\/colegio\/organos-colegiados\/asamblea-general\/","title":{"rendered":"Asamblea General"},"content":{"rendered":"<p><div class=\"fusion-fullwidth fullwidth-box fusion-builder-row-1 fusion-flex-container has-pattern-background has-mask-background nonhundred-percent-fullwidth non-hundred-percent-height-scrolling\" style=\"--awb-border-radius-top-left:0px;--awb-border-radius-top-right:0px;--awb-border-radius-bottom-right:0px;--awb-border-radius-bottom-left:0px;--awb-padding-top:10px;--awb-padding-bottom:3px;--awb-margin-top:0px;--awb-margin-bottom:0px;--awb-background-color:var(--awb-color5);--awb-flex-wrap:wrap;\" ><div class=\"fusion-builder-row fusion-row fusion-flex-align-items-flex-start fusion-flex-content-wrap\" style=\"max-width:1216.8px;margin-left: calc(-4% \/ 2 );margin-right: calc(-4% \/ 2 );\"><div class=\"fusion-layout-column fusion_builder_column fusion-builder-column-0 fusion_builder_column_1_1 1_1 fusion-flex-column\" style=\"--awb-bg-size:cover;--awb-width-large:100%;--awb-margin-top-large:0px;--awb-spacing-right-large:1.92%;--awb-margin-bottom-large:20px;--awb-spacing-left-large:1.92%;--awb-width-medium:100%;--awb-order-medium:0;--awb-spacing-right-medium:1.92%;--awb-spacing-left-medium:1.92%;--awb-width-small:100%;--awb-order-small:0;--awb-spacing-right-small:1.92%;--awb-spacing-left-small:1.92%;\"><div class=\"fusion-column-wrapper fusion-column-has-shadow fusion-flex-justify-content-flex-start fusion-content-layout-column\"><div class=\"fusion-title title fusion-title-1 fusion-title-center fusion-title-text fusion-title-size-one\" style=\"--awb-text-color:var(--awb-color1);--awb-margin-top-small:0px;--awb-margin-right-small:0px;--awb-margin-bottom-small:20px;--awb-margin-left-small:0px;--awb-font-size:40px;\"><div class=\"title-sep-container title-sep-container-left\"><div class=\"title-sep sep- sep-solid\" style=\"border-color:var(--awb-color3);\"><\/div><\/div><span class=\"awb-title-spacer\"><\/span><h1 class=\"fusion-title-heading title-heading-center\" style=\"margin:0;text-transform:none;font-size:1em;\">Asamblea General<\/h1><span class=\"awb-title-spacer\"><\/span><div class=\"title-sep-container title-sep-container-right\"><div class=\"title-sep sep- sep-solid\" style=\"border-color:var(--awb-color3);\"><\/div><\/div><\/div><\/div><\/div><\/div><\/div><div class=\"fusion-fullwidth fullwidth-box fusion-builder-row-2 fusion-flex-container nonhundred-percent-fullwidth non-hundred-percent-height-scrolling\" style=\"--awb-background-position:left top;--awb-border-sizes-top:0px;--awb-border-sizes-bottom:0px;--awb-border-sizes-left:0px;--awb-border-sizes-right:0px;--awb-border-radius-top-left:0px;--awb-border-radius-top-right:0px;--awb-border-radius-bottom-right:0px;--awb-border-radius-bottom-left:0px;--awb-padding-top:17px;--awb-padding-bottom:80px;--awb-padding-top-medium:72px;--awb-padding-bottom-medium:60px;--awb-padding-bottom-small:48px;--awb-margin-top:0px;--awb-flex-wrap:wrap;\" ><div class=\"fusion-builder-row fusion-row fusion-flex-align-items-flex-start fusion-flex-content-wrap\" style=\"max-width:1216.8px;margin-left: calc(-4% \/ 2 );margin-right: calc(-4% \/ 2 );\"><div class=\"fusion-layout-column fusion_builder_column fusion-builder-column-1 fusion_builder_column_1_1 1_1 fusion-flex-column\" style=\"--awb-bg-size:cover;--awb-width-large:100%;--awb-margin-top-large:0px;--awb-spacing-right-large:1.92%;--awb-margin-bottom-large:20px;--awb-spacing-left-large:1.92%;--awb-width-medium:100%;--awb-order-medium:0;--awb-spacing-right-medium:1.92%;--awb-spacing-left-medium:1.92%;--awb-width-small:100%;--awb-order-small:0;--awb-spacing-right-small:1.92%;--awb-spacing-left-small:1.92%;\"><div class=\"fusion-column-wrapper fusion-column-has-shadow fusion-flex-justify-content-flex-start fusion-content-layout-column\"><nav class=\"fusion-breadcrumbs fusion-breadcrumbs-1\" style=\"--awb-breadcrumb-sep:&#039;\/&#039;;\" aria-label=\"Breadcrumb\"><ol class=\"awb-breadcrumb-list\"><li class=\"fusion-breadcrumb-item awb-breadcrumb-sep awb-home\" ><a href=\"https:\/\/www.codta.org\" class=\"fusion-breadcrumb-link\"><span >Inicio<\/span><\/a><\/li><\/ol><\/nav><\/div><\/div><div class=\"fusion-layout-column fusion_builder_column fusion-builder-column-2 fusion_builder_column_1_1 1_1 fusion-flex-column fusion-flex-align-self-flex-start fusion-column-no-min-height\" style=\"--awb-bg-blend:overlay;--awb-bg-size:cover;--awb-width-large:100%;--awb-margin-top-large:0px;--awb-spacing-right-large:1.92%;--awb-margin-bottom-large:0px;--awb-spacing-left-large:1.92%;--awb-width-medium:100%;--awb-spacing-right-medium:1.92%;--awb-spacing-left-medium:1.92%;--awb-width-small:100%;--awb-spacing-right-small:1.92%;--awb-spacing-left-small:1.92%;\"><div class=\"fusion-column-wrapper fusion-flex-justify-content-flex-start fusion-content-layout-column\"><div class=\"fusion-text fusion-text-1\" style=\"--awb-text-color:var(--awb-color8);\"><p style=\"text-align: justify; color: rgb(0, 67, 19);\">\n<p style=\"text-align: justify;\"><span style=\"color: rgb(0, 67, 19); font-size: 14px; letter-spacing: normal;\" data-fusion-font=\"true\"><span style=\"color: rgb(0, 67, 19);\">Es el <\/span><b style=\"color: rgb(0, 67, 19);\">\u00f3rgano supremo<\/b><\/span><span style=\"color: rgb(0, 67, 19);\"><span style=\"color: rgb(0, 67, 19); font-size: 14px; letter-spacing: normal;\" data-fusion-font=\"true\"> del CODTA, por lo que sus acuerdos, v\u00e1lidamente adoptados, obligan a todas las personas colegiadas, incluidas las personas colegiadas que voten en contra de los mismos, se abstengan o se hallen ausentes.<\/span><br \/><\/span><\/p>\n<p><span style=\"color: rgb(0, 67, 19);\"><\/span><\/p>\n<p style=\"text-align: justify;\"><span style=\"background-color: rgba(0, 0, 0, 0); font-size: 14px; letter-spacing: normal;\" data-fusion-font=\"true\"><span style=\"color: rgb(0, 67, 19);\">Pueden participar en ella todas las personas colegiadas que est\u00e9n en pleno ejercicio de sus derechos colegiales.<\/span><br \/><\/span><\/p>\n<p><span style=\"background-color: rgba(0, 0, 0, 0); font-size: 14px; letter-spacing: normal; color: rgb(0, 67, 19);\" data-fusion-font=\"true\">Estar\u00e1 compuesta en cada sesi\u00f3n por el Decano-Presidente del Colegio, los miembros de la Junta de Gobierno y todas las personas colegiadas que est\u00e9n presentes o legalmente representadas.<\/span><\/p><\/p>\n<\/div><\/div><\/div><div class=\"fusion-layout-column fusion_builder_column fusion-builder-column-3 fusion_builder_column_1_1 1_1 fusion-flex-column\" style=\"--awb-bg-size:cover;--awb-width-large:100%;--awb-margin-top-large:0px;--awb-spacing-right-large:1.92%;--awb-margin-bottom-large:20px;--awb-spacing-left-large:1.92%;--awb-width-medium:100%;--awb-order-medium:0;--awb-spacing-right-medium:1.92%;--awb-spacing-left-medium:1.92%;--awb-width-small:100%;--awb-order-small:0;--awb-spacing-right-small:1.92%;--awb-spacing-left-small:1.92%;\"><div class=\"fusion-column-wrapper fusion-column-has-shadow fusion-flex-justify-content-flex-start fusion-content-layout-column\"><div class=\"accordian fusion-accordian\" style=\"--awb-border-size:1px;--awb-icon-size:13px;--awb-content-font-size:var(--awb-typography3-font-size);--awb-icon-alignment:left;--awb-hover-color:hsla(var(--awb-color6-h),var(--awb-color6-s),calc( var(--awb-color6-l) + 58% ),var(--awb-color6-a));--awb-border-color:hsla(var(--awb-color6-h),var(--awb-color6-s),calc( var(--awb-color6-l) + 40% ),var(--awb-color6-a));--awb-background-color:var(--awb-color1);--awb-divider-color:var(--awb-color3);--awb-divider-hover-color:var(--awb-color3);--awb-icon-color:var(--awb-color1);--awb-title-color:var(--awb-color5);--awb-content-color:var(--awb-color6);--awb-icon-box-color:var(--awb-color7);--awb-toggle-hover-accent-color:var(--awb-color5);--awb-title-font-family:var(--awb-typography3-font-family);--awb-title-font-weight:var(--awb-typography3-font-weight);--awb-title-font-style:var(--awb-typography3-font-style);--awb-title-font-size:var(--awb-typography3-font-size);--awb-content-font-family:var(--awb-typography3-font-family);--awb-content-font-weight:var(--awb-typography3-font-weight);--awb-content-font-style:var(--awb-typography3-font-style);\"><div class=\"panel-group fusion-toggle-icon-boxed\" id=\"accordion-1518-1\"><div class=\"fusion-panel panel-default panel-69b797b16d1b03ef5 fusion-toggle-has-divider\"><div class=\"panel-heading\"><h4 class=\"panel-title toggle\" id=\"toggle_69b797b16d1b03ef5\"><a aria-expanded=\"false\" aria-controls=\"69b797b16d1b03ef5\" role=\"button\" data-toggle=\"collapse\" data-parent=\"#accordion-1518-1\" data-target=\"#69b797b16d1b03ef5\" href=\"#69b797b16d1b03ef5\"><span class=\"fusion-toggle-icon-wrapper\" aria-hidden=\"true\"><i class=\"fa-fusion-box active-icon awb-icon-minus\" aria-hidden=\"true\"><\/i><i class=\"fa-fusion-box inactive-icon fa-check fas\" aria-hidden=\"true\"><\/i><\/span><span class=\"fusion-toggle-heading\">Tipos de asambleas y convocatoria<\/span><\/a><\/h4><\/div><div id=\"69b797b16d1b03ef5\" class=\"panel-collapse collapse \" aria-labelledby=\"toggle_69b797b16d1b03ef5\"><div class=\"panel-body toggle-content fusion-clearfix\">\n<p style=\"text-align: justify;\">\n<p><span style=\"font-weight: 400; color: rgb(0, 67, 19); font-family: 'Open Sans'; letter-spacing: normal;\" data-fusion-font=\"true\" data-fusion-google-font=\"Open Sans\" data-fusion-google-variant=\"400\">Las Asambleas, que podr\u00e1n ser <\/span><span style=\"color: rgb(0, 67, 19); font-family: 'Open Sans'; letter-spacing: normal;\" data-fusion-font=\"true\" data-fusion-google-font=\"Open Sans\" data-fusion-google-variant=\"400\">Ordinarias o Extraordinarias<\/span><span style=\"color: rgb(0, 67, 19); font-family: 'Open Sans'; letter-spacing: normal;\" data-fusion-font=\"true\" data-fusion-google-font=\"Open Sans\" data-fusion-google-variant=\"300\"><span style=\"font-weight: 400; font-family: 'Open Sans';\" data-fusion-font=\"true\" data-fusion-google-font=\"Open Sans\" data-fusion-google-variant=\"400\">, ser\u00e1n convocadas por el Decano-Presidente, previa notificaci\u00f3n personal por escrito a cada persona colegiada, en la que se indicar\u00e1 el lugar, el d\u00eda y la hora de su celebraci\u00f3n, tanto en primera como en segunda convocatoria, junto con el correspondiente orden del d\u00eda, lo cual deber\u00e1 cursarse, al menos, con una semana de antelaci\u00f3n.<\/span><br \/><\/span><\/p>\n<p><span style=\"color: rgb(0, 67, 19); font-family: 'Open Sans'; letter-spacing: normal; font-weight: 400;\" data-fusion-font=\"true\" data-fusion-google-font=\"Open Sans\" data-fusion-google-variant=\"400\">Se celebrar\u00e1, al menos, <\/span><span style=\"color: rgb(0, 67, 19); font-family: 'Open Sans'; letter-spacing: normal;\" data-fusion-font=\"true\" data-fusion-google-font=\"Open Sans\" data-fusion-google-variant=\"400\">una Asamblea Ordinaria al a\u00f1o<\/span><span style=\"color: rgb(0, 67, 19); font-family: 'Open Sans'; letter-spacing: normal; font-weight: normal;\" data-fusion-font=\"true\" data-fusion-google-font=\"Open Sans\" data-fusion-google-variant=\"300\"><span data-fusion-font=\"true\" data-fusion-google-font=\"Open Sans\" data-fusion-google-variant=\"400\" style=\"font-family: 'Open Sans'; font-weight: 400;\">, dentro del primer trimestre natural para la aprobaci\u00f3n de las cuentas anuales y memoria de gesti\u00f3n.<\/span><br \/><\/span><span style=\"color: rgb(0, 67, 19); font-family: 'Open Sans'; font-weight: normal;\" data-fusion-font=\"true\" data-fusion-google-font=\"Open Sans\" data-fusion-google-variant=\"300\"><span data-fusion-font=\"true\" data-fusion-google-font=\"Open Sans\" data-fusion-google-variant=\"400\" style=\"font-family: 'Open Sans'; font-weight: 400;\">Las Asambleas Extraordinarias se celebrar\u00e1n, previa convocatoria del Decano-Presidente, bien por propia iniciativa, bien por acuerdo de la Junta de Gobierno del Colegio, o cuando as\u00ed lo solicite al menos el diez por ciento del total de las personas colegiadas seg\u00fan el censo oficial, debiendo formular escrito motivado y firmado en el que consten los asuntos a tratar.<\/span><br \/><\/span><span style=\"color: rgb(0, 67, 19); font-family: 'Open Sans'; letter-spacing: normal; font-weight: 400;\" data-fusion-font=\"true\" data-fusion-google-font=\"Open Sans\" data-fusion-google-variant=\"400\">La convocatoria deber\u00e1 ser notificada por escrito a todas las personas colegiadas con, al menos, <\/span><span style=\"color: rgb(0, 67, 19); font-family: 'Open Sans'; letter-spacing: normal;\" data-fusion-font=\"true\" data-fusion-google-font=\"Open Sans\" data-fusion-google-variant=\"400\">diez d\u00edas de antelaci\u00f3n<\/span><span style=\"color: rgb(0, 67, 19); font-family: 'Open Sans'; letter-spacing: normal; font-weight: normal;\" data-fusion-font=\"true\" data-fusion-google-font=\"Open Sans\" data-fusion-google-variant=\"300\"><span data-fusion-font=\"true\" data-fusion-google-font=\"Open Sans\" data-fusion-google-variant=\"400\" style=\"font-family: 'Open Sans'; font-weight: 400;\">.<\/span><br \/><\/span><span style=\"color: rgb(0, 67, 19); font-family: 'Open Sans'; letter-spacing: normal; font-weight: 400;\" data-fusion-font=\"true\" data-fusion-google-font=\"Open Sans\" data-fusion-google-variant=\"400\">Todas las personas colegiadas tienen el derecho a asistir con voz y voto a las Asambleas Generales que se celebren, los <\/span><span style=\"color: rgb(0, 67, 19); font-family: 'Open Sans'; letter-spacing: normal;\" data-fusion-font=\"true\" data-fusion-google-font=\"Open Sans\" data-fusion-google-variant=\"400\">votos de las\/os colegiadas\/os ejercientes<\/span><span style=\"color: rgb(0, 67, 19); font-family: 'Open Sans'; letter-spacing: normal; font-weight: 400;\" data-fusion-font=\"true\" data-fusion-google-font=\"Open Sans\" data-fusion-google-variant=\"400\"> se computar\u00e1n <\/span><span style=\"color: rgb(0, 67, 19); font-family: 'Open Sans'; letter-spacing: normal;\" data-fusion-font=\"true\" data-fusion-google-font=\"Open Sans\" data-fusion-google-variant=\"400\">dobles<\/span><span style=\"color: rgb(0, 67, 19); font-family: 'Open Sans'; letter-spacing: normal; font-weight: 400;\" data-fusion-font=\"true\" data-fusion-google-font=\"Open Sans\" data-fusion-google-variant=\"400\"> al de las\/os colegiadas\/os no ejercientes, admiti\u00e9ndose la asistencia y voto por delegaci\u00f3n o representaci\u00f3n, que recaer\u00e1 siempre en otra\/o colegiada\/o, mediante autorizaci\u00f3n escrita y para cada Asamblea, por lo que s\u00f3lo ser\u00e1n v\u00e1lidas las autorizaciones entregadas al Secretario antes de dar comienzo la Asamblea.<\/span><\/p>\n<\/p>\n<\/div><\/div><\/div><\/div><\/div><div class=\"accordian fusion-accordian\" style=\"--awb-border-size:1px;--awb-icon-size:13px;--awb-content-font-size:var(--awb-typography3-font-size);--awb-icon-alignment:left;--awb-hover-color:hsla(var(--awb-color6-h),var(--awb-color6-s),calc( var(--awb-color6-l) + 58% ),var(--awb-color6-a));--awb-border-color:hsla(var(--awb-color6-h),var(--awb-color6-s),calc( var(--awb-color6-l) + 40% ),var(--awb-color6-a));--awb-background-color:var(--awb-color1);--awb-divider-color:var(--awb-color3);--awb-divider-hover-color:var(--awb-color3);--awb-icon-color:var(--awb-color1);--awb-title-color:var(--awb-color5);--awb-content-color:var(--awb-color6);--awb-icon-box-color:var(--awb-color7);--awb-toggle-hover-accent-color:var(--awb-color5);--awb-title-font-family:var(--awb-typography3-font-family);--awb-title-font-weight:var(--awb-typography3-font-weight);--awb-title-font-style:var(--awb-typography3-font-style);--awb-title-font-size:var(--awb-typography3-font-size);--awb-content-font-family:var(--awb-typography3-font-family);--awb-content-font-weight:var(--awb-typography3-font-weight);--awb-content-font-style:var(--awb-typography3-font-style);\"><div class=\"panel-group fusion-toggle-icon-boxed\" id=\"accordion-1518-2\"><div class=\"fusion-panel panel-default panel-9daea41ad36412f46 fusion-toggle-has-divider\"><div class=\"panel-heading\"><h4 class=\"panel-title toggle\" id=\"toggle_9daea41ad36412f46\"><a aria-expanded=\"false\" aria-controls=\"9daea41ad36412f46\" role=\"button\" data-toggle=\"collapse\" data-parent=\"#accordion-1518-2\" data-target=\"#9daea41ad36412f46\" href=\"#9daea41ad36412f46\"><span class=\"fusion-toggle-icon-wrapper\" aria-hidden=\"true\"><i class=\"fa-fusion-box active-icon awb-icon-minus\" aria-hidden=\"true\"><\/i><i class=\"fa-fusion-box inactive-icon fa-check fas\" aria-hidden=\"true\"><\/i><\/span><span class=\"fusion-toggle-heading\">Competencias<\/span><\/a><\/h4><\/div><div id=\"9daea41ad36412f46\" class=\"panel-collapse collapse \" aria-labelledby=\"toggle_9daea41ad36412f46\"><div class=\"panel-body toggle-content fusion-clearfix\">\n<p style=\"text-align: justify; color: rgb(0, 67, 19); font-family: 'Open Sans';\" data-fusion-font=\"true\" data-fusion-google-font=\"Open Sans\" data-fusion-google-variant=\"300\"><span style=\"font-weight: normal; color: rgb(0, 67, 19);\">Corresponde a la Asamblea General las siguientes competencias:<\/span><\/p>\n<p style=\"text-align: justify;\"><span style=\"color: rgb(0, 67, 19); font-family: 'Open Sans';\" data-fusion-font=\"true\" data-fusion-google-font=\"Open Sans\" data-fusion-google-variant=\"300\">a)<span style=\"font-weight: normal;\"> Aprobar los Estatutos del CODTA, los reglamentos de r\u00e9gimen interior, las normas rectoras de organizaci\u00f3n y funcionamiento del Colegio y las normas deontol\u00f3gicas, as\u00ed como sus respectivas modificaciones.<\/span><\/span><\/p>\n<p style=\"text-align: justify;\"><span style=\"color: rgb(0, 67, 19); font-family: 'Open Sans';\" data-fusion-font=\"true\" data-fusion-google-font=\"Open Sans\" data-fusion-google-variant=\"300\">b)<span style=\"font-weight: normal;\"> Aprobar los presupuestos para el siguiente ejercicio y la cuenta de ingresos y gastos del ejercicio anterior.<\/span><\/span><\/p>\n<p style=\"text-align: justify;\"><span style=\"color: rgb(0, 67, 19); font-family: 'Open Sans';\" data-fusion-font=\"true\" data-fusion-google-font=\"Open Sans\" data-fusion-google-variant=\"300\">c)<span style=\"font-weight: normal;\"> Determinar las cuotas, cargas y aportaciones econ\u00f3micas que deba satisfacer cada personas colegiada.<\/span><\/span><\/p>\n<p style=\"text-align: justify;\"><span style=\"color: rgb(0, 67, 19); font-family: 'Open Sans';\" data-fusion-font=\"true\" data-fusion-google-font=\"Open Sans\" data-fusion-google-variant=\"300\">d)<span style=\"font-weight: normal;\"> Exigir responsabilidad al Decano-Presidente y al resto de las personas que componen la Junta de Gobierno, promoviendo, en su caso, la moci\u00f3n de censura contra los mismos.<\/span><\/span><\/p>\n<p style=\"text-align: justify; \"><span style=\"color: rgb(0, 67, 19); font-family: 'Open Sans';\" data-fusion-font=\"true\" data-fusion-google-font=\"Open Sans\" data-fusion-google-variant=\"300\">e)<span style=\"font-weight: normal;\"> Decidir sobre cuantos asuntos aparezcan en el orden del d\u00eda fijado por la Junta de Gobierno y sobre cualesquiera que afecten a la vida colegial, especialmente en lo relativo a la representaci\u00f3n, gesti\u00f3n y defensa de los intereses del Colegio y de sus colegiadas\/os.<\/span><\/span><\/p>\n<p style=\"text-align: justify;\"><span style=\"color: rgb(0, 67, 19); font-family: 'Open Sans';\" data-fusion-font=\"true\" data-fusion-google-font=\"Open Sans\" data-fusion-google-variant=\"300\">f)<span style=\"font-weight: normal;\"> Acordar la fusi\u00f3n, segregaci\u00f3n, disoluci\u00f3n y liquidaci\u00f3n del CODTA, a trav\u00e9s de los procedimientos establecidos en estos Estatutos.<\/span><\/span><\/p>\n<p style=\"text-align: justify;\"><span style=\"color: rgb(0, 67, 19); font-family: 'Open Sans';\" data-fusion-font=\"true\" data-fusion-google-font=\"Open Sans\" data-fusion-google-variant=\"300\">g)<span style=\"font-weight: normal;\"> Establecer las l\u00edneas generales de actuaci\u00f3n del Colegio con las Administraciones P\u00fablicas en el \u00e1mbito de la Comunidad Aut\u00f3noma de Andaluc\u00eda y en el \u00e1mbito estatal.<\/span><\/span><\/p>\n<p style=\"text-align: justify;\"><span style=\"color: rgb(0, 67, 19); font-family: 'Open Sans';\" data-fusion-font=\"true\" data-fusion-google-font=\"Open Sans\" data-fusion-google-variant=\"300\">h)<span style=\"font-weight: normal;\"> La elecci\u00f3n del Decano-Presidente y de los dem\u00e1s personas que integran la Junta de Gobierno del CODTA. Cuando, por cualquier causa, la totalidad de las personas que componen la Junta de Gobierno del Colegio queden vacantes, la Asamblea General designar\u00e1 una Junta Provisional que convocar\u00e1, en el plazo de treinta d\u00edas, elecciones para la provisi\u00f3n de los cargos vacantes.<\/span><\/span><\/p>\n<p style=\"text-align: justify;\"><span style=\"color: rgb(0, 67, 19); font-family: 'Open Sans';\" data-fusion-font=\"true\" data-fusion-google-font=\"Open Sans\" data-fusion-google-variant=\"300\">i)<span style=\"font-weight: normal;\"> Conocer en todo momento la gesti\u00f3n de la Junta de Gobierno.<\/span><\/span><\/p>\n<p style=\"text-align: justify;\"><span style=\"color: rgb(0, 67, 19); font-family: 'Open Sans';\" data-fusion-font=\"true\" data-fusion-google-font=\"Open Sans\" data-fusion-google-variant=\"300\">j)<span style=\"font-weight: normal;\"> Aprobar los programas y planes de actuaci\u00f3n.<\/span><\/span><\/p>\n<\/div><\/div><\/div><\/div><\/div><\/div><\/div><\/div><\/div><\/p>\n","protected":false},"excerpt":{"rendered":"","protected":false},"author":1,"featured_media":0,"parent":2362,"menu_order":0,"comment_status":"open","ping_status":"open","template":"100-width.php","meta":{"footnotes":""},"class_list":["post-1518","page","type-page","status-publish","hentry"],"_links":{"self":[{"href":"https:\/\/www.codta.org\/index.php\/wp-json\/wp\/v2\/pages\/1518","targetHints":{"allow":["GET"]}}],"collection":[{"href":"https:\/\/www.codta.org\/index.php\/wp-json\/wp\/v2\/pages"}],"about":[{"href":"https:\/\/www.codta.org\/index.php\/wp-json\/wp\/v2\/types\/page"}],"author":[{"embeddable":true,"href":"https:\/\/www.codta.org\/index.php\/wp-json\/wp\/v2\/users\/1"}],"replies":[{"embeddable":true,"href":"https:\/\/www.codta.org\/index.php\/wp-json\/wp\/v2\/comments?post=1518"}],"version-history":[{"count":19,"href":"https:\/\/www.codta.org\/index.php\/wp-json\/wp\/v2\/pages\/1518\/revisions"}],"predecessor-version":[{"id":2527,"href":"https:\/\/www.codta.org\/index.php\/wp-json\/wp\/v2\/pages\/1518\/revisions\/2527"}],"up":[{"embeddable":true,"href":"https:\/\/www.codta.org\/index.php\/wp-json\/wp\/v2\/pages\/2362"}],"wp:attachment":[{"href":"https:\/\/www.codta.org\/index.php\/wp-json\/wp\/v2\/media?parent=1518"}],"curies":[{"name":"wp","href":"https:\/\/api.w.org\/{rel}","templated":true}]}}